{"id":17807,"date":"2022-10-21T14:08:11","date_gmt":"2022-10-21T14:08:11","guid":{"rendered":"http:\/\/tofikolo.pl\/?page_id=17807"},"modified":"2025-09-03T17:59:54","modified_gmt":"2025-09-03T15:59:54","slug":"about-us","status":"publish","type":"page","link":"https:\/\/tofikolo.pl\/en\/about-us\/","title":{"rendered":"O nas"},"content":{"rendered":"<div data-elementor-type=\"wp-page\" data-elementor-id=\"17807\" class=\"elementor elementor-17807\">\n\t\t\t\t\t\t<section class=\"elementor-section elementor-top-section elementor-element elementor-element-0a3f423 elementor-section-boxed elementor-section-height-default elementor-section-height-default wpr-particle-no wpr-jarallax-no wpr-parallax-no wpr-sticky-section-no sc_fly_static\" data-id=\"0a3f423\" data-element_type=\"section\">\n\t\t\t\t\t\t<div class=\"elementor-container elementor-column-gap-extended\">\n\t\t\t\t\t<div class=\"elementor-column elementor-col-100 elementor-top-column elementor-element elementor-element-f3c071c sc_content_align_inherit sc_layouts_column_icons_position_left sc_fly_static\" data-id=\"f3c071c\" data-element_type=\"column\">\n\t\t\t<div class=\"elementor-widget-wrap elementor-element-populated\">\n\t\t\t\t\t\t<div class=\"elementor-element elementor-element-e0be6c3 sc_height_medium sc_fly_static elementor-widget elementor-widget-spacer\" data-id=\"e0be6c3\" data-element_type=\"widget\" data-widget_type=\"spacer.default\">\n\t\t\t\t<div class=\"elementor-widget-container\">\n\t\t\t\t\t\t\t<div class=\"elementor-spacer\">\n\t\t\t<div class=\"elementor-spacer-inner\"><\/div>\n\t\t<\/div>\n\t\t\t\t\t\t<\/div>\n\t\t\t\t<\/div>\n\t\t\t\t\t<\/div>\n\t\t<\/div>\n\t\t\t\t\t<\/div>\n\t\t<\/section>\n\t\t\t\t<section class=\"elementor-section elementor-top-section elementor-element elementor-element-3bcdb97 elementor-section-boxed elementor-section-height-default elementor-section-height-default wpr-particle-no wpr-jarallax-no wpr-parallax-no wpr-sticky-section-no sc_fly_static\" data-id=\"3bcdb97\" data-element_type=\"section\">\n\t\t\t\t\t\t<div class=\"elementor-container elementor-column-gap-extended\">\n\t\t\t\t\t<div class=\"elementor-column elementor-col-100 elementor-top-column elementor-element elementor-element-9ed9691 scheme_pink_default sc_content_align_inherit sc_layouts_column_icons_position_left sc_fly_static\" data-id=\"9ed9691\" data-element_type=\"column\">\n\t\t\t<div class=\"elementor-widget-wrap elementor-element-populated\">\n\t\t\t\t\t\t<div class=\"elementor-element elementor-element-f4de556 sc_fly_static elementor-widget elementor-widget-heading\" data-id=\"f4de556\" data-element_type=\"widget\" data-widget_type=\"heading.default\">\n\t\t\t\t<div class=\"elementor-widget-container\">\n\t\t\t\t\t<h1 class=\"elementor-heading-title elementor-size-default\">O nas<\/h1>\t\t\t\t<\/div>\n\t\t\t\t<\/div>\n\t\t\t\t<div class=\"elementor-element elementor-element-024c478 sc_fly_static elementor-widget elementor-widget-spacer\" data-id=\"024c478\" data-element_type=\"widget\" data-widget_type=\"spacer.default\">\n\t\t\t\t<div class=\"elementor-widget-container\">\n\t\t\t\t\t\t\t<div class=\"elementor-spacer\">\n\t\t\t<div class=\"elementor-spacer-inner\"><\/div>\n\t\t<\/div>\n\t\t\t\t\t\t<\/div>\n\t\t\t\t<\/div>\n\t\t\t\t<div class=\"elementor-element elementor-element-73da367 sc_fly_static elementor-widget elementor-widget-text-editor\" data-id=\"73da367\" data-element_type=\"widget\" data-widget_type=\"text-editor.default\">\n\t\t\t\t<div class=\"elementor-widget-container\">\n\t\t\t\t\t\t\t\t\t<p><strong>Tofikolo<\/strong>\u00a0to firma, kt\u00f3ra swoj\u0105 dzia\u0142alno\u015b\u0107 rozpocz\u0119\u0142a w 2022 roku, z misj\u0105 dostarczania wyj\u0105tkowych produkt\u00f3w i us\u0142ug naszym klientom. Od samego pocz\u0105tku stawiamy na jako\u015b\u0107, profesjonalizm i indywidualne podej\u015bcie, co pozwoli\u0142o nam zyska\u0107 zaufanie wielu os\u00f3b. Cho\u0107 pocz\u0105tkowo dzia\u0142ali\u015bmy g\u0142\u00f3wnie w sprzeda\u017cy detalicznej stacjonarnej, z pe\u0142nym przekonaniem dostosowali\u015bmy nasz\u0105 ofert\u0119 do potrzeb wsp\u00f3\u0142czesnych konsument\u00f3w, przenosz\u0105c j\u0105 r\u00f3wnie\u017c do przestrzeni internetowej.<\/p><p>Nasza firma nieustannie si\u0119 rozwija. W ci\u0105gu zaledwie kilku miesi\u0119cy uda\u0142o nam si\u0119 wzmocni\u0107 nasz\u0105 obecno\u015b\u0107 online, oferuj\u0105c szerok\u0105 gam\u0119 produkt\u00f3w, kt\u00f3re teraz s\u0105 dost\u0119pne dla naszych klient\u00f3w na wyci\u0105gni\u0119cie r\u0119ki \u2013 bez wzgl\u0119du na czas i miejsce.\u00a0<strong>Tofikolo<\/strong>\u00a0to synonim niezawodno\u015bci i \u0142atwo\u015bci zakup\u00f3w w Internecie, ale nie zapominamy tak\u017ce o tradycji, kt\u00f3r\u0105 budowali\u015bmy w sklepach stacjonarnych.<\/p><p>Jeste\u015bmy firm\u0105 m\u0142od\u0105, pe\u0142n\u0105 energii i gotow\u0105 na wyzwania, kt\u00f3re niesie za sob\u0105 dynamicznie zmieniaj\u0105cy si\u0119 rynek. Naszym celem jest nie tylko dalszy rozw\u00f3j sprzeda\u017cy, ale tak\u017ce nawi\u0105zywanie nowych, warto\u015bciowych wsp\u00f3\u0142pracy \u2013 zar\u00f3wno z innymi firmami, jak i z influencerami oraz bran\u017cowymi partnerami.<\/p><p><strong>Tofikolo<\/strong>\u00a0to marka, kt\u00f3ra patrzy w przysz\u0142o\u015b\u0107, stawiaj\u0105c na innowacje, rozw\u00f3j technologii i doskona\u0142o\u015b\u0107 w obs\u0142udze klienta. Z pe\u0142nym przekonaniem anga\u017cujemy si\u0119 w tworzenie wyj\u0105tkowych do\u015bwiadcze\u0144 zakupowych, kt\u00f3re pozwalaj\u0105 naszym klientom cieszy\u0107 si\u0119 ka\u017cdym zakupem, niezale\u017cnie od tego, czy odbywa si\u0119 on w naszym sklepie internetowym, czy w jednym z naszych punkt\u00f3w stacjonarnych.<\/p><p>Jeste\u015bmy gotowi na nowe wyzwania i nieustannie d\u0105\u017cymy do doskonalenia naszej oferty. Z rado\u015bci\u0105 zapraszamy Ci\u0119 do wsp\u00f3lnej podr\u00f3\u017cy \u2013 odkryj nasz\u0105 ofert\u0119 i przekonaj si\u0119, jak Tofikolo mo\u017ce sprawi\u0107, \u017ce Twoje zakupy stan\u0105 si\u0119 jeszcze prostsze i przyjemniejsze.<\/p><p><strong>Razem z nami id\u017a z duchem czasu!<\/strong><\/p>\t\t\t\t\t\t\t\t<\/div>\n\t\t\t\t<\/div>\n\t\t\t\t\t<\/div>\n\t\t<\/div>\n\t\t\t\t\t<\/div>\n\t\t<\/section>\n\t\t\t\t<section class=\"elementor-section elementor-top-section elementor-element elementor-element-a5821ed elementor-section-boxed elementor-section-height-default elementor-section-height-default wpr-particle-no wpr-jarallax-no wpr-parallax-no wpr-sticky-section-no sc_fly_static\" data-id=\"a5821ed\" data-element_type=\"section\">\n\t\t\t\t\t\t<div class=\"elementor-container elementor-column-gap-extended\">\n\t\t\t\t\t<div class=\"elementor-column elementor-col-100 elementor-top-column elementor-element elementor-element-c333deb sc_content_align_inherit sc_layouts_column_icons_position_left sc_fly_static\" data-id=\"c333deb\" data-element_type=\"column\">\n\t\t\t<div class=\"elementor-widget-wrap elementor-element-populated\">\n\t\t\t\t\t\t<div class=\"elementor-element elementor-element-e30313d sc_fly_static elementor-widget elementor-widget-spacer\" data-id=\"e30313d\" data-element_type=\"widget\" data-widget_type=\"spacer.default\">\n\t\t\t\t<div class=\"elementor-widget-container\">\n\t\t\t\t\t\t\t<div class=\"elementor-spacer\">\n\t\t\t<div class=\"elementor-spacer-inner\"><\/div>\n\t\t<\/div>\n\t\t\t\t\t\t<\/div>\n\t\t\t\t<\/div>\n\t\t\t\t\t<\/div>\n\t\t<\/div>\n\t\t\t\t\t<\/div>\n\t\t<\/section>\n\t\t\t\t<section class=\"elementor-section elementor-top-section elementor-element elementor-element-cb92bb5 elementor-section-boxed elementor-section-height-default elementor-section-height-default wpr-particle-no wpr-jarallax-no wpr-parallax-no wpr-sticky-section-no sc_fly_static\" data-id=\"cb92bb5\" data-element_type=\"section\">\n\t\t\t\t\t\t<div class=\"elementor-container elementor-column-gap-extended\">\n\t\t\t\t\t<div class=\"elementor-column elementor-col-100 elementor-top-column elementor-element elementor-element-6b1705e sc_content_align_inherit sc_layouts_column_icons_position_left sc_fly_static\" data-id=\"6b1705e\" data-element_type=\"column\">\n\t\t\t<div class=\"elementor-widget-wrap\">\n\t\t\t\t\t\t\t<\/div>\n\t\t<\/div>\n\t\t\t\t\t<\/div>\n\t\t<\/section>\n\t\t\t\t<\/div>","protected":false},"excerpt":{"rendered":"<p>O nas Tofikolo\u00a0to firma, kt\u00f3ra swoj\u0105 dzia\u0142alno\u015b\u0107 rozpocz\u0119\u0142a w 2022 roku, z misj\u0105 dostarczania wyj\u0105tkowych produkt\u00f3w i us\u0142ug naszym klientom. Od samego pocz\u0105tku stawiamy na jako\u015b\u0107, profesjonalizm i indywidualne podej\u015bcie,&hellip;<\/p>","protected":false},"author":1,"featured_media":0,"parent":0,"menu_order":0,"comment_status":"closed","ping_status":"closed","template":"","meta":{"footnotes":""},"class_list":["post-17807","page","type-page","status-publish","hentry"],"_links":{"self":[{"href":"https:\/\/tofikolo.pl\/en\/wp-json\/wp\/v2\/pages\/17807","targetHints":{"allow":["GET"]}}],"collection":[{"href":"https:\/\/tofikolo.pl\/en\/wp-json\/wp\/v2\/pages"}],"about":[{"href":"https:\/\/tofikolo.pl\/en\/wp-json\/wp\/v2\/types\/page"}],"author":[{"embeddable":true,"href":"https:\/\/tofikolo.pl\/en\/wp-json\/wp\/v2\/users\/1"}],"replies":[{"embeddable":true,"href":"https:\/\/tofikolo.pl\/en\/wp-json\/wp\/v2\/comments?post=17807"}],"version-history":[{"count":40,"href":"https:\/\/tofikolo.pl\/en\/wp-json\/wp\/v2\/pages\/17807\/revisions"}],"predecessor-version":[{"id":29760,"href":"https:\/\/tofikolo.pl\/en\/wp-json\/wp\/v2\/pages\/17807\/revisions\/29760"}],"wp:attachment":[{"href":"https:\/\/tofikolo.pl\/en\/wp-json\/wp\/v2\/media?parent=17807"}],"curies":[{"name":"wp","href":"https:\/\/api.w.org\/{rel}","templated":true}]}}