{"id":17813,"date":"2022-10-21T14:09:59","date_gmt":"2022-10-21T14:09:59","guid":{"rendered":"http:\/\/tofikolo.pl\/?page_id=17813"},"modified":"2025-12-18T09:57:17","modified_gmt":"2025-12-18T08:57:17","slug":"faqs","status":"publish","type":"page","link":"https:\/\/tofikolo.pl\/en\/faqs\/","title":{"rendered":"FAQs"},"content":{"rendered":"<div data-elementor-type=\"wp-page\" data-elementor-id=\"17813\" class=\"elementor elementor-17813\">\n\t\t\t\t\t\t<section class=\"elementor-section elementor-top-section elementor-element elementor-element-f214e43 elementor-section-boxed elementor-section-height-default elementor-section-height-default wpr-particle-no wpr-jarallax-no wpr-parallax-no wpr-sticky-section-no sc_fly_static\" data-id=\"f214e43\" data-element_type=\"section\">\n\t\t\t\t\t\t<div class=\"elementor-container elementor-column-gap-extended\">\n\t\t\t\t\t<div class=\"elementor-column elementor-col-100 elementor-top-column elementor-element elementor-element-1153226 sc_content_align_inherit sc_layouts_column_icons_position_left sc_fly_static\" data-id=\"1153226\" data-element_type=\"column\">\n\t\t\t<div class=\"elementor-widget-wrap elementor-element-populated\">\n\t\t\t\t\t\t<div class=\"elementor-element elementor-element-81b757d sc_height_medium sc_fly_static elementor-widget elementor-widget-spacer\" data-id=\"81b757d\" data-element_type=\"widget\" data-widget_type=\"spacer.default\">\n\t\t\t\t<div class=\"elementor-widget-container\">\n\t\t\t\t\t\t\t<div class=\"elementor-spacer\">\n\t\t\t<div class=\"elementor-spacer-inner\"><\/div>\n\t\t<\/div>\n\t\t\t\t\t\t<\/div>\n\t\t\t\t<\/div>\n\t\t\t\t<div class=\"elementor-element elementor-element-273b6b4 sc_fly_static elementor-widget elementor-widget-heading\" data-id=\"273b6b4\" data-element_type=\"widget\" data-widget_type=\"heading.default\">\n\t\t\t\t<div class=\"elementor-widget-container\">\n\t\t\t\t\t<h1 class=\"elementor-heading-title elementor-size-default\">FAQs<\/h1>\t\t\t\t<\/div>\n\t\t\t\t<\/div>\n\t\t\t\t<div class=\"elementor-element elementor-element-eeae7fc sc_fly_static elementor-widget elementor-widget-spacer\" data-id=\"eeae7fc\" data-element_type=\"widget\" data-widget_type=\"spacer.default\">\n\t\t\t\t<div class=\"elementor-widget-container\">\n\t\t\t\t\t\t\t<div class=\"elementor-spacer\">\n\t\t\t<div class=\"elementor-spacer-inner\"><\/div>\n\t\t<\/div>\n\t\t\t\t\t\t<\/div>\n\t\t\t\t<\/div>\n\t\t\t\t\t<\/div>\n\t\t<\/div>\n\t\t\t\t\t<\/div>\n\t\t<\/section>\n\t\t\t\t<section class=\"elementor-section elementor-top-section elementor-element elementor-element-39a5bc1d elementor-section-boxed elementor-section-height-default elementor-section-height-default wpr-particle-no wpr-jarallax-no wpr-parallax-no wpr-sticky-section-no sc_fly_static\" data-id=\"39a5bc1d\" data-element_type=\"section\">\n\t\t\t\t\t\t<div class=\"elementor-container elementor-column-gap-extended\">\n\t\t\t\t\t<div class=\"elementor-column elementor-col-25 elementor-top-column elementor-element elementor-element-3ba543fe sc_content_align_inherit sc_layouts_column_icons_position_left sc_fly_static\" data-id=\"3ba543fe\" data-element_type=\"column\">\n\t\t\t<div class=\"elementor-widget-wrap\">\n\t\t\t\t\t\t\t<\/div>\n\t\t<\/div>\n\t\t\t\t<div class=\"elementor-column elementor-col-50 elementor-top-column elementor-element elementor-element-14f28fbf sc_content_align_inherit sc_layouts_column_icons_position_left sc_fly_static\" data-id=\"14f28fbf\" data-element_type=\"column\">\n\t\t\t<div class=\"elementor-widget-wrap elementor-element-populated\">\n\t\t\t\t\t\t<div class=\"elementor-element elementor-element-67d98592 sc_fly_static elementor-widget elementor-widget-toggle\" data-id=\"67d98592\" data-element_type=\"widget\" data-widget_type=\"toggle.default\">\n\t\t\t\t<div class=\"elementor-widget-container\">\n\t\t\t\t\t\t\t<div class=\"elementor-toggle\">\n\t\t\t\t\t\t\t<div class=\"elementor-toggle-item\">\n\t\t\t\t\t<h5 id=\"elementor-tab-title-1741\" class=\"elementor-tab-title\" data-tab=\"1\" role=\"button\" aria-controls=\"elementor-tab-content-1741\" aria-expanded=\"false\">\n\t\t\t\t\t\t\t\t\t\t\t\t<span class=\"elementor-toggle-icon elementor-toggle-icon-right\" aria-hidden=\"true\">\n\t\t\t\t\t\t\t\t\t\t\t\t\t\t\t<span class=\"elementor-toggle-icon-closed\"><\/span>\n\t\t\t\t\t\t\t\t<span class=\"elementor-toggle-icon-opened\"><\/span>\n\t\t\t\t\t\t\t\t\t\t\t\t\t<\/span>\n\t\t\t\t\t\t\t\t\t\t\t\t<a class=\"elementor-toggle-title\" tabindex=\"0\">Jakie s\u0105 dost\u0119pne formy dostawy i ile kosztuje wysy\u0142ka?<\/a>\n\t\t\t\t\t<\/h5>\n\n\t\t\t\t\t<div id=\"elementor-tab-content-1741\" class=\"elementor-tab-content elementor-clearfix\" data-tab=\"1\" role=\"region\" aria-labelledby=\"elementor-tab-title-1741\"><p>Oferujemy dostaw\u0119 do paczkomatu oraz do punktu odbioru; koszt wysy\u0142ki zale\u017cy od wybranej metody i jest podawany w koszyku przed z\u0142o\u017ceniem zam\u00f3wienia.<\/p><\/div>\n\t\t\t\t<\/div>\n\t\t\t\t\t\t\t<div class=\"elementor-toggle-item\">\n\t\t\t\t\t<h5 id=\"elementor-tab-title-1742\" class=\"elementor-tab-title\" data-tab=\"2\" role=\"button\" aria-controls=\"elementor-tab-content-1742\" aria-expanded=\"false\">\n\t\t\t\t\t\t\t\t\t\t\t\t<span class=\"elementor-toggle-icon elementor-toggle-icon-right\" aria-hidden=\"true\">\n\t\t\t\t\t\t\t\t\t\t\t\t\t\t\t<span class=\"elementor-toggle-icon-closed\"><\/span>\n\t\t\t\t\t\t\t\t<span class=\"elementor-toggle-icon-opened\"><\/span>\n\t\t\t\t\t\t\t\t\t\t\t\t\t<\/span>\n\t\t\t\t\t\t\t\t\t\t\t\t<a class=\"elementor-toggle-title\" tabindex=\"0\">Jak d\u0142ugo b\u0119d\u0119 czeka\u0107 na moje zam\u00f3wienie?<\/a>\n\t\t\t\t\t<\/h5>\n\n\t\t\t\t\t<div id=\"elementor-tab-content-1742\" class=\"elementor-tab-content elementor-clearfix\" data-tab=\"2\" role=\"region\" aria-labelledby=\"elementor-tab-title-1742\"><p>Zam\u00f3wienia wysy\u0142amy zazwyczaj w ci\u0105gu 1\u20132 dni roboczych od zaksi\u0119gowania p\u0142atno\u015bci, a ca\u0142kowity czas dostawy wynosi zwykle 2\u20135 dni roboczych.<\/p><\/div>\n\t\t\t\t<\/div>\n\t\t\t\t\t\t\t<div class=\"elementor-toggle-item\">\n\t\t\t\t\t<h5 id=\"elementor-tab-title-1743\" class=\"elementor-tab-title\" data-tab=\"3\" role=\"button\" aria-controls=\"elementor-tab-content-1743\" aria-expanded=\"false\">\n\t\t\t\t\t\t\t\t\t\t\t\t<span class=\"elementor-toggle-icon elementor-toggle-icon-right\" aria-hidden=\"true\">\n\t\t\t\t\t\t\t\t\t\t\t\t\t\t\t<span class=\"elementor-toggle-icon-closed\"><\/span>\n\t\t\t\t\t\t\t\t<span class=\"elementor-toggle-icon-opened\"><\/span>\n\t\t\t\t\t\t\t\t\t\t\t\t\t<\/span>\n\t\t\t\t\t\t\t\t\t\t\t\t<a class=\"elementor-toggle-title\" tabindex=\"0\">Jakie formy p\u0142atno\u015bci s\u0105 dost\u0119pne w sklepie?<\/a>\n\t\t\t\t\t<\/h5>\n\n\t\t\t\t\t<div id=\"elementor-tab-content-1743\" class=\"elementor-tab-content elementor-clearfix\" data-tab=\"3\" role=\"region\" aria-labelledby=\"elementor-tab-title-1743\"><p>Mo\u017cesz zap\u0142aci\u0107 szybkim przelewem online, kart\u0105 p\u0142atnicz\u0105, BLIK\u2011iem, tradycyjnym przelewem bankowym oraz za pobraniem przy odbiorze przesy\u0142ki &#8211; wszystko za pomoc\u0105 us\u0142ugi Przelewy24.<\/p><\/div>\n\t\t\t\t<\/div>\n\t\t\t\t\t\t\t<div class=\"elementor-toggle-item\">\n\t\t\t\t\t<h5 id=\"elementor-tab-title-1744\" class=\"elementor-tab-title\" data-tab=\"4\" role=\"button\" aria-controls=\"elementor-tab-content-1744\" aria-expanded=\"false\">\n\t\t\t\t\t\t\t\t\t\t\t\t<span class=\"elementor-toggle-icon elementor-toggle-icon-right\" aria-hidden=\"true\">\n\t\t\t\t\t\t\t\t\t\t\t\t\t\t\t<span class=\"elementor-toggle-icon-closed\"><\/span>\n\t\t\t\t\t\t\t\t<span class=\"elementor-toggle-icon-opened\"><\/span>\n\t\t\t\t\t\t\t\t\t\t\t\t\t<\/span>\n\t\t\t\t\t\t\t\t\t\t\t\t<a class=\"elementor-toggle-title\" tabindex=\"0\">Czy mog\u0119 zwr\u00f3ci\u0107 produkt i jak to zrobi\u0107?<\/a>\n\t\t\t\t\t<\/h5>\n\n\t\t\t\t\t<div id=\"elementor-tab-content-1744\" class=\"elementor-tab-content elementor-clearfix\" data-tab=\"4\" role=\"region\" aria-labelledby=\"elementor-tab-title-1744\"><div class=\"\"><div class=\"border-subtlest ring-subtlest divide-subtlest bg-transparent\"><div class=\"gap-y-md flex flex-col\"><div class=\"relative font-sans text-base text-foreground selection:bg-super\/50 selection:text-foreground dark:selection:bg-super\/10 dark:selection:text-super\"><div class=\"min-w-0 break-words [word-break:break-word]\"><div id=\"markdown-content-0\" class=\"gap-y-md after:clear-both after:block after:content-['']\" dir=\"auto\"><div class=\"relative\"><div class=\"prose dark:prose-invert inline leading-relaxed break-words min-w-0 [word-break:break-word] prose-strong:font-medium [&amp;_&gt;*:first-child]:mt-0\"><p class=\"my-2 [&amp;+p]:mt-4 [&amp;_strong:has(+br)]:inline-block [&amp;_strong:has(+br)]:pb-2\">Tak, masz 14 dni na odst\u0105pienie od umowy bez podania przyczyny; aby dokona\u0107 zwrotu, wype\u0142nij formularz zwrotu, do\u0142\u0105cz dow\u00f3d zakupu i ode\u015blij produkt na podany w regulaminie adres, a \u015brodki zwr\u00f3cimy w ci\u0105gu 14 dni od otrzymania przesy\u0142ki.<span data-state=\"closed\">\u200b<\/span><\/p><\/div><\/div><\/div><\/div><\/div><div class=\"flex items-center justify-between\"><div class=\"-ml-sm gap-xs flex flex-shrink-0 items-center\">\u00a0<\/div><div class=\"gap-x-xs flex flex-shrink-0 items-center\"><div class=\"gap-xs flex items-center border-subtlest ring-subtlest divide-subtlest bg-transparent\">\u00a0<\/div><div>\u00a0<\/div><\/div><\/div><\/div><\/div><\/div><div class=\"gap-y-lg flex flex-col first:mt-0\"><div class=\"\"><div class=\"animate-in fade-in duration-100 ease-out md:mt-ml border-subtlest ring-subtlest divide-subtlest bg-transparent\"><div class=\"border-subtlest ring-subtlest divide-subtlest bg-transparent\"><div class=\"flex items-center justify-between border-subtlest ring-subtlest divide-subtlest bg-base\"><div class=\"flex w-full items-center justify-between mb-md\"><div class=\"\"><div class=\"space-x-sm flex items-center\">\u00a0<\/div><\/div><\/div><\/div><\/div><\/div><\/div><\/div><\/div>\n\t\t\t\t<\/div>\n\t\t\t\t\t\t\t\t<\/div>\n\t\t\t\t\t\t<\/div>\n\t\t\t\t<\/div>\n\t\t\t\t\t<\/div>\n\t\t<\/div>\n\t\t\t\t<div class=\"elementor-column elementor-col-25 elementor-top-column elementor-element elementor-element-b09cfdf sc_content_align_inherit sc_layouts_column_icons_position_left sc_fly_static\" data-id=\"b09cfdf\" data-element_type=\"column\">\n\t\t\t<div class=\"elementor-widget-wrap\">\n\t\t\t\t\t\t\t<\/div>\n\t\t<\/div>\n\t\t\t\t\t<\/div>\n\t\t<\/section>\n\t\t\t\t<section class=\"elementor-section elementor-top-section elementor-element elementor-element-ca8ea8d elementor-section-boxed elementor-section-height-default elementor-section-height-default wpr-particle-no wpr-jarallax-no wpr-parallax-no wpr-sticky-section-no sc_fly_static\" data-id=\"ca8ea8d\" data-element_type=\"section\">\n\t\t\t\t\t\t<div class=\"elementor-container elementor-column-gap-extended\">\n\t\t\t\t\t<div class=\"elementor-column elementor-col-100 elementor-top-column elementor-element elementor-element-d3504be sc_content_align_inherit sc_layouts_column_icons_position_left sc_fly_static\" data-id=\"d3504be\" data-element_type=\"column\">\n\t\t\t<div class=\"elementor-widget-wrap elementor-element-populated\">\n\t\t\t\t\t\t<div class=\"elementor-element elementor-element-f0d8c7d sc_height_medium sc_fly_static elementor-widget elementor-widget-spacer\" data-id=\"f0d8c7d\" data-element_type=\"widget\" data-widget_type=\"spacer.default\">\n\t\t\t\t<div class=\"elementor-widget-container\">\n\t\t\t\t\t\t\t<div class=\"elementor-spacer\">\n\t\t\t<div class=\"elementor-spacer-inner\"><\/div>\n\t\t<\/div>\n\t\t\t\t\t\t<\/div>\n\t\t\t\t<\/div>\n\t\t\t\t\t<\/div>\n\t\t<\/div>\n\t\t\t\t\t<\/div>\n\t\t<\/section>\n\t\t\t\t<section class=\"elementor-section elementor-top-section elementor-element elementor-element-ad9fcba elementor-section-boxed elementor-section-height-default elementor-section-height-default wpr-particle-no wpr-jarallax-no wpr-parallax-no wpr-sticky-section-no sc_fly_static\" data-id=\"ad9fcba\" data-element_type=\"section\">\n\t\t\t\t\t\t<div class=\"elementor-container elementor-column-gap-extended\">\n\t\t\t\t\t<div class=\"elementor-column elementor-col-100 elementor-top-column elementor-element elementor-element-c52fa32 sc_content_align_inherit sc_layouts_column_icons_position_left sc_fly_static\" data-id=\"c52fa32\" data-element_type=\"column\">\n\t\t\t<div class=\"elementor-widget-wrap\">\n\t\t\t\t\t\t\t<\/div>\n\t\t<\/div>\n\t\t\t\t\t<\/div>\n\t\t<\/section>\n\t\t\t\t<\/div>","protected":false},"excerpt":{"rendered":"<p>FAQs Jakie s\u0105 dost\u0119pne formy dostawy i ile kosztuje wysy\u0142ka? Oferujemy dostaw\u0119 do paczkomatu oraz do punktu odbioru; koszt wysy\u0142ki zale\u017cy od wybranej metody i jest podawany w koszyku przed&hellip;<\/p>","protected":false},"author":1,"featured_media":0,"parent":0,"menu_order":0,"comment_status":"closed","ping_status":"closed","template":"","meta":{"footnotes":""},"class_list":["post-17813","page","type-page","status-publish","hentry"],"_links":{"self":[{"href":"https:\/\/tofikolo.pl\/en\/wp-json\/wp\/v2\/pages\/17813","targetHints":{"allow":["GET"]}}],"collection":[{"href":"https:\/\/tofikolo.pl\/en\/wp-json\/wp\/v2\/pages"}],"about":[{"href":"https:\/\/tofikolo.pl\/en\/wp-json\/wp\/v2\/types\/page"}],"author":[{"embeddable":true,"href":"https:\/\/tofikolo.pl\/en\/wp-json\/wp\/v2\/users\/1"}],"replies":[{"embeddable":true,"href":"https:\/\/tofikolo.pl\/en\/wp-json\/wp\/v2\/comments?post=17813"}],"version-history":[{"count":9,"href":"https:\/\/tofikolo.pl\/en\/wp-json\/wp\/v2\/pages\/17813\/revisions"}],"predecessor-version":[{"id":30053,"href":"https:\/\/tofikolo.pl\/en\/wp-json\/wp\/v2\/pages\/17813\/revisions\/30053"}],"wp:attachment":[{"href":"https:\/\/tofikolo.pl\/en\/wp-json\/wp\/v2\/media?parent=17813"}],"curies":[{"name":"wp","href":"https:\/\/api.w.org\/{rel}","templated":true}]}}