{"id":30098,"date":"2025-12-18T14:49:30","date_gmt":"2025-12-18T13:49:30","guid":{"rendered":"https:\/\/tofikolo.pl\/?page_id=30098"},"modified":"2025-12-18T14:54:52","modified_gmt":"2025-12-18T13:54:52","slug":"order-processing","status":"publish","type":"page","link":"https:\/\/tofikolo.pl\/en\/order-processing\/","title":{"rendered":"Realizacja zam\u00f3wie\u0144 i p\u0142atno\u015bci"},"content":{"rendered":"<div data-elementor-type=\"wp-page\" data-elementor-id=\"30098\" class=\"elementor elementor-30098\">\n\t\t\t\t\t\t<section class=\"elementor-section elementor-top-section elementor-element elementor-element-c9da2c2 elementor-section-boxed elementor-section-height-default elementor-section-height-default wpr-particle-no wpr-jarallax-no wpr-parallax-no wpr-sticky-section-no sc_fly_static\" data-id=\"c9da2c2\" data-element_type=\"section\">\n\t\t\t\t\t\t<div class=\"elementor-container elementor-column-gap-extended\">\n\t\t\t\t\t<div class=\"elementor-column elementor-col-100 elementor-top-column elementor-element elementor-element-c4c409b sc_content_align_inherit sc_layouts_column_icons_position_left sc_fly_static\" data-id=\"c4c409b\" data-element_type=\"column\">\n\t\t\t<div class=\"elementor-widget-wrap elementor-element-populated\">\n\t\t\t\t\t\t<div class=\"elementor-element elementor-element-dd95330 sc_height_medium sc_fly_static elementor-widget elementor-widget-spacer\" data-id=\"dd95330\" data-element_type=\"widget\" data-widget_type=\"spacer.default\">\n\t\t\t\t<div class=\"elementor-widget-container\">\n\t\t\t\t\t\t\t<div class=\"elementor-spacer\">\n\t\t\t<div class=\"elementor-spacer-inner\"><\/div>\n\t\t<\/div>\n\t\t\t\t\t\t<\/div>\n\t\t\t\t<\/div>\n\t\t\t\t\t<\/div>\n\t\t<\/div>\n\t\t\t\t\t<\/div>\n\t\t<\/section>\n\t\t\t\t<section class=\"elementor-section elementor-top-section elementor-element elementor-element-b8dd196 elementor-section-boxed elementor-section-height-default elementor-section-height-default wpr-particle-no wpr-jarallax-no wpr-parallax-no wpr-sticky-section-no sc_fly_static\" data-id=\"b8dd196\" data-element_type=\"section\">\n\t\t\t\t\t\t<div class=\"elementor-container elementor-column-gap-extended\">\n\t\t\t\t\t<div class=\"elementor-column elementor-col-100 elementor-top-column elementor-element elementor-element-abd184f sc_content_align_inherit sc_layouts_column_icons_position_left sc_fly_static\" data-id=\"abd184f\" data-element_type=\"column\">\n\t\t\t<div class=\"elementor-widget-wrap elementor-element-populated\">\n\t\t\t\t\t\t<div class=\"elementor-element elementor-element-17834b3 sc_fly_static elementor-widget elementor-widget-heading\" data-id=\"17834b3\" data-element_type=\"widget\" data-widget_type=\"heading.default\">\n\t\t\t\t<div class=\"elementor-widget-container\">\n\t\t\t\t\t<h1 class=\"elementor-heading-title elementor-size-default\">Realizacja zam\u00f3wie\u0144 i p\u0142atno\u015bci<\/h1>\t\t\t\t<\/div>\n\t\t\t\t<\/div>\n\t\t\t\t<div class=\"elementor-element elementor-element-3fcaedf sc_height_large sc_fly_static elementor-widget elementor-widget-spacer\" data-id=\"3fcaedf\" data-element_type=\"widget\" data-widget_type=\"spacer.default\">\n\t\t\t\t<div class=\"elementor-widget-container\">\n\t\t\t\t\t\t\t<div class=\"elementor-spacer\">\n\t\t\t<div class=\"elementor-spacer-inner\"><\/div>\n\t\t<\/div>\n\t\t\t\t\t\t<\/div>\n\t\t\t\t<\/div>\n\t\t\t\t<div class=\"elementor-element elementor-element-577dcac sc_fly_static elementor-widget elementor-widget-text-editor\" data-id=\"577dcac\" data-element_type=\"widget\" data-widget_type=\"text-editor.default\">\n\t\t\t\t<div class=\"elementor-widget-container\">\n\t\t\t\t\t\t\t\t\t<p class=\"my-2 [&amp;+p]:mt-4 [&amp;_strong:has(+br)]:inline-block [&amp;_strong:has(+br)]:pb-2\">Zam\u00f3wienia z\u0142o\u017cone w naszym sklepie realizowane s\u0105 w ci\u0105gu\u00a0<strong>24 godzin od momentu zaksi\u0119gowania p\u0142atno\u015bci<\/strong>. Wszystkie produkty s\u0105 przygotowywane i wysy\u0142ane z nale\u017cyt\u0105 staranno\u015bci\u0105, aby dotar\u0142y do Ciebie jak najszybciej.<\/p><p class=\"my-2 [&amp;+p]:mt-4 [&amp;_strong:has(+br)]:inline-block [&amp;_strong:has(+br)]:pb-2\">Dost\u0119pne formy p\u0142atno\u015bci obejmuj\u0105\u00a0<strong>system Przelewy24<\/strong>, kt\u00f3ry umo\u017cliwia szybkie i bezpieczne dokonanie p\u0142atno\u015bci online \u2014 zar\u00f3wno za pomoc\u0105 przelew\u00f3w internetowych, kart p\u0142atniczych, jak i BLIK. Po dokonaniu transakcji przez Przelewy24 otrzymujemy potwierdzenie b\u0142yskawicznie, dzi\u0119ki czemu mo\u017cemy rozpocz\u0105\u0107 realizacj\u0119 Twojego zam\u00f3wienia niemal natychmiast.<\/p>\t\t\t\t\t\t\t\t<\/div>\n\t\t\t\t<\/div>\n\t\t\t\t\t<\/div>\n\t\t<\/div>\n\t\t\t\t\t<\/div>\n\t\t<\/section>\n\t\t\t\t<section class=\"elementor-section elementor-top-section elementor-element elementor-element-a756f48 elementor-section-boxed elementor-section-height-default elementor-section-height-default wpr-particle-no wpr-jarallax-no wpr-parallax-no wpr-sticky-section-no sc_fly_static\" data-id=\"a756f48\" data-element_type=\"section\">\n\t\t\t\t\t\t<div class=\"elementor-container elementor-column-gap-extended\">\n\t\t\t\t\t<div class=\"elementor-column elementor-col-100 elementor-top-column elementor-element elementor-element-bcb27c5 sc_content_align_inherit sc_layouts_column_icons_position_left sc_fly_static\" data-id=\"bcb27c5\" data-element_type=\"column\">\n\t\t\t<div class=\"elementor-widget-wrap elementor-element-populated\">\n\t\t\t\t\t\t<div class=\"elementor-element elementor-element-f9d2472 sc_height_medium sc_fly_static elementor-widget elementor-widget-spacer\" data-id=\"f9d2472\" data-element_type=\"widget\" data-widget_type=\"spacer.default\">\n\t\t\t\t<div class=\"elementor-widget-container\">\n\t\t\t\t\t\t\t<div class=\"elementor-spacer\">\n\t\t\t<div class=\"elementor-spacer-inner\"><\/div>\n\t\t<\/div>\n\t\t\t\t\t\t<\/div>\n\t\t\t\t<\/div>\n\t\t\t\t\t<\/div>\n\t\t<\/div>\n\t\t\t\t\t<\/div>\n\t\t<\/section>\n\t\t\t\t<section class=\"elementor-section elementor-top-section elementor-element elementor-element-00cfb8f elementor-section-boxed elementor-section-height-default elementor-section-height-default wpr-particle-no wpr-jarallax-no wpr-parallax-no wpr-sticky-section-no sc_fly_static\" data-id=\"00cfb8f\" data-element_type=\"section\">\n\t\t\t\t\t\t<div class=\"elementor-container elementor-column-gap-extended\">\n\t\t\t\t\t<div class=\"elementor-column elementor-col-100 elementor-top-column elementor-element elementor-element-b84f4a7 sc_content_align_inherit sc_layouts_column_icons_position_left sc_fly_static\" data-id=\"b84f4a7\" data-element_type=\"column\">\n\t\t\t<div class=\"elementor-widget-wrap\">\n\t\t\t\t\t\t\t<\/div>\n\t\t<\/div>\n\t\t\t\t\t<\/div>\n\t\t<\/section>\n\t\t\t\t<\/div>","protected":false},"excerpt":{"rendered":"<p>Realizacja zam\u00f3wie\u0144 i p\u0142atno\u015bci Zam\u00f3wienia z\u0142o\u017cone w naszym sklepie realizowane s\u0105 w ci\u0105gu\u00a024 godzin od momentu zaksi\u0119gowania p\u0142atno\u015bci. Wszystkie produkty s\u0105 przygotowywane i wysy\u0142ane z nale\u017cyt\u0105 staranno\u015bci\u0105, aby dotar\u0142y do&hellip;<\/p>","protected":false},"author":2,"featured_media":0,"parent":0,"menu_order":0,"comment_status":"closed","ping_status":"closed","template":"","meta":{"footnotes":""},"class_list":["post-30098","page","type-page","status-publish","hentry"],"_links":{"self":[{"href":"https:\/\/tofikolo.pl\/en\/wp-json\/wp\/v2\/pages\/30098","targetHints":{"allow":["GET"]}}],"collection":[{"href":"https:\/\/tofikolo.pl\/en\/wp-json\/wp\/v2\/pages"}],"about":[{"href":"https:\/\/tofikolo.pl\/en\/wp-json\/wp\/v2\/types\/page"}],"author":[{"embeddable":true,"href":"https:\/\/tofikolo.pl\/en\/wp-json\/wp\/v2\/users\/2"}],"replies":[{"embeddable":true,"href":"https:\/\/tofikolo.pl\/en\/wp-json\/wp\/v2\/comments?post=30098"}],"version-history":[{"count":5,"href":"https:\/\/tofikolo.pl\/en\/wp-json\/wp\/v2\/pages\/30098\/revisions"}],"predecessor-version":[{"id":30105,"href":"https:\/\/tofikolo.pl\/en\/wp-json\/wp\/v2\/pages\/30098\/revisions\/30105"}],"wp:attachment":[{"href":"https:\/\/tofikolo.pl\/en\/wp-json\/wp\/v2\/media?parent=30098"}],"curies":[{"name":"wp","href":"https:\/\/api.w.org\/{rel}","templated":true}]}}