{"id":30107,"date":"2025-12-18T17:27:17","date_gmt":"2025-12-18T16:27:17","guid":{"rendered":"https:\/\/tofikolo.pl\/?page_id=30107"},"modified":"2025-12-18T18:37:19","modified_gmt":"2025-12-18T17:37:19","slug":"shipping-returns","status":"publish","type":"page","link":"https:\/\/tofikolo.pl\/en\/shipping-returns\/","title":{"rendered":"Wysy\u0142ka i zwroty"},"content":{"rendered":"<div data-elementor-type=\"wp-page\" data-elementor-id=\"30107\" class=\"elementor elementor-30107\">\n\t\t\t\t\t\t<section class=\"elementor-section elementor-top-section elementor-element elementor-element-3be4577 elementor-section-boxed elementor-section-height-default elementor-section-height-default wpr-particle-no wpr-jarallax-no wpr-parallax-no wpr-sticky-section-no sc_fly_static\" data-id=\"3be4577\" data-element_type=\"section\">\n\t\t\t\t\t\t<div class=\"elementor-container elementor-column-gap-extended\">\n\t\t\t\t\t<div class=\"elementor-column elementor-col-100 elementor-top-column elementor-element elementor-element-3a4712f sc_content_align_inherit sc_layouts_column_icons_position_left sc_fly_static\" data-id=\"3a4712f\" data-element_type=\"column\">\n\t\t\t<div class=\"elementor-widget-wrap elementor-element-populated\">\n\t\t\t\t\t\t<div class=\"elementor-element elementor-element-adfabc2 sc_height_medium sc_fly_static elementor-widget elementor-widget-spacer\" data-id=\"adfabc2\" data-element_type=\"widget\" data-widget_type=\"spacer.default\">\n\t\t\t\t<div class=\"elementor-widget-container\">\n\t\t\t\t\t\t\t<div class=\"elementor-spacer\">\n\t\t\t<div class=\"elementor-spacer-inner\"><\/div>\n\t\t<\/div>\n\t\t\t\t\t\t<\/div>\n\t\t\t\t<\/div>\n\t\t\t\t\t<\/div>\n\t\t<\/div>\n\t\t\t\t\t<\/div>\n\t\t<\/section>\n\t\t\t\t<section class=\"elementor-section elementor-top-section elementor-element elementor-element-a1c1d40 elementor-section-boxed elementor-section-height-default elementor-section-height-default wpr-particle-no wpr-jarallax-no wpr-parallax-no wpr-sticky-section-no sc_fly_static\" data-id=\"a1c1d40\" data-element_type=\"section\">\n\t\t\t\t\t\t<div class=\"elementor-container elementor-column-gap-extended\">\n\t\t\t\t\t<div class=\"elementor-column elementor-col-100 elementor-top-column elementor-element elementor-element-c22fac7 sc_content_align_inherit sc_layouts_column_icons_position_left sc_fly_static\" data-id=\"c22fac7\" data-element_type=\"column\">\n\t\t\t<div class=\"elementor-widget-wrap elementor-element-populated\">\n\t\t\t\t\t\t<div class=\"elementor-element elementor-element-d424991 sc_fly_static elementor-widget elementor-widget-heading\" data-id=\"d424991\" data-element_type=\"widget\" data-widget_type=\"heading.default\">\n\t\t\t\t<div class=\"elementor-widget-container\">\n\t\t\t\t\t<h1 class=\"elementor-heading-title elementor-size-default\">Wysy\u0142ka i zwroty<\/h1>\t\t\t\t<\/div>\n\t\t\t\t<\/div>\n\t\t\t\t<div class=\"elementor-element elementor-element-4c418af sc_height_large sc_fly_static elementor-widget elementor-widget-spacer\" data-id=\"4c418af\" data-element_type=\"widget\" data-widget_type=\"spacer.default\">\n\t\t\t\t<div class=\"elementor-widget-container\">\n\t\t\t\t\t\t\t<div class=\"elementor-spacer\">\n\t\t\t<div class=\"elementor-spacer-inner\"><\/div>\n\t\t<\/div>\n\t\t\t\t\t\t<\/div>\n\t\t\t\t<\/div>\n\t\t\t\t<div class=\"elementor-element elementor-element-dbab0ae sc_fly_static elementor-widget elementor-widget-text-editor\" data-id=\"dbab0ae\" data-element_type=\"widget\" data-widget_type=\"text-editor.default\">\n\t\t\t\t<div class=\"elementor-widget-container\">\n\t\t\t\t\t\t\t\t\t<p class=\"my-2 [&amp;+p]:mt-4 [&amp;_strong:has(+br)]:inline-block [&amp;_strong:has(+br)]:pb-2\">Wszystkie zam\u00f3wienia wysy\u0142ane s\u0105 za po\u015brednictwem\u00a0<strong>paczkomat\u00f3w InPost<\/strong>. Przesy\u0142ki nadawane s\u0105 w ci\u0105gu\u00a0<strong>24 godzin od momentu zaksi\u0119gowania p\u0142atno\u015bci<\/strong>, a czas dostawy wynosi zazwyczaj\u00a0<strong>1\u20132 dni robocze<\/strong>.<\/p><p class=\"my-2 [&amp;+p]:mt-4 [&amp;_strong:has(+br)]:inline-block [&amp;_strong:has(+br)]:pb-2\">Koszt dostawy wynosi\u00a0<strong>12,99 z\u0142<\/strong>\u00a0dla wszystkich zam\u00f3wie\u0144 poni\u017cej\u00a0<strong>200 z\u0142<\/strong>. Przy zakupach o warto\u015bci\u00a0<strong>powy\u017cej 200 z\u0142<\/strong>\u00a0oferujemy\u00a0<strong>darmow\u0105 wysy\u0142k\u0119<\/strong>. Po nadaniu przesy\u0142ki klient otrzymuje powiadomienie e-mail oraz SMS z numerem nadania i linkiem umo\u017cliwiaj\u0105cym \u015bledzenie paczki.<\/p><p class=\"my-2 [&amp;+p]:mt-4 [&amp;_strong:has(+br)]:inline-block [&amp;_strong:has(+br)]:pb-2\">Je\u017celi z jakiegokolwiek powodu chcesz zwr\u00f3ci\u0107 zakupiony produkt, masz na to\u00a0<strong>14 dni od momentu otrzymania przesy\u0142ki<\/strong>. W celu dokonania zwrotu prosimy o kontakt z nasz\u0105 obs\u0142ug\u0105 klienta w celu uzyskania szczeg\u00f3\u0142owych instrukcji. Produkt musi by\u0107 odes\u0142any w stanie nienaruszonym, najlepiej w oryginalnym opakowaniu. Po otrzymaniu i pozytywnej weryfikacji przesy\u0142ki zwrotnej dokonujemy\u00a0<strong>zwrotu pieni\u0119dzy w ci\u0105gu maksymalnie 14 dni roboczych<\/strong>\u00a0na to samo konto, z kt\u00f3rego dokonano p\u0142atno\u015bci.<\/p><p>Zwroty prosimy o wys\u0142anie pod podany<strong> poni\u017cej<\/strong> adres:<\/p><p>ul. G\u0142o\u017cy\u0144ska 128A<\/p><p>44-313 Wodzis\u0142aw \u015al\u0105ski<\/p>\t\t\t\t\t\t\t\t<\/div>\n\t\t\t\t<\/div>\n\t\t\t\t\t<\/div>\n\t\t<\/div>\n\t\t\t\t\t<\/div>\n\t\t<\/section>\n\t\t\t\t<section class=\"elementor-section elementor-top-section elementor-element elementor-element-f498664 elementor-section-boxed elementor-section-height-default elementor-section-height-default wpr-particle-no wpr-jarallax-no wpr-parallax-no wpr-sticky-section-no sc_fly_static\" data-id=\"f498664\" data-element_type=\"section\">\n\t\t\t\t\t\t<div class=\"elementor-container elementor-column-gap-extended\">\n\t\t\t\t\t<div class=\"elementor-column elementor-col-100 elementor-top-column elementor-element elementor-element-b9dd3be sc_content_align_inherit sc_layouts_column_icons_position_left sc_fly_static\" data-id=\"b9dd3be\" data-element_type=\"column\">\n\t\t\t<div class=\"elementor-widget-wrap elementor-element-populated\">\n\t\t\t\t\t\t<div class=\"elementor-element elementor-element-2259321 sc_height_medium sc_fly_static elementor-widget elementor-widget-spacer\" data-id=\"2259321\" data-element_type=\"widget\" data-widget_type=\"spacer.default\">\n\t\t\t\t<div class=\"elementor-widget-container\">\n\t\t\t\t\t\t\t<div class=\"elementor-spacer\">\n\t\t\t<div class=\"elementor-spacer-inner\"><\/div>\n\t\t<\/div>\n\t\t\t\t\t\t<\/div>\n\t\t\t\t<\/div>\n\t\t\t\t\t<\/div>\n\t\t<\/div>\n\t\t\t\t\t<\/div>\n\t\t<\/section>\n\t\t\t\t<\/div>","protected":false},"excerpt":{"rendered":"<p>Wysy\u0142ka i zwroty Wszystkie zam\u00f3wienia wysy\u0142ane s\u0105 za po\u015brednictwem\u00a0paczkomat\u00f3w InPost. Przesy\u0142ki nadawane s\u0105 w ci\u0105gu\u00a024 godzin od momentu zaksi\u0119gowania p\u0142atno\u015bci, a czas dostawy wynosi zazwyczaj\u00a01\u20132 dni robocze. Koszt dostawy wynosi\u00a012,99&hellip;<\/p>","protected":false},"author":2,"featured_media":0,"parent":0,"menu_order":0,"comment_status":"closed","ping_status":"closed","template":"","meta":{"footnotes":""},"class_list":["post-30107","page","type-page","status-publish","hentry"],"_links":{"self":[{"href":"https:\/\/tofikolo.pl\/en\/wp-json\/wp\/v2\/pages\/30107","targetHints":{"allow":["GET"]}}],"collection":[{"href":"https:\/\/tofikolo.pl\/en\/wp-json\/wp\/v2\/pages"}],"about":[{"href":"https:\/\/tofikolo.pl\/en\/wp-json\/wp\/v2\/types\/page"}],"author":[{"embeddable":true,"href":"https:\/\/tofikolo.pl\/en\/wp-json\/wp\/v2\/users\/2"}],"replies":[{"embeddable":true,"href":"https:\/\/tofikolo.pl\/en\/wp-json\/wp\/v2\/comments?post=30107"}],"version-history":[{"count":8,"href":"https:\/\/tofikolo.pl\/en\/wp-json\/wp\/v2\/pages\/30107\/revisions"}],"predecessor-version":[{"id":30130,"href":"https:\/\/tofikolo.pl\/en\/wp-json\/wp\/v2\/pages\/30107\/revisions\/30130"}],"wp:attachment":[{"href":"https:\/\/tofikolo.pl\/en\/wp-json\/wp\/v2\/media?parent=30107"}],"curies":[{"name":"wp","href":"https:\/\/api.w.org\/{rel}","templated":true}]}}