{"id":30212,"date":"2026-01-21T20:22:29","date_gmt":"2026-01-21T19:22:29","guid":{"rendered":"https:\/\/tofikolo.pl\/?post_type=product&#038;p=30212"},"modified":"2026-04-01T18:47:57","modified_gmt":"2026-04-01T16:47:57","slug":"felce-azzurra-zel-do-mycia-ciala-650ml-black-orchidea","status":"publish","type":"product","link":"https:\/\/tofikolo.pl\/en\/product\/felce-azzurra-zel-do-mycia-ciala-650ml-black-orchidea\/","title":{"rendered":"Felce Azzurra Orchidea Nera (Czarna Orchidea) &#8211; \u017bel pod prysznic &#8211; 650ml"},"content":{"rendered":"<p>Odkryj tajemnic\u0119 w\u0142oskiej piel\u0119gnacji z <b data-path-to-node=\"6\" data-index-in-node=\"52\">Felce Azzurra Orchidea Nera<\/b>. Ten wyj\u0105tkowy \u017cel pod prysznic to cz\u0119\u015b\u0107 ekskluzywnej linii &#8222;Essenza di Mistero&#8221;, kt\u00f3ra przenosi luksusowe zapachy prosto z w\u0142oskich perfumerii do Twojej \u0142azienki. Zapach czarnej orchidei jest g\u0142\u0119boki, wyrafinowany i lekko dymny, dzi\u0119ki czemu ka\u017cda k\u0105piel staje si\u0119 rytua\u0142em odpr\u0119\u017cenia. Kremowa formu\u0142a produktu delikatnie oczyszcza cia\u0142o, dbaj\u0105c o jego odpowiednie nawil\u017cenie i pozostawiaj\u0105c sk\u00f3r\u0119 jedwabi\u015bcie g\u0142adk\u0105. To idealny wyb\u00f3r dla os\u00f3b, kt\u00f3re od kosmetyk\u00f3w oczekuj\u0105 czego\u015b wi\u0119cej ni\u017c tylko czysto\u015bci \u2013 to prawdziwa uczta dla zmys\u0142\u00f3w.<\/p>","protected":false},"excerpt":{"rendered":"<p data-path-to-node=\"5,0,0\"><b data-path-to-node=\"5,0,0\" data-index-in-node=\"0\">Kraj pochodzenia:<\/b> W\u0142ochy \ud83c\uddee\ud83c\uddf9<\/p>\n<p data-path-to-node=\"5,1,0\"><b data-path-to-node=\"5,1,0\" data-index-in-node=\"0\">Zapach:<\/b> Zmys\u0142owa czarna orchidea i jedwab \ud83c\udf38<\/p>\n<p data-path-to-node=\"5,2,0\"><b data-path-to-node=\"5,2,0\" data-index-in-node=\"0\">Efekt:<\/b> G\u0142\u0119bokie odpr\u0119\u017cenie i aksamitna sk\u00f3ra.<\/p>\n<p data-path-to-node=\"5,3,0\"><b data-path-to-node=\"5,3,0\" data-index-in-node=\"0\">Cechy:<\/b> &#8222;Essenza di Mistero&#8221; \u2013 luksusowa linia perfumowana.<\/p>","protected":false},"featured_media":30227,"comment_status":"open","ping_status":"closed","template":"","meta":[],"product_brand":[241],"product_cat":[218,237],"product_tag":[],"class_list":{"0":"post-30212","1":"product","2":"type-product","3":"status-publish","4":"has-post-thumbnail","6":"product_brand-felce-azzurra","7":"product_cat-bez-kategorii","8":"product_cat-zel-pod-prysznic","10":"first","11":"instock","12":"shipping-taxable","13":"purchasable","14":"product-type-simple"},"_links":{"self":[{"href":"https:\/\/tofikolo.pl\/en\/wp-json\/wp\/v2\/product\/30212","targetHints":{"allow":["GET"]}}],"collection":[{"href":"https:\/\/tofikolo.pl\/en\/wp-json\/wp\/v2\/product"}],"about":[{"href":"https:\/\/tofikolo.pl\/en\/wp-json\/wp\/v2\/types\/product"}],"replies":[{"embeddable":true,"href":"https:\/\/tofikolo.pl\/en\/wp-json\/wp\/v2\/comments?post=30212"}],"version-history":[{"count":7,"href":"https:\/\/tofikolo.pl\/en\/wp-json\/wp\/v2\/product\/30212\/revisions"}],"predecessor-version":[{"id":31658,"href":"https:\/\/tofikolo.pl\/en\/wp-json\/wp\/v2\/product\/30212\/revisions\/31658"}],"wp:featuredmedia":[{"embeddable":true,"href":"https:\/\/tofikolo.pl\/en\/wp-json\/wp\/v2\/media\/30227"}],"wp:attachment":[{"href":"https:\/\/tofikolo.pl\/en\/wp-json\/wp\/v2\/media?parent=30212"}],"wp:term":[{"taxonomy":"product_brand","embeddable":true,"href":"https:\/\/tofikolo.pl\/en\/wp-json\/wp\/v2\/product_brand?post=30212"},{"taxonomy":"product_cat","embeddable":true,"href":"https:\/\/tofikolo.pl\/en\/wp-json\/wp\/v2\/product_cat?post=30212"},{"taxonomy":"product_tag","embeddable":true,"href":"https:\/\/tofikolo.pl\/en\/wp-json\/wp\/v2\/product_tag?post=30212"}],"curies":[{"name":"wp","href":"https:\/\/api.w.org\/{rel}","templated":true}]}}