{"id":30244,"date":"2026-01-22T15:19:02","date_gmt":"2026-01-22T14:19:02","guid":{"rendered":"https:\/\/tofikolo.pl\/?post_type=product&#038;p=30244"},"modified":"2026-04-01T18:47:42","modified_gmt":"2026-04-01T16:47:42","slug":"felce-azzurra-zel-do-mycia-ciala-650ml-white-musk","status":"publish","type":"product","link":"https:\/\/tofikolo.pl\/en\/product\/felce-azzurra-zel-do-mycia-ciala-650ml-white-musk\/","title":{"rendered":"Felce Azzurra Muschio Bianco (Bia\u0142e Pi\u017cmo) &#8211; \u017bel pod prysznic &#8211; 650ml"},"content":{"rendered":"<p>Bia\u0142e pi\u017cmo to we W\u0142oszech symbol elegancji i \u015bwie\u017co\u015bci. <b data-path-to-node=\"11\" data-index-in-node=\"69\">Felce Azzurra Muschio Bianco<\/b> (&#8222;Essenza di Delicatezza&#8221;) to produkt legendarny, kt\u00f3ry od pokole\u0144 go\u015bci w domach s\u0142onecznej Italii. Jego aromat jest lekki, pudrowy i niezwykle koj\u0105cy \u2013 przypomina zapach \u015bwie\u017co wypranej bawe\u0142ny suszonej na \u015br\u00f3dziemnomorskim s\u0142o\u0144cu. \u017bel posiada zbalansowane pH i zosta\u0142 przetestowany dermatologicznie, co czyni go bezpiecznym wyborem dla ca\u0142ej rodziny. Pozw\u00f3l, by ta klasyczna, w\u0142oska kompozycja otuli\u0142a Twoj\u0105 sk\u00f3r\u0119, zapewniaj\u0105c jej mi\u0119kko\u015b\u0107 i subtelny zapach, kt\u00f3ry utrzymuje si\u0119 przez wiele godzin.<\/p>","protected":false},"excerpt":{"rendered":"<p data-path-to-node=\"10,0,0\"><b data-path-to-node=\"10,0,0\" data-index-in-node=\"0\">Kraj pochodzenia:<\/b> W\u0142ochy \ud83c\uddee\ud83c\uddf9<\/p>\n<p data-path-to-node=\"10,1,0\"><b data-path-to-node=\"10,1,0\" data-index-in-node=\"0\">Zapach:<\/b> Klasyczne bia\u0142e pi\u017cmo i pudrowe nuty \u2601\ufe0f<\/p>\n<p data-path-to-node=\"10,2,0\"><b data-path-to-node=\"10,2,0\" data-index-in-node=\"0\">Efekt:<\/b> Poczucie absolutnej czysto\u015bci i \u015bwie\u017co\u015bci.<\/p>\n<p data-path-to-node=\"10,3,0\"><b data-path-to-node=\"10,3,0\" data-index-in-node=\"0\">Cechy:<\/b> Kultowy produkt marki Paglieri, neutralne pH.<\/p>","protected":false},"featured_media":30229,"comment_status":"open","ping_status":"closed","template":"","meta":[],"product_brand":[241],"product_cat":[218,237],"product_tag":[],"class_list":{"0":"post-30244","1":"product","2":"type-product","3":"status-publish","4":"has-post-thumbnail","6":"product_brand-felce-azzurra","7":"product_cat-bez-kategorii","8":"product_cat-zel-pod-prysznic","10":"first","11":"instock","12":"shipping-taxable","13":"purchasable","14":"product-type-simple"},"_links":{"self":[{"href":"https:\/\/tofikolo.pl\/en\/wp-json\/wp\/v2\/product\/30244","targetHints":{"allow":["GET"]}}],"collection":[{"href":"https:\/\/tofikolo.pl\/en\/wp-json\/wp\/v2\/product"}],"about":[{"href":"https:\/\/tofikolo.pl\/en\/wp-json\/wp\/v2\/types\/product"}],"replies":[{"embeddable":true,"href":"https:\/\/tofikolo.pl\/en\/wp-json\/wp\/v2\/comments?post=30244"}],"version-history":[{"count":7,"href":"https:\/\/tofikolo.pl\/en\/wp-json\/wp\/v2\/product\/30244\/revisions"}],"predecessor-version":[{"id":31659,"href":"https:\/\/tofikolo.pl\/en\/wp-json\/wp\/v2\/product\/30244\/revisions\/31659"}],"wp:featuredmedia":[{"embeddable":true,"href":"https:\/\/tofikolo.pl\/en\/wp-json\/wp\/v2\/media\/30229"}],"wp:attachment":[{"href":"https:\/\/tofikolo.pl\/en\/wp-json\/wp\/v2\/media?parent=30244"}],"wp:term":[{"taxonomy":"product_brand","embeddable":true,"href":"https:\/\/tofikolo.pl\/en\/wp-json\/wp\/v2\/product_brand?post=30244"},{"taxonomy":"product_cat","embeddable":true,"href":"https:\/\/tofikolo.pl\/en\/wp-json\/wp\/v2\/product_cat?post=30244"},{"taxonomy":"product_tag","embeddable":true,"href":"https:\/\/tofikolo.pl\/en\/wp-json\/wp\/v2\/product_tag?post=30244"}],"curies":[{"name":"wp","href":"https:\/\/api.w.org\/{rel}","templated":true}]}}