{"id":30250,"date":"2026-01-22T15:29:14","date_gmt":"2026-01-22T14:29:14","guid":{"rendered":"https:\/\/tofikolo.pl\/?post_type=product&#038;p=30250"},"modified":"2026-04-01T18:45:53","modified_gmt":"2026-04-01T16:45:53","slug":"felce-azzurra-zel-do-mycia-ciala-650ml-bursztyn-i-argan","status":"publish","type":"product","link":"https:\/\/tofikolo.pl\/en\/product\/felce-azzurra-zel-do-mycia-ciala-650ml-bursztyn-i-argan\/","title":{"rendered":"Felce Azzurra Amber &#038; Argan (Bursztyn i Argan) &#8211; \u017bel pod prysznic &#8211; 650ml"},"content":{"rendered":"<p>Przenie\u015b si\u0119 w \u015bwiat orientu z w\u0142oskim akcentem. <b data-path-to-node=\"26\" data-index-in-node=\"61\">Felce Azzurra Amber &amp; Argan<\/b> to &#8222;Nourishing Essence&#8221; stworzona dla sk\u00f3ry potrzebuj\u0105cej regeneracji i blasku. Kluczowym sk\u0142adnikiem jest tutaj naturalny olejek arganowy, zwany &#8222;z\u0142otem Maroka&#8221;, kt\u00f3ry s\u0142ynie ze swoich w\u0142a\u015bciwo\u015bci nawil\u017caj\u0105cych i odm\u0142adzaj\u0105cych. Zapach to ciep\u0142a, s\u0142oneczna kompozycja bursztynu, kt\u00f3ra d\u0142ugo otula cia\u0142o zmys\u0142owym aromatem. Produkt sprawia, \u017ce sk\u00f3ra staje si\u0119 wyj\u0105tkowo elastyczna, od\u017cywiona i promienna. To luksusowa piel\u0119gnacja prosto z W\u0142och, kt\u00f3ra zamieni zwyk\u0142y prysznic w domowy rytua\u0142 SPA.<\/p>","protected":false},"excerpt":{"rendered":"<p data-path-to-node=\"25,0,0\"><b data-path-to-node=\"25,0,0\" data-index-in-node=\"0\">Kraj pochodzenia:<\/b> W\u0142ochy \ud83c\uddee\ud83c\uddf9<\/p>\n<p data-path-to-node=\"25,1,0\"><b data-path-to-node=\"25,1,0\" data-index-in-node=\"0\">Zapach:<\/b> Orientalny bursztyn i drogocenny olejek arganowy \ud83c\udffa\u2728<\/p>\n<p data-path-to-node=\"25,2,0\"><b data-path-to-node=\"25,2,0\" data-index-in-node=\"0\">Efekt:<\/b> Intensywne od\u017cywienie i z\u0142ocisty blask sk\u00f3ry.<\/p>\n<p data-path-to-node=\"25,3,0\"><b data-path-to-node=\"25,3,0\" data-index-in-node=\"0\">Cechy:<\/b> &#8222;Nourishing Essence&#8221; \u2013 bogata, piel\u0119gnuj\u0105ca formu\u0142a.<\/p>","protected":false},"featured_media":30236,"comment_status":"open","ping_status":"closed","template":"","meta":[],"product_brand":[241],"product_cat":[218,237],"product_tag":[],"class_list":{"0":"post-30250","1":"product","2":"type-product","3":"status-publish","4":"has-post-thumbnail","6":"product_brand-felce-azzurra","7":"product_cat-bez-kategorii","8":"product_cat-zel-pod-prysznic","10":"first","11":"instock","12":"shipping-taxable","13":"purchasable","14":"product-type-simple"},"_links":{"self":[{"href":"https:\/\/tofikolo.pl\/en\/wp-json\/wp\/v2\/product\/30250","targetHints":{"allow":["GET"]}}],"collection":[{"href":"https:\/\/tofikolo.pl\/en\/wp-json\/wp\/v2\/product"}],"about":[{"href":"https:\/\/tofikolo.pl\/en\/wp-json\/wp\/v2\/types\/product"}],"replies":[{"embeddable":true,"href":"https:\/\/tofikolo.pl\/en\/wp-json\/wp\/v2\/comments?post=30250"}],"version-history":[{"count":4,"href":"https:\/\/tofikolo.pl\/en\/wp-json\/wp\/v2\/product\/30250\/revisions"}],"predecessor-version":[{"id":31662,"href":"https:\/\/tofikolo.pl\/en\/wp-json\/wp\/v2\/product\/30250\/revisions\/31662"}],"wp:featuredmedia":[{"embeddable":true,"href":"https:\/\/tofikolo.pl\/en\/wp-json\/wp\/v2\/media\/30236"}],"wp:attachment":[{"href":"https:\/\/tofikolo.pl\/en\/wp-json\/wp\/v2\/media?parent=30250"}],"wp:term":[{"taxonomy":"product_brand","embeddable":true,"href":"https:\/\/tofikolo.pl\/en\/wp-json\/wp\/v2\/product_brand?post=30250"},{"taxonomy":"product_cat","embeddable":true,"href":"https:\/\/tofikolo.pl\/en\/wp-json\/wp\/v2\/product_cat?post=30250"},{"taxonomy":"product_tag","embeddable":true,"href":"https:\/\/tofikolo.pl\/en\/wp-json\/wp\/v2\/product_tag?post=30250"}],"curies":[{"name":"wp","href":"https:\/\/api.w.org\/{rel}","templated":true}]}}