{"id":30252,"date":"2026-01-22T15:30:23","date_gmt":"2026-01-22T14:30:23","guid":{"rendered":"https:\/\/tofikolo.pl\/?post_type=product&#038;p=30252"},"modified":"2026-04-01T18:43:25","modified_gmt":"2026-04-01T16:43:25","slug":"felce-azzurra-zel-do-mycia-ciala-650ml-kwiat-ksiezycowy","status":"publish","type":"product","link":"https:\/\/tofikolo.pl\/en\/product\/felce-azzurra-zel-do-mycia-ciala-650ml-kwiat-ksiezycowy\/","title":{"rendered":"Felce Azzurra Fiori di Luna (Kwiaty Ksi\u0119\u017cycowe) &#8211; \u017bel pod prysznic &#8211; 650ml"},"content":{"rendered":"<p>Zadbaj o sw\u00f3j nocny odpoczynek ju\u017c na etapie k\u0105pieli. <b data-path-to-node=\"31\" data-index-in-node=\"66\">Felce Azzurra Fiori di Luna<\/b> (&#8222;Essenza Rilassante&#8221;) to innowacyjny \u017cel z W\u0142och, kt\u00f3ry wykorzystuje opatentowan\u0105 technologi\u0119 <b data-path-to-node=\"31\" data-index-in-node=\"189\">DreamScentz\u2122<\/b>. Kompozycja zapachowa oparta na &#8222;kwiatach ksi\u0119\u017cycowych&#8221; zosta\u0142a zaprojektowana tak, aby poprzez zmys\u0142 w\u0119chu wyciszy\u0107 uk\u0142ad nerwowy i u\u0142atwi\u0107 zasypianie. Zapach jest subtelny, lekko mistyczny i niezwykle koj\u0105cy. \u017bel delikatnie myje i przygotowuje cia\u0142o do regeneracji, pozostawiaj\u0105c sk\u00f3r\u0119 odpr\u0119\u017con\u0105 i mi\u0119kk\u0105. To idealne rozwi\u0105zanie dla os\u00f3b \u017cyj\u0105cych w po\u015bpiechu, kt\u00f3re szukaj\u0105 ukojenia przed snem.<\/p>","protected":false},"excerpt":{"rendered":"<p data-path-to-node=\"30,0,0\"><b data-path-to-node=\"30,0,0\" data-index-in-node=\"0\">Kraj pochodzenia:<\/b> W\u0142ochy \ud83c\uddee\ud83c\uddf9<\/p>\n<p data-path-to-node=\"30,1,0\"><b data-path-to-node=\"30,1,0\" data-index-in-node=\"0\">Zapach:<\/b> Nocne kwiaty o dzia\u0142aniu relaksuj\u0105cym \ud83c\udf19\ud83d\udc9c<\/p>\n<p data-path-to-node=\"30,2,0\"><b data-path-to-node=\"30,2,0\" data-index-in-node=\"0\">Efekt:<\/b> Spokojny sen i wyciszenie emocji.<\/p>\n<p data-path-to-node=\"30,3,0\"><b data-path-to-node=\"30,3,0\" data-index-in-node=\"0\">Cechy:<\/b> Innowacyjna technologia DreamScentz\u2122.<\/p>","protected":false},"featured_media":30238,"comment_status":"open","ping_status":"closed","template":"","meta":[],"product_brand":[241],"product_cat":[218,237],"product_tag":[],"class_list":{"0":"post-30252","1":"product","2":"type-product","3":"status-publish","4":"has-post-thumbnail","6":"product_brand-felce-azzurra","7":"product_cat-bez-kategorii","8":"product_cat-zel-pod-prysznic","10":"first","11":"instock","12":"shipping-taxable","13":"purchasable","14":"product-type-simple"},"_links":{"self":[{"href":"https:\/\/tofikolo.pl\/en\/wp-json\/wp\/v2\/product\/30252","targetHints":{"allow":["GET"]}}],"collection":[{"href":"https:\/\/tofikolo.pl\/en\/wp-json\/wp\/v2\/product"}],"about":[{"href":"https:\/\/tofikolo.pl\/en\/wp-json\/wp\/v2\/types\/product"}],"replies":[{"embeddable":true,"href":"https:\/\/tofikolo.pl\/en\/wp-json\/wp\/v2\/comments?post=30252"}],"version-history":[{"count":4,"href":"https:\/\/tofikolo.pl\/en\/wp-json\/wp\/v2\/product\/30252\/revisions"}],"predecessor-version":[{"id":31663,"href":"https:\/\/tofikolo.pl\/en\/wp-json\/wp\/v2\/product\/30252\/revisions\/31663"}],"wp:featuredmedia":[{"embeddable":true,"href":"https:\/\/tofikolo.pl\/en\/wp-json\/wp\/v2\/media\/30238"}],"wp:attachment":[{"href":"https:\/\/tofikolo.pl\/en\/wp-json\/wp\/v2\/media?parent=30252"}],"wp:term":[{"taxonomy":"product_brand","embeddable":true,"href":"https:\/\/tofikolo.pl\/en\/wp-json\/wp\/v2\/product_brand?post=30252"},{"taxonomy":"product_cat","embeddable":true,"href":"https:\/\/tofikolo.pl\/en\/wp-json\/wp\/v2\/product_cat?post=30252"},{"taxonomy":"product_tag","embeddable":true,"href":"https:\/\/tofikolo.pl\/en\/wp-json\/wp\/v2\/product_tag?post=30252"}],"curies":[{"name":"wp","href":"https:\/\/api.w.org\/{rel}","templated":true}]}}