{"id":30254,"date":"2026-01-22T15:31:13","date_gmt":"2026-01-22T14:31:13","guid":{"rendered":"https:\/\/tofikolo.pl\/?post_type=product&#038;p=30254"},"modified":"2026-04-01T18:44:07","modified_gmt":"2026-04-01T16:44:07","slug":"felce-azzurra-zel-do-mycia-ciala-650ml-kokos-i-bambus","status":"publish","type":"product","link":"https:\/\/tofikolo.pl\/en\/product\/felce-azzurra-zel-do-mycia-ciala-650ml-kokos-i-bambus\/","title":{"rendered":"Felce Azzurra Coconut &#038; Bamboo (Kokos i Bambus) &#8211; \u017bel pod prysznic &#8211; 650ml"},"content":{"rendered":"<p>Zapomnij o ci\u0119\u017ckich, przes\u0142odzonych zapachach kokosa. W\u0142oska marka stworzy\u0142a <b data-path-to-node=\"36\" data-index-in-node=\"89\">Felce Azzurra Coconut &amp; Bamboo<\/b> \u2013 &#8222;Vitality Essence&#8221;, kt\u00f3ra redefiniuje poj\u0119cie egzotyki. S\u0142odycz wody kokosowej zosta\u0142a tu prze\u0142amana krystaliczn\u0105, zielon\u0105 nut\u0105 bambusa, co daje efekt niesamowitej lekko\u015bci i witalno\u015bci. Ten \u017cel pod prysznic to prawdziwy &#8222;zastrzyk&#8221; \u015bwie\u017co\u015bci, idealny po treningu lub w upalne, letnie dni. Skoncentrowana formu\u0142a dba o nawodnienie nask\u00f3rka, sprawiaj\u0105c, \u017ce sk\u00f3ra jest spr\u0119\u017cysta i pe\u0142na \u017cycia. Poczuj w\u0142oski temperament w nowoczesnym, egzotycznym wydaniu.<\/p>","protected":false},"excerpt":{"rendered":"<p data-path-to-node=\"35,0,0\"><b data-path-to-node=\"35,0,0\" data-index-in-node=\"0\">Kraj pochodzenia:<\/b> W\u0142ochy \ud83c\uddee\ud83c\uddf9<\/p>\n<p data-path-to-node=\"35,1,0\"><b data-path-to-node=\"35,1,0\" data-index-in-node=\"0\">Zapach:<\/b> Egzotyczny kokos i \u015bwie\u017cy, zielony bambus \ud83e\udd65\ud83c\udf3f<\/p>\n<p data-path-to-node=\"35,2,0\"><b data-path-to-node=\"35,2,0\" data-index-in-node=\"0\">Efekt:<\/b> Witalno\u015b\u0107, lekko\u015b\u0107 i d\u0142ugotrwa\u0142a \u015bwie\u017co\u015b\u0107.<\/p>\n<p data-path-to-node=\"35,3,0\"><b data-path-to-node=\"35,3,0\" data-index-in-node=\"0\">Cechy:<\/b> &#8222;Vitality Essence&#8221; \u2013 nowoczesny, rze\u015bki zapach.<\/p>","protected":false},"featured_media":30240,"comment_status":"open","ping_status":"closed","template":"","meta":[],"product_brand":[241],"product_cat":[218,237],"product_tag":[],"class_list":{"0":"post-30254","1":"product","2":"type-product","3":"status-publish","4":"has-post-thumbnail","6":"product_brand-felce-azzurra","7":"product_cat-bez-kategorii","8":"product_cat-zel-pod-prysznic","10":"first","11":"instock","12":"shipping-taxable","13":"purchasable","14":"product-type-simple"},"_links":{"self":[{"href":"https:\/\/tofikolo.pl\/en\/wp-json\/wp\/v2\/product\/30254","targetHints":{"allow":["GET"]}}],"collection":[{"href":"https:\/\/tofikolo.pl\/en\/wp-json\/wp\/v2\/product"}],"about":[{"href":"https:\/\/tofikolo.pl\/en\/wp-json\/wp\/v2\/types\/product"}],"replies":[{"embeddable":true,"href":"https:\/\/tofikolo.pl\/en\/wp-json\/wp\/v2\/comments?post=30254"}],"version-history":[{"count":4,"href":"https:\/\/tofikolo.pl\/en\/wp-json\/wp\/v2\/product\/30254\/revisions"}],"predecessor-version":[{"id":31664,"href":"https:\/\/tofikolo.pl\/en\/wp-json\/wp\/v2\/product\/30254\/revisions\/31664"}],"wp:featuredmedia":[{"embeddable":true,"href":"https:\/\/tofikolo.pl\/en\/wp-json\/wp\/v2\/media\/30240"}],"wp:attachment":[{"href":"https:\/\/tofikolo.pl\/en\/wp-json\/wp\/v2\/media?parent=30254"}],"wp:term":[{"taxonomy":"product_brand","embeddable":true,"href":"https:\/\/tofikolo.pl\/en\/wp-json\/wp\/v2\/product_brand?post=30254"},{"taxonomy":"product_cat","embeddable":true,"href":"https:\/\/tofikolo.pl\/en\/wp-json\/wp\/v2\/product_cat?post=30254"},{"taxonomy":"product_tag","embeddable":true,"href":"https:\/\/tofikolo.pl\/en\/wp-json\/wp\/v2\/product_tag?post=30254"}],"curies":[{"name":"wp","href":"https:\/\/api.w.org\/{rel}","templated":true}]}}