{"id":30304,"date":"2026-01-23T14:00:39","date_gmt":"2026-01-23T13:00:39","guid":{"rendered":"https:\/\/tofikolo.pl\/?post_type=product&#038;p=30304"},"modified":"2026-04-01T18:48:51","modified_gmt":"2026-04-01T16:48:51","slug":"softlan-ultra-traumfrisch","status":"publish","type":"product","link":"https:\/\/tofikolo.pl\/en\/product\/softlan-ultra-traumfrisch\/","title":{"rendered":"Softlan Ultra Traumfrisch (Fioletowy \u2013 Lawendowy) &#8211; P\u0142yn do p\u0142ukania tkanin"},"content":{"rendered":"<p data-path-to-node=\"16\">Przenie\u015b si\u0119 do krainy spokoju z <b data-path-to-node=\"16\" data-index-in-node=\"45\">Softlan Ultra Traumfrisch<\/b>. Ten luksusowy koncentrat to doskona\u0142y przyk\u0142ad legendarnej jako\u015bci <b data-path-to-node=\"16\" data-index-in-node=\"139\">chemii z Niemiec<\/b>. Wykorzystuje zaawansowan\u0105 technologi\u0119 3D, kt\u00f3ra uwalnia cz\u0105steczki zapachowe stopniowo, sprawiaj\u0105c, \u017ce Twoje ubrania pachn\u0105 jak \u015bwie\u017co wyj\u0119te z pralki nawet przez miesi\u0105c przechowywania w szafie.<\/p>\n<p data-path-to-node=\"17\">Dominuj\u0105ce nuty lawendy dzia\u0142aj\u0105 odpr\u0119\u017caj\u0105co, czyni\u0105c ten p\u0142yn idealnym wyborem do p\u0142ukania po\u015bcieli i ubra\u0144 domowych. Opr\u00f3cz aromaterapeutycznych w\u0142a\u015bciwo\u015bci, Softlan skutecznie chroni tkaniny przed mechaceniem i elektryzowaniem si\u0119, co znacz\u0105co u\u0142atwia prasowanie.<\/p>","protected":false},"excerpt":{"rendered":"<p data-path-to-node=\"15,0,0\"><b data-path-to-node=\"15,0,0\" data-index-in-node=\"0\">Pochodzenie:<\/b> Niemcy \ud83c\udde9\ud83c\uddea<\/p>\n<p data-path-to-node=\"15,1,0\"><b data-path-to-node=\"15,1,0\" data-index-in-node=\"0\">Zapach:<\/b> Lawenda i le\u015bne kwiaty (Traumfrisch) \ud83d\udc9c<\/p>\n<p data-path-to-node=\"15,2,0\"><b data-path-to-node=\"15,2,0\" data-index-in-node=\"0\">Cechy:<\/b> Technologia zapachu 3D \u2013 \u015bwie\u017co\u015b\u0107 do 30 dni.<\/p>\n<p data-path-to-node=\"15,3,0\"><b data-path-to-node=\"15,3,0\" data-index-in-node=\"0\">Wydajno\u015b\u0107:<\/b> 45 pra\u0144.<\/p>","protected":false},"featured_media":30291,"comment_status":"open","ping_status":"closed","template":"","meta":[],"product_brand":[220],"product_cat":[222,221],"product_tag":[],"class_list":{"0":"post-30304","1":"product","2":"type-product","3":"status-publish","4":"has-post-thumbnail","6":"product_brand-softlan","7":"product_cat-plyny-do-plukania-tkanin","8":"product_cat-pranie","10":"first","11":"instock","12":"shipping-taxable","13":"purchasable","14":"product-type-simple"},"_links":{"self":[{"href":"https:\/\/tofikolo.pl\/en\/wp-json\/wp\/v2\/product\/30304","targetHints":{"allow":["GET"]}}],"collection":[{"href":"https:\/\/tofikolo.pl\/en\/wp-json\/wp\/v2\/product"}],"about":[{"href":"https:\/\/tofikolo.pl\/en\/wp-json\/wp\/v2\/types\/product"}],"replies":[{"embeddable":true,"href":"https:\/\/tofikolo.pl\/en\/wp-json\/wp\/v2\/comments?post=30304"}],"version-history":[{"count":3,"href":"https:\/\/tofikolo.pl\/en\/wp-json\/wp\/v2\/product\/30304\/revisions"}],"predecessor-version":[{"id":31650,"href":"https:\/\/tofikolo.pl\/en\/wp-json\/wp\/v2\/product\/30304\/revisions\/31650"}],"wp:featuredmedia":[{"embeddable":true,"href":"https:\/\/tofikolo.pl\/en\/wp-json\/wp\/v2\/media\/30291"}],"wp:attachment":[{"href":"https:\/\/tofikolo.pl\/en\/wp-json\/wp\/v2\/media?parent=30304"}],"wp:term":[{"taxonomy":"product_brand","embeddable":true,"href":"https:\/\/tofikolo.pl\/en\/wp-json\/wp\/v2\/product_brand?post=30304"},{"taxonomy":"product_cat","embeddable":true,"href":"https:\/\/tofikolo.pl\/en\/wp-json\/wp\/v2\/product_cat?post=30304"},{"taxonomy":"product_tag","embeddable":true,"href":"https:\/\/tofikolo.pl\/en\/wp-json\/wp\/v2\/product_tag?post=30304"}],"curies":[{"name":"wp","href":"https:\/\/api.w.org\/{rel}","templated":true}]}}