{"id":30307,"date":"2026-01-23T14:12:05","date_gmt":"2026-01-23T13:12:05","guid":{"rendered":"https:\/\/tofikolo.pl\/?post_type=product&#038;p=30307"},"modified":"2026-04-01T18:50:19","modified_gmt":"2026-04-01T16:50:19","slug":"softlan-ultra-windfrisch","status":"publish","type":"product","link":"https:\/\/tofikolo.pl\/en\/product\/softlan-ultra-windfrisch\/","title":{"rendered":"Softlan Ultra Windfrisch (Niebieski \u2013 \u015awie\u017co\u015b\u0107 Wiatru) &#8211; P\u0142yn do p\u0142ukania tkanin"},"content":{"rendered":"<p data-path-to-node=\"22\"><b data-path-to-node=\"22\" data-index-in-node=\"12\">Softlan Ultra Windfrisch<\/b> to absolutny klasyk z rynku niemieckiego, uwielbiany za bezkompromisow\u0105 \u015bwie\u017co\u015b\u0107. Je\u015bli kochasz zapach prania suszonego na wiosennym wietrze, ten produkt jest stworzony dla Ciebie.<\/p>\n<p data-path-to-node=\"23\">Pochodz\u0105cy z Niemiec koncentrat nadaje ubraniom krystaliczn\u0105 \u015bwie\u017co\u015b\u0107, kt\u00f3ra kojarzy si\u0119 z czysto\u015bci\u0105 i now\u0105 energi\u0105. Dzi\u0119ki specjalnej formule &#8222;Anti-Knitter-Formel&#8221;, p\u0142yn dba o elastyczno\u015b\u0107 materia\u0142\u00f3w, zapobiegaj\u0105c ich rozci\u0105ganiu i utracie intensywnych barw. To najlepszy wyb\u00f3r do codziennego prania odzie\u017cy sportowej, casualowej oraz tekstyli\u00f3w domowych, kt\u00f3re maj\u0105 zachwyca\u0107 mi\u0119kko\u015bci\u0105.<\/p>","protected":false},"excerpt":{"rendered":"<p data-path-to-node=\"21,0,0\"><b data-path-to-node=\"21,0,0\" data-index-in-node=\"0\">Pochodzenie:<\/b> Niemcy \ud83c\udde9\ud83c\uddea<\/p>\n<p data-path-to-node=\"21,1,0\"><b data-path-to-node=\"21,1,0\" data-index-in-node=\"0\">Zapach:<\/b> Morska bryza i rze\u015bkie powietrze \ud83c\udf0a<\/p>\n<p data-path-to-node=\"21,2,0\"><b data-path-to-node=\"21,2,0\" data-index-in-node=\"0\">Cechy:<\/b> Klasyczna \u015bwie\u017co\u015b\u0107, ochrona kolor\u00f3w i w\u0142\u00f3kien.<\/p>\n<p data-path-to-node=\"21,3,0\"><b data-path-to-node=\"21,3,0\" data-index-in-node=\"0\">Wydajno\u015b\u0107:<\/b> 45 pra\u0144.<\/p>","protected":false},"featured_media":30294,"comment_status":"open","ping_status":"closed","template":"","meta":[],"product_brand":[220],"product_cat":[222,221],"product_tag":[],"class_list":{"0":"post-30307","1":"product","2":"type-product","3":"status-publish","4":"has-post-thumbnail","6":"product_brand-softlan","7":"product_cat-plyny-do-plukania-tkanin","8":"product_cat-pranie","10":"first","11":"instock","12":"shipping-taxable","13":"purchasable","14":"product-type-simple"},"_links":{"self":[{"href":"https:\/\/tofikolo.pl\/en\/wp-json\/wp\/v2\/product\/30307","targetHints":{"allow":["GET"]}}],"collection":[{"href":"https:\/\/tofikolo.pl\/en\/wp-json\/wp\/v2\/product"}],"about":[{"href":"https:\/\/tofikolo.pl\/en\/wp-json\/wp\/v2\/types\/product"}],"replies":[{"embeddable":true,"href":"https:\/\/tofikolo.pl\/en\/wp-json\/wp\/v2\/comments?post=30307"}],"version-history":[{"count":4,"href":"https:\/\/tofikolo.pl\/en\/wp-json\/wp\/v2\/product\/30307\/revisions"}],"predecessor-version":[{"id":31652,"href":"https:\/\/tofikolo.pl\/en\/wp-json\/wp\/v2\/product\/30307\/revisions\/31652"}],"wp:featuredmedia":[{"embeddable":true,"href":"https:\/\/tofikolo.pl\/en\/wp-json\/wp\/v2\/media\/30294"}],"wp:attachment":[{"href":"https:\/\/tofikolo.pl\/en\/wp-json\/wp\/v2\/media?parent=30307"}],"wp:term":[{"taxonomy":"product_brand","embeddable":true,"href":"https:\/\/tofikolo.pl\/en\/wp-json\/wp\/v2\/product_brand?post=30307"},{"taxonomy":"product_cat","embeddable":true,"href":"https:\/\/tofikolo.pl\/en\/wp-json\/wp\/v2\/product_cat?post=30307"},{"taxonomy":"product_tag","embeddable":true,"href":"https:\/\/tofikolo.pl\/en\/wp-json\/wp\/v2\/product_tag?post=30307"}],"curies":[{"name":"wp","href":"https:\/\/api.w.org\/{rel}","templated":true}]}}