{"id":30309,"date":"2026-01-23T14:15:18","date_gmt":"2026-01-23T13:15:18","guid":{"rendered":"https:\/\/tofikolo.pl\/?post_type=product&#038;p=30309"},"modified":"2026-04-01T18:49:31","modified_gmt":"2026-04-01T16:49:31","slug":"softlan-ultra-fruhlingsfrisch","status":"publish","type":"product","link":"https:\/\/tofikolo.pl\/en\/product\/softlan-ultra-fruhlingsfrisch\/","title":{"rendered":"Softlan Ultra Fr\u00fchlingsfrisch (Zielony \u2013 Wiosenna \u015awie\u017co\u015b\u0107) &#8211; P\u0142yn do p\u0142ukania tkanin"},"content":{"rendered":"<p data-path-to-node=\"28\">Poczuj energi\u0119 budz\u0105cej si\u0119 do \u017cycia natury dzi\u0119ki <b data-path-to-node=\"28\" data-index-in-node=\"63\">Softlan Ultra Fr\u00fchlingsfrisch<\/b>. Ten oryginalny produkt z importu to esencja wiosennego ogrodu zamkni\u0119ta w wydajnej butelce. G\u0142\u00f3wn\u0105 nut\u0105 zapachow\u0105 jest tutaj <b data-path-to-node=\"28\" data-index-in-node=\"219\">\u015bwie\u017ca konwalia<\/b>, kt\u00f3ra wype\u0142ni Tw\u00f3j dom radosnym, kwiatowym aromatem.<\/p>\n<p data-path-to-node=\"29\">P\u0142yn nie tylko nadaje ubraniom pi\u0119kny zapach, ale r\u00f3wnie\u017c czyni je wyj\u0105tkowo puszystymi i delikatnymi dla cia\u0142a. Formu\u0142a Ultra jest niezwykle wydajna \u2013 niewielka nakr\u0119tka wystarczy, aby Twoje ulubione ubrania odzyska\u0142y blask, sta\u0142y si\u0119 mi\u0119kkie w dotyku i by\u0142y chronione przed niszcz\u0105cym dzia\u0142aniem twardej wody podczas p\u0142ukania.<\/p>","protected":false},"excerpt":{"rendered":"<p data-path-to-node=\"27,0,0\"><b data-path-to-node=\"27,0,0\" data-index-in-node=\"0\">Pochodzenie:<\/b> Niemcy \ud83c\udde9\ud83c\uddea<\/p>\n<p data-path-to-node=\"27,1,0\"><b data-path-to-node=\"27,1,0\" data-index-in-node=\"0\">Zapach:<\/b> Konwalia i wiosenny ogr\u00f3d \ud83c\udf3f<\/p>\n<p data-path-to-node=\"27,2,0\"><b data-path-to-node=\"27,2,0\" data-index-in-node=\"0\">Cechy:<\/b> Nadaje niesamowit\u0105 puszysto\u015b\u0107 i mi\u0119kko\u015b\u0107.<\/p>\n<p data-path-to-node=\"27,3,0\"><b data-path-to-node=\"27,3,0\" data-index-in-node=\"0\">Wydajno\u015b\u0107:<\/b> 45 pra\u0144.<\/p>","protected":false},"featured_media":30297,"comment_status":"open","ping_status":"closed","template":"","meta":[],"product_brand":[220],"product_cat":[222,221],"product_tag":[],"class_list":{"0":"post-30309","1":"product","2":"type-product","3":"status-publish","4":"has-post-thumbnail","6":"product_brand-softlan","7":"product_cat-plyny-do-plukania-tkanin","8":"product_cat-pranie","10":"first","11":"instock","12":"shipping-taxable","13":"purchasable","14":"product-type-simple"},"_links":{"self":[{"href":"https:\/\/tofikolo.pl\/en\/wp-json\/wp\/v2\/product\/30309","targetHints":{"allow":["GET"]}}],"collection":[{"href":"https:\/\/tofikolo.pl\/en\/wp-json\/wp\/v2\/product"}],"about":[{"href":"https:\/\/tofikolo.pl\/en\/wp-json\/wp\/v2\/types\/product"}],"replies":[{"embeddable":true,"href":"https:\/\/tofikolo.pl\/en\/wp-json\/wp\/v2\/comments?post=30309"}],"version-history":[{"count":4,"href":"https:\/\/tofikolo.pl\/en\/wp-json\/wp\/v2\/product\/30309\/revisions"}],"predecessor-version":[{"id":31654,"href":"https:\/\/tofikolo.pl\/en\/wp-json\/wp\/v2\/product\/30309\/revisions\/31654"}],"wp:featuredmedia":[{"embeddable":true,"href":"https:\/\/tofikolo.pl\/en\/wp-json\/wp\/v2\/media\/30297"}],"wp:attachment":[{"href":"https:\/\/tofikolo.pl\/en\/wp-json\/wp\/v2\/media?parent=30309"}],"wp:term":[{"taxonomy":"product_brand","embeddable":true,"href":"https:\/\/tofikolo.pl\/en\/wp-json\/wp\/v2\/product_brand?post=30309"},{"taxonomy":"product_cat","embeddable":true,"href":"https:\/\/tofikolo.pl\/en\/wp-json\/wp\/v2\/product_cat?post=30309"},{"taxonomy":"product_tag","embeddable":true,"href":"https:\/\/tofikolo.pl\/en\/wp-json\/wp\/v2\/product_tag?post=30309"}],"curies":[{"name":"wp","href":"https:\/\/api.w.org\/{rel}","templated":true}]}}