{"id":30311,"date":"2026-01-23T14:18:03","date_gmt":"2026-01-23T13:18:03","guid":{"rendered":"https:\/\/tofikolo.pl\/?post_type=product&#038;p=30311"},"modified":"2026-04-01T18:49:47","modified_gmt":"2026-04-01T16:49:47","slug":"softlan-ultra-vanille-orchidee","status":"publish","type":"product","link":"https:\/\/tofikolo.pl\/en\/product\/softlan-ultra-vanille-orchidee\/","title":{"rendered":"Softlan Ultra Vanille &#038; Orchidee (\u017b\u00f3\u0142ty \u2013 Wanilia i Orchidea) &#8211; P\u0142yn do p\u0142ukania tkanin"},"content":{"rendered":"<p data-path-to-node=\"34\">Dla wielbicieli eleganckich i otulaj\u0105cych aromat\u00f3w stworzono <b data-path-to-node=\"34\" data-index-in-node=\"73\">Softlan Ultra Vanille &amp; Orchidee<\/b>. To ekskluzywny wariant p\u0142ynu prosto z Niemiec, kt\u00f3ry \u0142\u0105czy w sobie s\u0142odycz wanilii z egzotyczn\u0105 nut\u0105 orchidei, tworz\u0105c kompozycj\u0119 godn\u0105 najlepszych perfum.<\/p>\n<p data-path-to-node=\"35\">Zapach jest zmys\u0142owy i niezwykle trwa\u0142y, nadaj\u0105c Twojej garderobie luksusowego charakteru. Produkt zosta\u0142 wzbogacony o substancje piel\u0119gnuj\u0105ce, kt\u00f3re sprawiaj\u0105, \u017ce nawet sztywne po praniu materia\u0142y staj\u0105 si\u0119 aksamitnie g\u0142adkie. Doskonale sprawdza si\u0119 przy p\u0142ukaniu swetr\u00f3w, kocy oraz eleganckiej odzie\u017cy wyj\u015bciowej, chroni\u0105c je przed deformacj\u0105 i dbaj\u0105c o g\u0142\u0119bi\u0119 kolor\u00f3w.<\/p>","protected":false},"excerpt":{"rendered":"<p data-path-to-node=\"33,0,0\"><b data-path-to-node=\"33,0,0\" data-index-in-node=\"0\">Pochodzenie:<\/b> Niemcy \ud83c\udde9\ud83c\uddea<\/p>\n<p data-path-to-node=\"33,1,0\"><b data-path-to-node=\"33,1,0\" data-index-in-node=\"0\">Zapach:<\/b> S\u0142odka wanilia i egzotyczna orchidea \ud83c\udf3c<\/p>\n<p data-path-to-node=\"33,2,0\"><b data-path-to-node=\"33,2,0\" data-index-in-node=\"0\">Cechy:<\/b> Luksusowy, trwa\u0142y aromat i aksamitna g\u0142adko\u015b\u0107.<\/p>\n<p data-path-to-node=\"33,3,0\"><b data-path-to-node=\"33,3,0\" data-index-in-node=\"0\">Wydajno\u015b\u0107:<\/b> 45 pra\u0144.<\/p>","protected":false},"featured_media":30300,"comment_status":"open","ping_status":"closed","template":"","meta":[],"product_brand":[220],"product_cat":[222,221],"product_tag":[],"class_list":{"0":"post-30311","1":"product","2":"type-product","3":"status-publish","4":"has-post-thumbnail","6":"product_brand-softlan","7":"product_cat-plyny-do-plukania-tkanin","8":"product_cat-pranie","10":"first","11":"instock","12":"shipping-taxable","13":"purchasable","14":"product-type-simple"},"_links":{"self":[{"href":"https:\/\/tofikolo.pl\/en\/wp-json\/wp\/v2\/product\/30311","targetHints":{"allow":["GET"]}}],"collection":[{"href":"https:\/\/tofikolo.pl\/en\/wp-json\/wp\/v2\/product"}],"about":[{"href":"https:\/\/tofikolo.pl\/en\/wp-json\/wp\/v2\/types\/product"}],"replies":[{"embeddable":true,"href":"https:\/\/tofikolo.pl\/en\/wp-json\/wp\/v2\/comments?post=30311"}],"version-history":[{"count":4,"href":"https:\/\/tofikolo.pl\/en\/wp-json\/wp\/v2\/product\/30311\/revisions"}],"predecessor-version":[{"id":31656,"href":"https:\/\/tofikolo.pl\/en\/wp-json\/wp\/v2\/product\/30311\/revisions\/31656"}],"wp:featuredmedia":[{"embeddable":true,"href":"https:\/\/tofikolo.pl\/en\/wp-json\/wp\/v2\/media\/30300"}],"wp:attachment":[{"href":"https:\/\/tofikolo.pl\/en\/wp-json\/wp\/v2\/media?parent=30311"}],"wp:term":[{"taxonomy":"product_brand","embeddable":true,"href":"https:\/\/tofikolo.pl\/en\/wp-json\/wp\/v2\/product_brand?post=30311"},{"taxonomy":"product_cat","embeddable":true,"href":"https:\/\/tofikolo.pl\/en\/wp-json\/wp\/v2\/product_cat?post=30311"},{"taxonomy":"product_tag","embeddable":true,"href":"https:\/\/tofikolo.pl\/en\/wp-json\/wp\/v2\/product_tag?post=30311"}],"curies":[{"name":"wp","href":"https:\/\/api.w.org\/{rel}","templated":true}]}}