{"id":30364,"date":"2026-02-04T15:29:22","date_gmt":"2026-02-04T14:29:22","guid":{"rendered":"https:\/\/tofikolo.pl\/?post_type=product&#038;p=30364"},"modified":"2026-04-01T18:42:24","modified_gmt":"2026-04-01T16:42:24","slug":"felce-azzurra-lavanda-in-fiore-lawenda","status":"publish","type":"product","link":"https:\/\/tofikolo.pl\/en\/product\/felce-azzurra-lavanda-in-fiore-lawenda\/","title":{"rendered":"Felce Azzurra Lavanda in Fiore (Lawenda) &#8211; P\u0142yn do Mycia Pod\u0142\u00f3g &#8211; 1L"},"content":{"rendered":"<p>Zapomnij o chemicznych zapachach sprz\u0105tania \u2013 zapro\u015b do domu <b data-path-to-node=\"28\" data-index-in-node=\"73\">Felce Azzurra Lavanda in Fiore<\/b>. To kultowy w\u0142oski p\u0142yn, kt\u00f3ry zamienia obowi\u0105zki domowe w seans aromaterapii. Oparty na sk\u0142adnikach pochodzenia naturalnego, gwarantuje dog\u0142\u0119bne czyszczenie bez ryzyka uszkodzenia delikatnych powierzchni. Zapach lawendy jest tutaj autentyczny, g\u0142\u0119boki i niezwykle trwa\u0142y, dzi\u0119ki czemu po sprz\u0105taniu Tw\u00f3j salon i sypialnia wype\u0142ni\u0105 si\u0119 koj\u0105c\u0105 aur\u0105 spokoju. To w\u0142oski spos\u00f3b na nieskaziteln\u0105 czysto\u015b\u0107 i harmonijne wn\u0119trze.<\/p>","protected":false},"excerpt":{"rendered":"<p data-path-to-node=\"27,0,0\"><b data-path-to-node=\"27,0,0\" data-index-in-node=\"0\">Kraj pochodzenia:<\/b> W\u0142ochy \ud83c\uddee\ud83c\uddf9<\/p>\n<p data-path-to-node=\"27,1,0\"><b data-path-to-node=\"27,1,0\" data-index-in-node=\"0\">Zapach:<\/b> Kwitn\u0105ca lawenda z Prowansji \ud83d\udc9c<\/p>\n<p data-path-to-node=\"27,2,0\"><b data-path-to-node=\"27,2,0\" data-index-in-node=\"0\">Zastosowanie:<\/b> Wszystkie rodzaje powierzchni.<\/p>\n<p data-path-to-node=\"27,3,0\"><b data-path-to-node=\"27,3,0\" data-index-in-node=\"0\">Efekt:<\/b> Dom pe\u0142en spokoju i naturalnej \u015bwie\u017co\u015bci.<\/p>","protected":false},"featured_media":30366,"comment_status":"open","ping_status":"closed","template":"","meta":[],"product_brand":[241],"product_cat":[242,235],"product_tag":[],"class_list":{"0":"post-30364","1":"product","2":"type-product","3":"status-publish","4":"has-post-thumbnail","6":"product_brand-felce-azzurra","7":"product_cat-plyn-do-podlog","8":"product_cat-srodki-czystosci","10":"first","11":"instock","12":"shipping-taxable","13":"purchasable","14":"product-type-simple"},"_links":{"self":[{"href":"https:\/\/tofikolo.pl\/en\/wp-json\/wp\/v2\/product\/30364","targetHints":{"allow":["GET"]}}],"collection":[{"href":"https:\/\/tofikolo.pl\/en\/wp-json\/wp\/v2\/product"}],"about":[{"href":"https:\/\/tofikolo.pl\/en\/wp-json\/wp\/v2\/types\/product"}],"replies":[{"embeddable":true,"href":"https:\/\/tofikolo.pl\/en\/wp-json\/wp\/v2\/comments?post=30364"}],"version-history":[{"count":3,"href":"https:\/\/tofikolo.pl\/en\/wp-json\/wp\/v2\/product\/30364\/revisions"}],"predecessor-version":[{"id":31696,"href":"https:\/\/tofikolo.pl\/en\/wp-json\/wp\/v2\/product\/30364\/revisions\/31696"}],"wp:featuredmedia":[{"embeddable":true,"href":"https:\/\/tofikolo.pl\/en\/wp-json\/wp\/v2\/media\/30366"}],"wp:attachment":[{"href":"https:\/\/tofikolo.pl\/en\/wp-json\/wp\/v2\/media?parent=30364"}],"wp:term":[{"taxonomy":"product_brand","embeddable":true,"href":"https:\/\/tofikolo.pl\/en\/wp-json\/wp\/v2\/product_brand?post=30364"},{"taxonomy":"product_cat","embeddable":true,"href":"https:\/\/tofikolo.pl\/en\/wp-json\/wp\/v2\/product_cat?post=30364"},{"taxonomy":"product_tag","embeddable":true,"href":"https:\/\/tofikolo.pl\/en\/wp-json\/wp\/v2\/product_tag?post=30364"}],"curies":[{"name":"wp","href":"https:\/\/api.w.org\/{rel}","templated":true}]}}