{"id":30373,"date":"2026-02-04T15:31:58","date_gmt":"2026-02-04T14:31:58","guid":{"rendered":"https:\/\/tofikolo.pl\/?post_type=product&#038;p=30373"},"modified":"2026-03-26T16:12:50","modified_gmt":"2026-03-26T15:12:50","slug":"felce-azzurra-freschezza-di-primavera-wiosenna-swiezosc","status":"publish","type":"product","link":"https:\/\/tofikolo.pl\/en\/product\/felce-azzurra-freschezza-di-primavera-wiosenna-swiezosc\/","title":{"rendered":"Felce Azzurra Freschezza di Primavera (Wiosenna \u015awie\u017co\u015b\u0107) &#8211; P\u0142yn do Mycia Pod\u0142\u00f3g &#8211; 1L"},"content":{"rendered":"<p>Poczuj energi\u0119 budz\u0105cej si\u0119 do \u017cycia w\u0142oskiej wiosny. <b data-path-to-node=\"33\" data-index-in-node=\"66\">Freschezza di Primavera<\/b> to skoncentrowany p\u0142yn &#8222;multisuperficie&#8221;, kt\u00f3ry \u0142\u0105czy legendarn\u0105 wydajno\u015b\u0107 z delikatno\u015bci\u0105 dla d\u0142oni i \u015brodowiska. Je\u015bli cenisz zapach \u015bwie\u017co zerwanych kwiat\u00f3w, ta kompozycja konwalii i wiosennej rosy skradnie Twoje serce. P\u0142yn doskonale rozpuszcza t\u0142uszcz i codzienne zabrudzenia, pozostawiaj\u0105c pod\u0142ogi l\u015bni\u0105ce i ca\u0142kowicie wolne od smug. To idealny wyb\u00f3r dla os\u00f3b, kt\u00f3re chc\u0105, aby zapach &#8222;wiosennych porz\u0105dk\u00f3w&#8221; go\u015bci\u0142 w ich domu przez ca\u0142y rok.<\/p>","protected":false},"excerpt":{"rendered":"<p data-path-to-node=\"32,0,0\"><b data-path-to-node=\"32,0,0\" data-index-in-node=\"0\">Kraj pochodzenia:<\/b> W\u0142ochy \ud83c\uddee\ud83c\uddf9<\/p>\n<p data-path-to-node=\"32,1,0\"><b data-path-to-node=\"32,1,0\" data-index-in-node=\"0\">Zapach:<\/b> Wiosenne konwalie i poranna rosa \ud83c\udf38<\/p>\n<p data-path-to-node=\"32,2,0\"><b data-path-to-node=\"32,2,0\" data-index-in-node=\"0\">Zalety:<\/b> Nie pozostawia smug, b\u0142yskawicznie schnie.<\/p>\n<p data-path-to-node=\"32,3,0\"><b data-path-to-node=\"32,3,0\" data-index-in-node=\"0\">Efekt:<\/b> Nowa energia i blask w ca\u0142ym domu.<\/p>","protected":false},"featured_media":30368,"comment_status":"open","ping_status":"closed","template":"","meta":[],"product_brand":[241],"product_cat":[242,235],"product_tag":[],"class_list":{"0":"post-30373","1":"product","2":"type-product","3":"status-publish","4":"has-post-thumbnail","6":"product_brand-felce-azzurra","7":"product_cat-plyn-do-podlog","8":"product_cat-srodki-czystosci","10":"first","11":"instock","12":"shipping-taxable","13":"purchasable","14":"product-type-simple"},"_links":{"self":[{"href":"https:\/\/tofikolo.pl\/en\/wp-json\/wp\/v2\/product\/30373","targetHints":{"allow":["GET"]}}],"collection":[{"href":"https:\/\/tofikolo.pl\/en\/wp-json\/wp\/v2\/product"}],"about":[{"href":"https:\/\/tofikolo.pl\/en\/wp-json\/wp\/v2\/types\/product"}],"replies":[{"embeddable":true,"href":"https:\/\/tofikolo.pl\/en\/wp-json\/wp\/v2\/comments?post=30373"}],"version-history":[{"count":3,"href":"https:\/\/tofikolo.pl\/en\/wp-json\/wp\/v2\/product\/30373\/revisions"}],"predecessor-version":[{"id":31698,"href":"https:\/\/tofikolo.pl\/en\/wp-json\/wp\/v2\/product\/30373\/revisions\/31698"}],"wp:featuredmedia":[{"embeddable":true,"href":"https:\/\/tofikolo.pl\/en\/wp-json\/wp\/v2\/media\/30368"}],"wp:attachment":[{"href":"https:\/\/tofikolo.pl\/en\/wp-json\/wp\/v2\/media?parent=30373"}],"wp:term":[{"taxonomy":"product_brand","embeddable":true,"href":"https:\/\/tofikolo.pl\/en\/wp-json\/wp\/v2\/product_brand?post=30373"},{"taxonomy":"product_cat","embeddable":true,"href":"https:\/\/tofikolo.pl\/en\/wp-json\/wp\/v2\/product_cat?post=30373"},{"taxonomy":"product_tag","embeddable":true,"href":"https:\/\/tofikolo.pl\/en\/wp-json\/wp\/v2\/product_tag?post=30373"}],"curies":[{"name":"wp","href":"https:\/\/api.w.org\/{rel}","templated":true}]}}