{"id":30375,"date":"2026-02-04T15:37:00","date_gmt":"2026-02-04T14:37:00","guid":{"rendered":"https:\/\/tofikolo.pl\/?post_type=product&#038;p=30375"},"modified":"2026-04-01T18:42:37","modified_gmt":"2026-04-01T16:42:37","slug":"felce-azzurra-classico-klasyczny","status":"publish","type":"product","link":"https:\/\/tofikolo.pl\/en\/product\/felce-azzurra-classico-klasyczny\/","title":{"rendered":"Felce Azzurra Classico (Klasyczny) \u2013 P\u0142yn do Mycia Pod\u0142\u00f3g \u2013 1L"},"content":{"rendered":"<p><b data-path-to-node=\"38\" data-index-in-node=\"12\">Felce Azzurra Classico<\/b> to zapachowa ikona W\u0142och, kt\u00f3rej historia si\u0119ga ponad stu lat. Tajemnicza, pudrowo-paprociowa receptura marki Paglieri sprawia, \u017ce ten p\u0142yn do pod\u0142\u00f3g nie ma sobie r\u00f3wnych. To zapach czysto\u015bci, luksusu i tradycji, znany z najlepiej prowadzonych w\u0142oskich dom\u00f3w. P\u0142yn nie tylko perfekcyjnie usuwa brud, ale dzi\u0119ki zawarto\u015bci naturalnych ekstrakt\u00f3w nadaje czyszczonym powierzchniom szlachetny po\u0142ysk. Wybieraj\u0105c wersj\u0119 Classico, stawiasz na najwy\u017cszy standard sprz\u0105tania, kt\u00f3ry zachwyca domownik\u00f3w i go\u015bci swoj\u0105 niepowtarzaln\u0105, eleganck\u0105 nut\u0105.<\/p>","protected":false},"excerpt":{"rendered":"<p data-path-to-node=\"37,0,0\"><b data-path-to-node=\"37,0,0\" data-index-in-node=\"0\">Kraj pochodzenia:<\/b> W\u0142ochy \ud83c\uddee\ud83c\uddf9<\/p>\n<p data-path-to-node=\"37,1,0\"><b data-path-to-node=\"37,1,0\" data-index-in-node=\"0\">Zapach:<\/b> Legendarna, pudrowa nuta Paglieri \ud83c\udfdb\ufe0f\u2728<\/p>\n<p data-path-to-node=\"37,2,0\"><b data-path-to-node=\"37,2,0\" data-index-in-node=\"0\">Zalety:<\/b> Unikalna receptura z ponad 100 sk\u0142adnik\u00f3w.<\/p>\n<p data-path-to-node=\"37,3,0\"><b data-path-to-node=\"37,3,0\" data-index-in-node=\"0\">Efekt:<\/b> Ponadczasowa elegancja i diamentowy po\u0142ysk.<\/p>","protected":false},"featured_media":30370,"comment_status":"open","ping_status":"closed","template":"","meta":[],"product_brand":[241],"product_cat":[242,235],"product_tag":[],"class_list":{"0":"post-30375","1":"product","2":"type-product","3":"status-publish","4":"has-post-thumbnail","6":"product_brand-felce-azzurra","7":"product_cat-plyn-do-podlog","8":"product_cat-srodki-czystosci","10":"first","11":"instock","12":"shipping-taxable","13":"purchasable","14":"product-type-simple"},"_links":{"self":[{"href":"https:\/\/tofikolo.pl\/en\/wp-json\/wp\/v2\/product\/30375","targetHints":{"allow":["GET"]}}],"collection":[{"href":"https:\/\/tofikolo.pl\/en\/wp-json\/wp\/v2\/product"}],"about":[{"href":"https:\/\/tofikolo.pl\/en\/wp-json\/wp\/v2\/types\/product"}],"replies":[{"embeddable":true,"href":"https:\/\/tofikolo.pl\/en\/wp-json\/wp\/v2\/comments?post=30375"}],"version-history":[{"count":3,"href":"https:\/\/tofikolo.pl\/en\/wp-json\/wp\/v2\/product\/30375\/revisions"}],"predecessor-version":[{"id":31700,"href":"https:\/\/tofikolo.pl\/en\/wp-json\/wp\/v2\/product\/30375\/revisions\/31700"}],"wp:featuredmedia":[{"embeddable":true,"href":"https:\/\/tofikolo.pl\/en\/wp-json\/wp\/v2\/media\/30370"}],"wp:attachment":[{"href":"https:\/\/tofikolo.pl\/en\/wp-json\/wp\/v2\/media?parent=30375"}],"wp:term":[{"taxonomy":"product_brand","embeddable":true,"href":"https:\/\/tofikolo.pl\/en\/wp-json\/wp\/v2\/product_brand?post=30375"},{"taxonomy":"product_cat","embeddable":true,"href":"https:\/\/tofikolo.pl\/en\/wp-json\/wp\/v2\/product_cat?post=30375"},{"taxonomy":"product_tag","embeddable":true,"href":"https:\/\/tofikolo.pl\/en\/wp-json\/wp\/v2\/product_tag?post=30375"}],"curies":[{"name":"wp","href":"https:\/\/api.w.org\/{rel}","templated":true}]}}