{"id":30398,"date":"2026-02-04T16:42:01","date_gmt":"2026-02-04T15:42:01","guid":{"rendered":"https:\/\/tofikolo.pl\/?post_type=product&#038;p=30398"},"modified":"2026-04-01T18:40:37","modified_gmt":"2026-04-01T16:40:37","slug":"kalyon-plyn-do-podlog-25l-white-flowers","status":"publish","type":"product","link":"https:\/\/tofikolo.pl\/en\/product\/kalyon-plyn-do-podlog-25l-white-flowers\/","title":{"rendered":"Kalyon White Flowers (Bia\u0142y \u2013 Bia\u0142e Kwiaty) &#8211; Uniwersalny \u015brodek czyszcz\u0105cy \u2013 2,5L"},"content":{"rendered":"<p>Postaw na elegancj\u0119 i harmoni\u0119 w klasycznym wydaniu. <b data-path-to-node=\"16\" data-index-in-node=\"65\">Kalyon White Flowers<\/b> to p\u0142yn stworzony dla wielbicieli subtelnych, krystalicznych aromat\u00f3w. Kompozycja bia\u0142ych kwiat\u00f3w \u2013 szlachetnego ja\u015bminu oraz lilii \u2013 nadaje wn\u0119trzom wyj\u0105tkow\u0105 lekko\u015b\u0107 i poczucie absolutnej higieny. Turecka marka Kalyon zadba\u0142a nie tylko o zapach, ale i o funkcjonalno\u015b\u0107: p\u0142yn zawiera sk\u0142adniki piel\u0119gnuj\u0105ce, kt\u00f3re tworz\u0105 na powierzchniach mikro-pow\u0142ok\u0119 zapobiegaj\u0105c\u0105 szybkiemu osadzaniu si\u0119 kurzu. Szybkoschn\u0105ca formu\u0142a sprawia, \u017ce sprz\u0105tanie odbywa si\u0119 bez uci\u0105\u017cliwego polerowania, a Ty mo\u017cesz cieszy\u0107 si\u0119 nieskaziteln\u0105 czysto\u015bci\u0105 w kr\u00f3tszym czasie.<\/p>","protected":false},"excerpt":{"rendered":"<p data-path-to-node=\"15,0,0\"><b data-path-to-node=\"15,0,0\" data-index-in-node=\"0\">Kraj pochodzenia:<\/b> Turcja \ud83c\uddf9\ud83c\uddf7<\/p>\n<p data-path-to-node=\"15,1,0\"><b data-path-to-node=\"15,1,0\" data-index-in-node=\"0\">Zapach:<\/b> Elegancki ja\u015bmin i bia\u0142a lilia \ud83e\udd0d\ud83c\udf3c<\/p>\n<p data-path-to-node=\"15,2,0\"><b data-path-to-node=\"15,2,0\" data-index-in-node=\"0\">Efekt:<\/b> Sterylna \u015bwie\u017co\u015b\u0107 i ochrona przed kurzem.<\/p>\n<p data-path-to-node=\"15,3,0\"><b data-path-to-node=\"15,3,0\" data-index-in-node=\"0\">Cechy:<\/b> Szybkoschn\u0105ca formu\u0142a, nie wymaga polerowania.<\/p>","protected":false},"featured_media":30383,"comment_status":"open","ping_status":"closed","template":"","meta":[],"product_brand":[238],"product_cat":[242,235],"product_tag":[],"class_list":{"0":"post-30398","1":"product","2":"type-product","3":"status-publish","4":"has-post-thumbnail","6":"product_brand-kalyon","7":"product_cat-plyn-do-podlog","8":"product_cat-srodki-czystosci","10":"first","11":"instock","12":"shipping-taxable","13":"purchasable","14":"product-type-simple"},"_links":{"self":[{"href":"https:\/\/tofikolo.pl\/en\/wp-json\/wp\/v2\/product\/30398","targetHints":{"allow":["GET"]}}],"collection":[{"href":"https:\/\/tofikolo.pl\/en\/wp-json\/wp\/v2\/product"}],"about":[{"href":"https:\/\/tofikolo.pl\/en\/wp-json\/wp\/v2\/types\/product"}],"replies":[{"embeddable":true,"href":"https:\/\/tofikolo.pl\/en\/wp-json\/wp\/v2\/comments?post=30398"}],"version-history":[{"count":3,"href":"https:\/\/tofikolo.pl\/en\/wp-json\/wp\/v2\/product\/30398\/revisions"}],"predecessor-version":[{"id":31678,"href":"https:\/\/tofikolo.pl\/en\/wp-json\/wp\/v2\/product\/30398\/revisions\/31678"}],"wp:featuredmedia":[{"embeddable":true,"href":"https:\/\/tofikolo.pl\/en\/wp-json\/wp\/v2\/media\/30383"}],"wp:attachment":[{"href":"https:\/\/tofikolo.pl\/en\/wp-json\/wp\/v2\/media?parent=30398"}],"wp:term":[{"taxonomy":"product_brand","embeddable":true,"href":"https:\/\/tofikolo.pl\/en\/wp-json\/wp\/v2\/product_brand?post=30398"},{"taxonomy":"product_cat","embeddable":true,"href":"https:\/\/tofikolo.pl\/en\/wp-json\/wp\/v2\/product_cat?post=30398"},{"taxonomy":"product_tag","embeddable":true,"href":"https:\/\/tofikolo.pl\/en\/wp-json\/wp\/v2\/product_tag?post=30398"}],"curies":[{"name":"wp","href":"https:\/\/api.w.org\/{rel}","templated":true}]}}