{"id":30402,"date":"2026-02-04T16:45:23","date_gmt":"2026-02-04T15:45:23","guid":{"rendered":"https:\/\/tofikolo.pl\/?post_type=product&#038;p=30402"},"modified":"2026-04-01T18:39:55","modified_gmt":"2026-04-01T16:39:55","slug":"kalyon-plyn-do-podlog-1l-yellow-roses","status":"publish","type":"product","link":"https:\/\/tofikolo.pl\/en\/product\/kalyon-plyn-do-podlog-1l-yellow-roses\/","title":{"rendered":"Kalyon Yellow Roses (\u017b\u00f3\u0142ty \u2013 \u017b\u00f3\u0142te R\u00f3\u017ce) &#8211; Uniwersalny \u015brodek czyszcz\u0105cy \u2013 1L"},"content":{"rendered":"<p>Wprowad\u017a s\u0142o\u0144ce i energi\u0119 do swojego domu dzi\u0119ki p\u0142ynowi <b data-path-to-node=\"11\" data-index-in-node=\"69\">Kalyon Yellow Roses<\/b>. Ten wysokiej jako\u015bci produkt importowany z Turcji \u0142\u0105czy w sobie bezkompromisow\u0105 czysto\u015b\u0107 z intensywnym, optymistycznym zapachem \u015bwie\u017co rozkwit\u0142ych \u017c\u00f3\u0142tych r\u00f3\u017c. Zaawansowana formu\u0142a sprawia, \u017ce p\u0142yn jest bezlitosny dla t\u0142uszczu i osad\u00f3w, jednocze\u015bnie pozostaj\u0105c bezpiecznym dla delikatnych materia\u0142\u00f3w dzi\u0119ki zbalansowanemu pH. Idealnie nadaje si\u0119 do mycia du\u017cych powierzchni pod\u0142ogowych, jak i mniejszych detali, kt\u00f3rym chcesz nada\u0107 wysoki po\u0142ysk. To idealny wyb\u00f3r dla os\u00f3b, kt\u00f3re kochaj\u0105, gdy ich dom l\u015bni czysto\u015bci\u0105 i pachnie jak najlepsza kwiaciarnia.<\/p>","protected":false},"excerpt":{"rendered":"<p data-path-to-node=\"10,0,0\"><b data-path-to-node=\"10,0,0\" data-index-in-node=\"0\">Kraj pochodzenia:<\/b> Turcja \ud83c\uddf9\ud83c\uddf7<\/p>\n<p data-path-to-node=\"10,1,0\"><b data-path-to-node=\"10,1,0\" data-index-in-node=\"0\">Zapach:<\/b> Energetyzuj\u0105ce \u017c\u00f3\u0142te r\u00f3\u017ce \ud83c\udf39\ud83d\udfe1<\/p>\n<p data-path-to-node=\"10,2,0\"><b data-path-to-node=\"10,2,0\" data-index-in-node=\"0\">Efekt:<\/b> Higieniczna czysto\u015b\u0107 i blask &#8222;High Gloss&#8221;.<\/p>\n<p data-path-to-node=\"10,3,0\"><b data-path-to-node=\"10,3,0\" data-index-in-node=\"0\">Przeznaczenie:<\/b> Kuchnia, \u0142azienka, pod\u0142ogi \u2013 uniwersalna moc.<\/p>","protected":false},"featured_media":30388,"comment_status":"open","ping_status":"closed","template":"","meta":[],"product_brand":[238],"product_cat":[242,235],"product_tag":[],"class_list":{"0":"post-30402","1":"product","2":"type-product","3":"status-publish","4":"has-post-thumbnail","6":"product_brand-kalyon","7":"product_cat-plyn-do-podlog","8":"product_cat-srodki-czystosci","10":"first","11":"instock","12":"shipping-taxable","13":"purchasable","14":"product-type-simple"},"_links":{"self":[{"href":"https:\/\/tofikolo.pl\/en\/wp-json\/wp\/v2\/product\/30402","targetHints":{"allow":["GET"]}}],"collection":[{"href":"https:\/\/tofikolo.pl\/en\/wp-json\/wp\/v2\/product"}],"about":[{"href":"https:\/\/tofikolo.pl\/en\/wp-json\/wp\/v2\/types\/product"}],"replies":[{"embeddable":true,"href":"https:\/\/tofikolo.pl\/en\/wp-json\/wp\/v2\/comments?post=30402"}],"version-history":[{"count":3,"href":"https:\/\/tofikolo.pl\/en\/wp-json\/wp\/v2\/product\/30402\/revisions"}],"predecessor-version":[{"id":31674,"href":"https:\/\/tofikolo.pl\/en\/wp-json\/wp\/v2\/product\/30402\/revisions\/31674"}],"wp:featuredmedia":[{"embeddable":true,"href":"https:\/\/tofikolo.pl\/en\/wp-json\/wp\/v2\/media\/30388"}],"wp:attachment":[{"href":"https:\/\/tofikolo.pl\/en\/wp-json\/wp\/v2\/media?parent=30402"}],"wp:term":[{"taxonomy":"product_brand","embeddable":true,"href":"https:\/\/tofikolo.pl\/en\/wp-json\/wp\/v2\/product_brand?post=30402"},{"taxonomy":"product_cat","embeddable":true,"href":"https:\/\/tofikolo.pl\/en\/wp-json\/wp\/v2\/product_cat?post=30402"},{"taxonomy":"product_tag","embeddable":true,"href":"https:\/\/tofikolo.pl\/en\/wp-json\/wp\/v2\/product_tag?post=30402"}],"curies":[{"name":"wp","href":"https:\/\/api.w.org\/{rel}","templated":true}]}}