{"id":30657,"date":"2026-03-03T13:17:41","date_gmt":"2026-03-03T12:17:41","guid":{"rendered":"https:\/\/tofikolo.pl\/?post_type=product&#038;p=30657"},"modified":"2026-04-01T18:32:49","modified_gmt":"2026-04-01T16:32:49","slug":"dasty-aroma-drops-multisuperfici-vetri-gold-vibe","status":"publish","type":"product","link":"https:\/\/tofikolo.pl\/en\/product\/dasty-aroma-drops-multisuperfici-vetri-gold-vibe\/","title":{"rendered":"Dasty MultiSurface &#038; Glass Gold Vibe &#8211; P\u0142yn do szyb 700ml"},"content":{"rendered":"<p data-path-to-node=\"26\">Czy spray do szyb mo\u017ce pachnie\u0107 jak drogie perfumy? W\u0142oska marka Dasty udowadnia, \u017ce tak. Seria <b data-path-to-node=\"26\" data-index-in-node=\"108\">MultiSurface &amp; Glass<\/b> to najbardziej elegancki spos\u00f3b na czyste lustra, szyby i meble na wysoki po\u0142ysk.<\/p>\n<ul data-path-to-node=\"27\">\n<li>\n<p data-path-to-node=\"27,0,0\"><b data-path-to-node=\"27,0,0\" data-index-in-node=\"0\">White Musk:<\/b> Pudrowa czysto\u015b\u0107 i elegancja.<\/p>\n<\/li>\n<li>\n<p data-path-to-node=\"27,1,0\"><b data-path-to-node=\"27,1,0\" data-index-in-node=\"0\">Gold Vibe:<\/b> Zapach luksusowego butiku w Mediolanie.<\/p>\n<\/li>\n<li>\n<p data-path-to-node=\"27,2,0\"><b data-path-to-node=\"27,2,0\" data-index-in-node=\"0\">Pink Soul:<\/b> S\u0142odka, kwiatowo-owocowa rado\u015b\u0107.<\/p>\n<\/li>\n<\/ul>\n<p data-path-to-node=\"27,2,0\">Dzi\u0119ki zawarto\u015bci amoniaku, spray b\u0142yskawicznie odparowuje, pozostawiaj\u0105c powierzchnie idealnie czystymi, a Tw\u00f3j dom nasyca aromatami, kt\u00f3rych nie powstydzi\u0142yby si\u0119 luksusowe \u015bwiece zapachowe.<\/p>","protected":false},"excerpt":{"rendered":"<p data-path-to-node=\"25,0,0\"><b data-path-to-node=\"25,0,0\" data-index-in-node=\"0\">Kraj pochodzenia:<\/b> W\u0142ochy \ud83c\uddee\ud83c\uddf9<\/p>\n<p data-path-to-node=\"25,1,0\"><b data-path-to-node=\"25,1,0\" data-index-in-node=\"0\">Warianty:<\/b> Luksusowe perfumy do wn\u0119trz i szk\u0142a \u2728<\/p>\n<p data-path-to-node=\"25,2,0\"><b data-path-to-node=\"25,2,0\" data-index-in-node=\"0\">Zapach:<\/b> Z\u0142oty butik<\/p>\n<p data-path-to-node=\"25,3,0\"><b data-path-to-node=\"25,3,0\" data-index-in-node=\"0\">Efekt:<\/b> Diamentowy blask bez smug (zawiera amoniak).<\/p>","protected":false},"featured_media":31117,"comment_status":"open","ping_status":"closed","template":"","meta":[],"product_brand":[239],"product_cat":[243,235],"product_tag":[],"class_list":{"0":"post-30657","1":"product","2":"type-product","3":"status-publish","4":"has-post-thumbnail","6":"product_brand-dasty","7":"product_cat-plyn-do-mycia-okien","8":"product_cat-srodki-czystosci","10":"first","11":"instock","12":"shipping-taxable","13":"purchasable","14":"product-type-simple"},"_links":{"self":[{"href":"https:\/\/tofikolo.pl\/en\/wp-json\/wp\/v2\/product\/30657","targetHints":{"allow":["GET"]}}],"collection":[{"href":"https:\/\/tofikolo.pl\/en\/wp-json\/wp\/v2\/product"}],"about":[{"href":"https:\/\/tofikolo.pl\/en\/wp-json\/wp\/v2\/types\/product"}],"replies":[{"embeddable":true,"href":"https:\/\/tofikolo.pl\/en\/wp-json\/wp\/v2\/comments?post=30657"}],"version-history":[{"count":3,"href":"https:\/\/tofikolo.pl\/en\/wp-json\/wp\/v2\/product\/30657\/revisions"}],"predecessor-version":[{"id":31748,"href":"https:\/\/tofikolo.pl\/en\/wp-json\/wp\/v2\/product\/30657\/revisions\/31748"}],"wp:featuredmedia":[{"embeddable":true,"href":"https:\/\/tofikolo.pl\/en\/wp-json\/wp\/v2\/media\/31117"}],"wp:attachment":[{"href":"https:\/\/tofikolo.pl\/en\/wp-json\/wp\/v2\/media?parent=30657"}],"wp:term":[{"taxonomy":"product_brand","embeddable":true,"href":"https:\/\/tofikolo.pl\/en\/wp-json\/wp\/v2\/product_brand?post=30657"},{"taxonomy":"product_cat","embeddable":true,"href":"https:\/\/tofikolo.pl\/en\/wp-json\/wp\/v2\/product_cat?post=30657"},{"taxonomy":"product_tag","embeddable":true,"href":"https:\/\/tofikolo.pl\/en\/wp-json\/wp\/v2\/product_tag?post=30657"}],"curies":[{"name":"wp","href":"https:\/\/api.w.org\/{rel}","templated":true}]}}