{"id":30663,"date":"2026-03-03T13:25:41","date_gmt":"2026-03-03T12:25:41","guid":{"rendered":"https:\/\/tofikolo.pl\/?post_type=product&#038;p=30663"},"modified":"2026-04-01T18:36:26","modified_gmt":"2026-04-01T16:36:26","slug":"kalyon-dishwashing-liquid-plyn-do-naczyn-apple","status":"publish","type":"product","link":"https:\/\/tofikolo.pl\/en\/product\/kalyon-dishwashing-liquid-plyn-do-naczyn-apple\/","title":{"rendered":"Kalyon P\u0142yn do Mycia Naczy\u0144 z Pompk\u0105 \u2013 Apple (Zielone jab\u0142ko)"},"content":{"rendered":"<p>Poznaj innowacj\u0119 w codziennym zmywaniu. P\u0142yn <b data-path-to-node=\"16\" data-index-in-node=\"57\">Kalyon Apple<\/b> to po\u0142\u0105czenie du\u017cej, ekonomicznej pojemno\u015bci (1L) z maksymaln\u0105 wygod\u0105 u\u017cytkowania dzi\u0119ki precyzyjnej pompce. Turecka receptura <b data-path-to-node=\"16\" data-index-in-node=\"197\">&#8222;Long Lasting Foam&#8221;<\/b> sprawia, \u017ce jedna aplikacja wystarcza na umycie znacznie wi\u0119kszej ilo\u015bci naczy\u0144 ni\u017c w przypadku standardowych p\u0142yn\u00f3w. Zapach soczystego, zielonego jab\u0142ka wype\u0142nia pomieszczenie naturaln\u0105 \u015bwie\u017co\u015bci\u0105, a specjalne sk\u0142adniki nab\u0142yszczaj\u0105ce eliminuj\u0105 konieczno\u015b\u0107 mozolnego wycierania talerzy do sucha. Czysto\u015b\u0107, wygoda i oszcz\u0119dno\u015b\u0107 w jednej butelce.<\/p>","protected":false},"excerpt":{"rendered":"<p data-path-to-node=\"15,0,0\"><b data-path-to-node=\"15,0,0\" data-index-in-node=\"0\">Kraj pochodzenia:<\/b> Turcja \ud83c\uddf9\ud83c\uddf7<\/p>\n<p data-path-to-node=\"15,1,0\"><b data-path-to-node=\"15,1,0\" data-index-in-node=\"0\">Zapach:<\/b> Chrupi\u0105ce zielone jab\u0142uszko \ud83c\udf4f<\/p>\n<p data-path-to-node=\"15,2,0\"><b data-path-to-node=\"15,2,0\" data-index-in-node=\"0\">Pojemno\u015b\u0107:<\/b> 1L z wygodnym dozownikiem (pompk\u0105).<\/p>\n<p data-path-to-node=\"15,3,0\"><b data-path-to-node=\"15,3,0\" data-index-in-node=\"0\">Technologia:<\/b> \u201e3x Super Effect\u201d \u2013 g\u0119sta piana, blask i odt\u0142uszczanie.<\/p>","protected":false},"featured_media":31079,"comment_status":"open","ping_status":"closed","template":"","meta":[],"product_brand":[238],"product_cat":[244,235],"product_tag":[],"class_list":{"0":"post-30663","1":"product","2":"type-product","3":"status-publish","4":"has-post-thumbnail","6":"product_brand-kalyon","7":"product_cat-plyn-do-naczyn","8":"product_cat-srodki-czystosci","10":"first","11":"instock","12":"shipping-taxable","13":"purchasable","14":"product-type-simple"},"_links":{"self":[{"href":"https:\/\/tofikolo.pl\/en\/wp-json\/wp\/v2\/product\/30663","targetHints":{"allow":["GET"]}}],"collection":[{"href":"https:\/\/tofikolo.pl\/en\/wp-json\/wp\/v2\/product"}],"about":[{"href":"https:\/\/tofikolo.pl\/en\/wp-json\/wp\/v2\/types\/product"}],"replies":[{"embeddable":true,"href":"https:\/\/tofikolo.pl\/en\/wp-json\/wp\/v2\/comments?post=30663"}],"version-history":[{"count":3,"href":"https:\/\/tofikolo.pl\/en\/wp-json\/wp\/v2\/product\/30663\/revisions"}],"predecessor-version":[{"id":31680,"href":"https:\/\/tofikolo.pl\/en\/wp-json\/wp\/v2\/product\/30663\/revisions\/31680"}],"wp:featuredmedia":[{"embeddable":true,"href":"https:\/\/tofikolo.pl\/en\/wp-json\/wp\/v2\/media\/31079"}],"wp:attachment":[{"href":"https:\/\/tofikolo.pl\/en\/wp-json\/wp\/v2\/media?parent=30663"}],"wp:term":[{"taxonomy":"product_brand","embeddable":true,"href":"https:\/\/tofikolo.pl\/en\/wp-json\/wp\/v2\/product_brand?post=30663"},{"taxonomy":"product_cat","embeddable":true,"href":"https:\/\/tofikolo.pl\/en\/wp-json\/wp\/v2\/product_cat?post=30663"},{"taxonomy":"product_tag","embeddable":true,"href":"https:\/\/tofikolo.pl\/en\/wp-json\/wp\/v2\/product_tag?post=30663"}],"curies":[{"name":"wp","href":"https:\/\/api.w.org\/{rel}","templated":true}]}}