{"id":30665,"date":"2026-03-03T13:26:51","date_gmt":"2026-03-03T12:26:51","guid":{"rendered":"https:\/\/tofikolo.pl\/?post_type=product&#038;p=30665"},"modified":"2026-04-01T18:36:01","modified_gmt":"2026-04-01T16:36:01","slug":"kalyon-dishwashing-liquid-plyn-do-naczyn-mango","status":"publish","type":"product","link":"https:\/\/tofikolo.pl\/en\/product\/kalyon-dishwashing-liquid-plyn-do-naczyn-mango\/","title":{"rendered":"Kalyon P\u0142yn do Mycia Naczy\u0144 z Pompk\u0105 \u2013 Mango"},"content":{"rendered":"<p>Pozw\u00f3l sobie na odrobin\u0119 egzotycznej przyjemno\u015bci podczas sprz\u0105tania. Turecki p\u0142yn <b data-path-to-node=\"21\" data-index-in-node=\"95\">Kalyon Mango<\/b> to harmonijne po\u0142\u0105czenie profesjonalnej si\u0142y czyszczenia z aromaterapi\u0105. Ergonomiczna pompka pozwala na higieniczne i precyzyjne dozowanie p\u0142ynu bezpo\u015brednio na g\u0105bk\u0119, co zapobiega marnowaniu produktu. P\u0142yn rewelacyjnie radzi sobie z najtrudniejszymi wyzwaniami, takimi jak przypalone patelnie czy zaschni\u0119te sosy, dbaj\u0105c jednocze\u015bnie o blask Twoich sztu\u0107c\u00f3w. S\u0142odki, s\u0142oneczny zapach mango sprawi, \u017ce zapomnisz o rutynie zwyk\u0142ego zmywania.<\/p>","protected":false},"excerpt":{"rendered":"<p data-path-to-node=\"20,0,0\"><b data-path-to-node=\"20,0,0\" data-index-in-node=\"0\">Kraj pochodzenia:<\/b> Turcja \ud83c\uddf9\ud83c\uddf7<\/p>\n<p data-path-to-node=\"20,1,0\"><b data-path-to-node=\"20,1,0\" data-index-in-node=\"0\">Zapach:<\/b> Egzotyczne, dojrza\u0142e mango \ud83e\udd6d<\/p>\n<p data-path-to-node=\"20,2,0\"><b data-path-to-node=\"20,2,0\" data-index-in-node=\"0\">Pojemno\u015b\u0107:<\/b> 1L \u2013 idealny dla du\u017cych rodzin.<\/p>\n<p data-path-to-node=\"20,3,0\"><b data-path-to-node=\"20,3,0\" data-index-in-node=\"0\">Cechy:<\/b> Usuwa przypalenia i osady, chroni\u0105c delikatne sztu\u0107ce.<\/p>","protected":false},"featured_media":31081,"comment_status":"open","ping_status":"closed","template":"","meta":[],"product_brand":[238],"product_cat":[244,235],"product_tag":[],"class_list":{"0":"post-30665","1":"product","2":"type-product","3":"status-publish","4":"has-post-thumbnail","6":"product_brand-kalyon","7":"product_cat-plyn-do-naczyn","8":"product_cat-srodki-czystosci","10":"first","11":"instock","12":"shipping-taxable","13":"purchasable","14":"product-type-simple"},"_links":{"self":[{"href":"https:\/\/tofikolo.pl\/en\/wp-json\/wp\/v2\/product\/30665","targetHints":{"allow":["GET"]}}],"collection":[{"href":"https:\/\/tofikolo.pl\/en\/wp-json\/wp\/v2\/product"}],"about":[{"href":"https:\/\/tofikolo.pl\/en\/wp-json\/wp\/v2\/types\/product"}],"replies":[{"embeddable":true,"href":"https:\/\/tofikolo.pl\/en\/wp-json\/wp\/v2\/comments?post=30665"}],"version-history":[{"count":3,"href":"https:\/\/tofikolo.pl\/en\/wp-json\/wp\/v2\/product\/30665\/revisions"}],"predecessor-version":[{"id":31682,"href":"https:\/\/tofikolo.pl\/en\/wp-json\/wp\/v2\/product\/30665\/revisions\/31682"}],"wp:featuredmedia":[{"embeddable":true,"href":"https:\/\/tofikolo.pl\/en\/wp-json\/wp\/v2\/media\/31081"}],"wp:attachment":[{"href":"https:\/\/tofikolo.pl\/en\/wp-json\/wp\/v2\/media?parent=30665"}],"wp:term":[{"taxonomy":"product_brand","embeddable":true,"href":"https:\/\/tofikolo.pl\/en\/wp-json\/wp\/v2\/product_brand?post=30665"},{"taxonomy":"product_cat","embeddable":true,"href":"https:\/\/tofikolo.pl\/en\/wp-json\/wp\/v2\/product_cat?post=30665"},{"taxonomy":"product_tag","embeddable":true,"href":"https:\/\/tofikolo.pl\/en\/wp-json\/wp\/v2\/product_tag?post=30665"}],"curies":[{"name":"wp","href":"https:\/\/api.w.org\/{rel}","templated":true}]}}