{"id":30667,"date":"2026-03-03T13:29:08","date_gmt":"2026-03-03T12:29:08","guid":{"rendered":"https:\/\/tofikolo.pl\/?post_type=product&#038;p=30667"},"modified":"2026-04-01T18:35:20","modified_gmt":"2026-04-01T16:35:20","slug":"kalyon-dishwashing-liquid-plyn-do-naczyn-lemon","status":"publish","type":"product","link":"https:\/\/tofikolo.pl\/en\/product\/kalyon-dishwashing-liquid-plyn-do-naczyn-lemon\/","title":{"rendered":"Kalyon P\u0142yn do Mycia Naczy\u0144 \u2013 Lemon (Cytryna)"},"content":{"rendered":"<p>Kalyon Lemon to prawdziwa klasyka czysto\u015bci prosto z Turcji, gdzie skuteczno\u015b\u0107 idzie w parze z intensywnym aromatem. Specjalnie opracowana formu\u0142a <b data-path-to-node=\"6\" data-index-in-node=\"159\">&#8222;Extra Strong&#8221;<\/b> zosta\u0142a stworzona, aby bez lito\u015bci rozprawia\u0107 si\u0119 z zaschni\u0119tym t\u0142uszczem i trudnymi osadami, pozostawiaj\u0105c Twoje naczynia krystalicznie czyste i l\u015bni\u0105ce bez smug. Podczas zmywania uwalnia si\u0119 \u015bwie\u017cy, naturalny zapach cytryny, kt\u00f3ry skutecznie neutralizuje nieprzyjemne aromaty kuchenne (np. po rybach czy cebuli). Wybierz tureck\u0105 jako\u015b\u0107, kt\u00f3ra sprawia, \u017ce codzienne obowi\u0105zki staj\u0105 si\u0119 szybsze i przyjemniejsze.<\/p>","protected":false},"excerpt":{"rendered":"<p data-path-to-node=\"5,0,0\"><b data-path-to-node=\"5,0,0\" data-index-in-node=\"0\">Kraj pochodzenia:<\/b> Turcja \ud83c\uddf9\ud83c\uddf7<\/p>\n<p data-path-to-node=\"5,1,0\"><b data-path-to-node=\"5,1,0\" data-index-in-node=\"0\">Zapach:<\/b> Soczysta, energetyzuj\u0105ca cytryna \ud83c\udf4b<\/p>\n<p data-path-to-node=\"5,2,0\"><b data-path-to-node=\"5,2,0\" data-index-in-node=\"0\">Efekt:<\/b> Formu\u0142a \u201eExtra Strong\u201d \u2013 b\u0142yskawiczne odt\u0142uszczanie.<\/p>\n<p data-path-to-node=\"5,3,0\"><b data-path-to-node=\"5,3,0\" data-index-in-node=\"0\">Cechy:<\/b> G\u0119sty, wydajny i \u0142agodny dla d\u0142oni.<\/p>","protected":false},"featured_media":31075,"comment_status":"open","ping_status":"closed","template":"","meta":[],"product_brand":[238],"product_cat":[244,235],"product_tag":[],"class_list":{"0":"post-30667","1":"product","2":"type-product","3":"status-publish","4":"has-post-thumbnail","6":"product_brand-kalyon","7":"product_cat-plyn-do-naczyn","8":"product_cat-srodki-czystosci","10":"first","11":"instock","12":"shipping-taxable","13":"purchasable","14":"product-type-simple"},"_links":{"self":[{"href":"https:\/\/tofikolo.pl\/en\/wp-json\/wp\/v2\/product\/30667","targetHints":{"allow":["GET"]}}],"collection":[{"href":"https:\/\/tofikolo.pl\/en\/wp-json\/wp\/v2\/product"}],"about":[{"href":"https:\/\/tofikolo.pl\/en\/wp-json\/wp\/v2\/types\/product"}],"replies":[{"embeddable":true,"href":"https:\/\/tofikolo.pl\/en\/wp-json\/wp\/v2\/comments?post=30667"}],"version-history":[{"count":3,"href":"https:\/\/tofikolo.pl\/en\/wp-json\/wp\/v2\/product\/30667\/revisions"}],"predecessor-version":[{"id":31684,"href":"https:\/\/tofikolo.pl\/en\/wp-json\/wp\/v2\/product\/30667\/revisions\/31684"}],"wp:featuredmedia":[{"embeddable":true,"href":"https:\/\/tofikolo.pl\/en\/wp-json\/wp\/v2\/media\/31075"}],"wp:attachment":[{"href":"https:\/\/tofikolo.pl\/en\/wp-json\/wp\/v2\/media?parent=30667"}],"wp:term":[{"taxonomy":"product_brand","embeddable":true,"href":"https:\/\/tofikolo.pl\/en\/wp-json\/wp\/v2\/product_brand?post=30667"},{"taxonomy":"product_cat","embeddable":true,"href":"https:\/\/tofikolo.pl\/en\/wp-json\/wp\/v2\/product_cat?post=30667"},{"taxonomy":"product_tag","embeddable":true,"href":"https:\/\/tofikolo.pl\/en\/wp-json\/wp\/v2\/product_tag?post=30667"}],"curies":[{"name":"wp","href":"https:\/\/api.w.org\/{rel}","templated":true}]}}