{"id":30669,"date":"2026-03-03T13:30:59","date_gmt":"2026-03-03T12:30:59","guid":{"rendered":"https:\/\/tofikolo.pl\/?post_type=product&#038;p=30669"},"modified":"2026-03-26T15:48:08","modified_gmt":"2026-03-26T14:48:08","slug":"kalyon-dishwashing-liquid-plyn-do-naczyn-ocean","status":"publish","type":"product","link":"https:\/\/tofikolo.pl\/en\/product\/kalyon-dishwashing-liquid-plyn-do-naczyn-ocean\/","title":{"rendered":"Kalyon P\u0142yn do Mycia Naczy\u0144 \u2013 Ocean"},"content":{"rendered":"<p data-path-to-node=\"11\">Przenie\u015b powiew morskiej \u015bwie\u017co\u015bci do swojej kuchni. Turecki p\u0142yn <b data-path-to-node=\"11\" data-index-in-node=\"78\">Kalyon Ocean<\/b> to gwarancja nieskazitelnej czysto\u015bci w wydaniu \u201epremium\u201d. Dzi\u0119ki bardzo wysokiej koncentracji sk\u0142adnik\u00f3w aktywnych, wystarczy zaledwie kilka kropel, aby wytworzy\u0107 g\u0119st\u0105, stabiln\u0105 pian\u0119, kt\u00f3ra z \u0142atwo\u015bci\u0105 unosi brud z talerzy, garnk\u00f3w i szklanego naczynia. Unikalny zapach oceanicznej bryzy sprawia, \u017ce powietrze w kuchni staje si\u0119 rze\u015bkie, a naczynia odzyskuj\u0105 sw\u00f3j fabryczny blask. To idealne po\u0142\u0105czenie wydajno\u015bci i relaksuj\u0105cego aromatu.<\/p>","protected":false},"excerpt":{"rendered":"<p data-path-to-node=\"10,0,0\"><b data-path-to-node=\"10,0,0\" data-index-in-node=\"0\">Kraj pochodzenia:<\/b> Turcja \ud83c\uddf9\ud83c\uddf7<\/p>\n<p data-path-to-node=\"10,1,0\"><b data-path-to-node=\"10,1,0\" data-index-in-node=\"0\">Zapach:<\/b> Orze\u017awiaj\u0105ca morska bryza \ud83c\udf0a<\/p>\n<p data-path-to-node=\"10,2,0\"><b data-path-to-node=\"10,2,0\" data-index-in-node=\"0\">Efekt:<\/b> Wysoki po\u0142ysk bez zaciek\u00f3w i osad\u00f3w.<\/p>\n<p data-path-to-node=\"10,3,0\"><b data-path-to-node=\"10,3,0\" data-index-in-node=\"0\">Cechy:<\/b> Obfita piana przy u\u017cyciu minimalnej ilo\u015bci p\u0142ynu.<\/p>","protected":false},"featured_media":31077,"comment_status":"open","ping_status":"closed","template":"","meta":[],"product_brand":[238],"product_cat":[244,235],"product_tag":[],"class_list":{"0":"post-30669","1":"product","2":"type-product","3":"status-publish","4":"has-post-thumbnail","6":"product_brand-kalyon","7":"product_cat-plyn-do-naczyn","8":"product_cat-srodki-czystosci","10":"first","11":"instock","12":"shipping-taxable","13":"purchasable","14":"product-type-simple"},"_links":{"self":[{"href":"https:\/\/tofikolo.pl\/en\/wp-json\/wp\/v2\/product\/30669","targetHints":{"allow":["GET"]}}],"collection":[{"href":"https:\/\/tofikolo.pl\/en\/wp-json\/wp\/v2\/product"}],"about":[{"href":"https:\/\/tofikolo.pl\/en\/wp-json\/wp\/v2\/types\/product"}],"replies":[{"embeddable":true,"href":"https:\/\/tofikolo.pl\/en\/wp-json\/wp\/v2\/comments?post=30669"}],"version-history":[{"count":3,"href":"https:\/\/tofikolo.pl\/en\/wp-json\/wp\/v2\/product\/30669\/revisions"}],"predecessor-version":[{"id":31686,"href":"https:\/\/tofikolo.pl\/en\/wp-json\/wp\/v2\/product\/30669\/revisions\/31686"}],"wp:featuredmedia":[{"embeddable":true,"href":"https:\/\/tofikolo.pl\/en\/wp-json\/wp\/v2\/media\/31077"}],"wp:attachment":[{"href":"https:\/\/tofikolo.pl\/en\/wp-json\/wp\/v2\/media?parent=30669"}],"wp:term":[{"taxonomy":"product_brand","embeddable":true,"href":"https:\/\/tofikolo.pl\/en\/wp-json\/wp\/v2\/product_brand?post=30669"},{"taxonomy":"product_cat","embeddable":true,"href":"https:\/\/tofikolo.pl\/en\/wp-json\/wp\/v2\/product_cat?post=30669"},{"taxonomy":"product_tag","embeddable":true,"href":"https:\/\/tofikolo.pl\/en\/wp-json\/wp\/v2\/product_tag?post=30669"}],"curies":[{"name":"wp","href":"https:\/\/api.w.org\/{rel}","templated":true}]}}