{"id":30673,"date":"2026-03-03T13:34:54","date_gmt":"2026-03-03T12:34:54","guid":{"rendered":"https:\/\/tofikolo.pl\/?post_type=product&#038;p=30673"},"modified":"2026-04-01T18:37:20","modified_gmt":"2026-04-01T16:37:20","slug":"kalyon-eau-de-javel-ultra-thick-bleach-wybielacz-w-zelu","status":"publish","type":"product","link":"https:\/\/tofikolo.pl\/en\/product\/kalyon-eau-de-javel-ultra-thick-bleach-wybielacz-w-zelu\/","title":{"rendered":"Kalyon Eau De Javel Ultra Thick Bleach &#8211; Wybielacz"},"content":{"rendered":"<p data-path-to-node=\"32\">Kalyon to turecki ekspert od zada\u0144 specjalnych, kt\u00f3ry nie uznaje kompromis\u00f3w w kwestii higieny. Ten g\u0119sty wybielacz <b data-path-to-node=\"32\" data-index-in-node=\"128\">Ultra Thick<\/b> to pot\u0119\u017cna bro\u0144 przeciwko 99,9% bakterii i grzyb\u00f3w. Dzi\u0119ki swojej lepko\u015bci, \u017cel znacznie d\u0142u\u017cej utrzymuje si\u0119 na pionowych \u015bciankach muszli toaletowej, dzia\u0142aj\u0105c g\u0142\u0119boko i skutecznie. To, co go wyr\u00f3\u017cnia na tle konkurencji, to zapach <b data-path-to-node=\"32\" data-index-in-node=\"373\">Summer Sun<\/b> \u2013 turecka receptura skutecznie neutralizuje dra\u017cni\u0105c\u0105 nut\u0119 chloru, zast\u0119puj\u0105c j\u0105 \u015bwie\u017cym, s\u0142onecznym aromatem. Maksymalna sterylno\u015b\u0107 w znacznie przyjemniejszym wydaniu.<\/p>","protected":false},"excerpt":{"rendered":"<p data-path-to-node=\"31,0,0\"><b data-path-to-node=\"31,0,0\" data-index-in-node=\"0\">Kraj pochodzenia:<\/b> Turcja \ud83c\uddf9\ud83c\uddf7<\/p>\n<p data-path-to-node=\"31,1,0\"><b data-path-to-node=\"31,1,0\" data-index-in-node=\"0\">Zapach:<\/b> Summer Sun (Letnie S\u0142o\u0144ce) \u2600\ufe0f<\/p>\n<p data-path-to-node=\"31,2,0\"><b data-path-to-node=\"31,2,0\" data-index-in-node=\"0\">Zastosowanie:<\/b> Dezynfekcja toalet, wybielanie tkanin, usuwanie bakterii.<\/p>\n<p data-path-to-node=\"31,3,0\"><b data-path-to-node=\"31,3,0\" data-index-in-node=\"0\">Formu\u0142a:<\/b> Ultra Thick \u2013 g\u0119sty \u017cel trzymaj\u0105cy si\u0119 powierzchni.<\/p>","protected":false},"featured_media":31121,"comment_status":"open","ping_status":"closed","template":"","meta":[],"product_brand":[238],"product_cat":[236,235],"product_tag":[],"class_list":{"0":"post-30673","1":"product","2":"type-product","3":"status-publish","4":"has-post-thumbnail","6":"product_brand-kalyon","7":"product_cat-plyny-do-czyszczenia-lazienek","8":"product_cat-srodki-czystosci","10":"first","11":"outofstock","12":"shipping-taxable","13":"purchasable","14":"product-type-simple"},"_links":{"self":[{"href":"https:\/\/tofikolo.pl\/en\/wp-json\/wp\/v2\/product\/30673","targetHints":{"allow":["GET"]}}],"collection":[{"href":"https:\/\/tofikolo.pl\/en\/wp-json\/wp\/v2\/product"}],"about":[{"href":"https:\/\/tofikolo.pl\/en\/wp-json\/wp\/v2\/types\/product"}],"replies":[{"embeddable":true,"href":"https:\/\/tofikolo.pl\/en\/wp-json\/wp\/v2\/comments?post=30673"}],"version-history":[{"count":3,"href":"https:\/\/tofikolo.pl\/en\/wp-json\/wp\/v2\/product\/30673\/revisions"}],"predecessor-version":[{"id":31750,"href":"https:\/\/tofikolo.pl\/en\/wp-json\/wp\/v2\/product\/30673\/revisions\/31750"}],"wp:featuredmedia":[{"embeddable":true,"href":"https:\/\/tofikolo.pl\/en\/wp-json\/wp\/v2\/media\/31121"}],"wp:attachment":[{"href":"https:\/\/tofikolo.pl\/en\/wp-json\/wp\/v2\/media?parent=30673"}],"wp:term":[{"taxonomy":"product_brand","embeddable":true,"href":"https:\/\/tofikolo.pl\/en\/wp-json\/wp\/v2\/product_brand?post=30673"},{"taxonomy":"product_cat","embeddable":true,"href":"https:\/\/tofikolo.pl\/en\/wp-json\/wp\/v2\/product_cat?post=30673"},{"taxonomy":"product_tag","embeddable":true,"href":"https:\/\/tofikolo.pl\/en\/wp-json\/wp\/v2\/product_tag?post=30673"}],"curies":[{"name":"wp","href":"https:\/\/api.w.org\/{rel}","templated":true}]}}