{"id":30677,"date":"2026-03-03T13:41:06","date_gmt":"2026-03-03T12:41:06","guid":{"rendered":"https:\/\/tofikolo.pl\/?post_type=product&#038;p=30677"},"modified":"2026-04-01T18:31:22","modified_gmt":"2026-04-01T16:31:22","slug":"dasty-aroma-drops-gel-multisurface-care-ocean","status":"publish","type":"product","link":"https:\/\/tofikolo.pl\/en\/product\/dasty-aroma-drops-gel-multisurface-care-ocean\/","title":{"rendered":"Dasty Gel MultiSurface Care Ocean &#8211; P\u0142yn do pod\u0142\u00f3g 700ml"},"content":{"rendered":"<p>Poczuj pot\u0119g\u0119 w\u0142oskiej \u015bwie\u017co\u015bci w ka\u017cdym k\u0105cie swojego domu. <b data-path-to-node=\"21\" data-index-in-node=\"74\">Dasty Gel MultiSurface<\/b> to g\u0119sty, wydajny \u017cel, kt\u00f3ry \u0142\u0105czy si\u0142\u0119 czyszcz\u0105c\u0105 z niesamowitym do\u015bwiadczeniem zapachowym. Niezale\u017cnie czy wybierzesz rze\u015bki <b data-path-to-node=\"21\" data-index-in-node=\"224\">Ocean<\/b>, czy romantyczny <b data-path-to-node=\"21\" data-index-in-node=\"247\">Floral<\/b>, technologia uwalniania zapachu sprawi, \u017ce atmosfera w pomieszczeniu natychmiast si\u0119 odmieni. Idealny do kafelk\u00f3w, blat\u00f3w i pod\u0142\u00f3g \u2013 wystarczy niewielka ilo\u015b\u0107, by uzyska\u0107 efekt profesjonalnego sprz\u0105tania i trwa\u0142y, luksusowy aromat, kt\u00f3ry wita Ci\u0119 ju\u017c progu.<\/p>","protected":false},"excerpt":{"rendered":"<ul>\n<li>\n<p data-path-to-node=\"20,0,0\"><b data-path-to-node=\"20,0,0\" data-index-in-node=\"0\">Kraj pochodzenia:<\/b> W\u0142ochy \ud83c\uddee\ud83c\uddf9<\/p>\n<\/li>\n<li>\n<p data-path-to-node=\"20,1,0\"><b data-path-to-node=\"20,1,0\" data-index-in-node=\"0\">Zapach:<\/b> Krystaliczny Ocean \ud83c\udf0a<\/p>\n<\/li>\n<li>\n<p data-path-to-node=\"20,2,0\"><b data-path-to-node=\"20,2,0\" data-index-in-node=\"0\">Zastosowanie:<\/b> Skoncentrowany \u017cel do wszystkich powierzchni zmywalnych.<\/p>\n<\/li>\n<li>\n<p data-path-to-node=\"20,3,0\"><b data-path-to-node=\"20,3,0\" data-index-in-node=\"0\">Cechy:<\/b> Intensywne perfumowanie wn\u0119trz (Aroma Drops).<\/p>\n<\/li>\n<\/ul>","protected":false},"featured_media":31111,"comment_status":"open","ping_status":"closed","template":"","meta":[],"product_brand":[239],"product_cat":[235],"product_tag":[],"class_list":{"0":"post-30677","1":"product","2":"type-product","3":"status-publish","4":"has-post-thumbnail","6":"product_brand-dasty","7":"product_cat-srodki-czystosci","9":"first","10":"instock","11":"shipping-taxable","12":"purchasable","13":"product-type-simple"},"_links":{"self":[{"href":"https:\/\/tofikolo.pl\/en\/wp-json\/wp\/v2\/product\/30677","targetHints":{"allow":["GET"]}}],"collection":[{"href":"https:\/\/tofikolo.pl\/en\/wp-json\/wp\/v2\/product"}],"about":[{"href":"https:\/\/tofikolo.pl\/en\/wp-json\/wp\/v2\/types\/product"}],"replies":[{"embeddable":true,"href":"https:\/\/tofikolo.pl\/en\/wp-json\/wp\/v2\/comments?post=30677"}],"version-history":[{"count":3,"href":"https:\/\/tofikolo.pl\/en\/wp-json\/wp\/v2\/product\/30677\/revisions"}],"predecessor-version":[{"id":31739,"href":"https:\/\/tofikolo.pl\/en\/wp-json\/wp\/v2\/product\/30677\/revisions\/31739"}],"wp:featuredmedia":[{"embeddable":true,"href":"https:\/\/tofikolo.pl\/en\/wp-json\/wp\/v2\/media\/31111"}],"wp:attachment":[{"href":"https:\/\/tofikolo.pl\/en\/wp-json\/wp\/v2\/media?parent=30677"}],"wp:term":[{"taxonomy":"product_brand","embeddable":true,"href":"https:\/\/tofikolo.pl\/en\/wp-json\/wp\/v2\/product_brand?post=30677"},{"taxonomy":"product_cat","embeddable":true,"href":"https:\/\/tofikolo.pl\/en\/wp-json\/wp\/v2\/product_cat?post=30677"},{"taxonomy":"product_tag","embeddable":true,"href":"https:\/\/tofikolo.pl\/en\/wp-json\/wp\/v2\/product_tag?post=30677"}],"curies":[{"name":"wp","href":"https:\/\/api.w.org\/{rel}","templated":true}]}}