{"id":30679,"date":"2026-03-03T13:42:50","date_gmt":"2026-03-03T12:42:50","guid":{"rendered":"https:\/\/tofikolo.pl\/?post_type=product&#038;p=30679"},"modified":"2026-04-01T18:30:44","modified_gmt":"2026-04-01T16:30:44","slug":"dasty-wood-laminate-care-cleans-and-nourishes","status":"publish","type":"product","link":"https:\/\/tofikolo.pl\/en\/product\/dasty-wood-laminate-care-cleans-and-nourishes\/","title":{"rendered":"Dasty Wood &#038; Laminate Care &#8211; P\u0142yn do pod\u0142\u00f3g 700ml"},"content":{"rendered":"<p>Twoje pod\u0142ogi zas\u0142uguj\u0105 na piel\u0119gnacj\u0119 godn\u0105 w\u0142oskiego salonu. <b data-path-to-node=\"16\" data-index-in-node=\"75\">Dasty Wood &amp; Laminate<\/b> to nie jest zwyk\u0142y p\u0142yn \u2013 to prawdziwy \u201ekosmetyk\u201d dla drewna i paneli. Specjalna formu\u0142a nie tylko skutecznie czy\u015bci, ale r\u00f3wnie\u017c od\u017cywia struktur\u0119 materia\u0142u, wydobywaj\u0105c z niego naturaln\u0105 g\u0142\u0119bi\u0119 koloru i blask bez smug. Dzi\u0119ki innowacyjnej technologii <b data-path-to-node=\"16\" data-index-in-node=\"350\">Aroma Drops<\/b>, Tw\u00f3j dom zostanie wype\u0142niony koj\u0105cym, kremowym zapachem bawe\u0142ny jeszcze wiele godzin po sprz\u0105taniu. Pod\u0142ogi staj\u0105 si\u0119 jedwabiste w dotyku i zabezpieczone przed szybkim brudzeniem.<\/p>","protected":false},"excerpt":{"rendered":"<p data-path-to-node=\"15,0,0\"><b data-path-to-node=\"15,0,0\" data-index-in-node=\"0\">Kraj pochodzenia:<\/b> W\u0142ochy \ud83c\uddee\ud83c\uddf9<\/p>\n<p data-path-to-node=\"15,1,0\"><b data-path-to-node=\"15,1,0\" data-index-in-node=\"0\">Zapach:<\/b> Delikatny, pudrowy aromat bawe\u0142ny \u2601\ufe0f<\/p>\n<p data-path-to-node=\"15,2,0\"><b data-path-to-node=\"15,2,0\" data-index-in-node=\"0\">Przeznaczenie:<\/b> Drewno, panele, parkiety.<\/p>\n<p data-path-to-node=\"15,3,0\"><b data-path-to-node=\"15,3,0\" data-index-in-node=\"0\">Technologia:<\/b> Aroma Drops \u2013 zapach uwalniany d\u0142ugo po myciu.<\/p>","protected":false},"featured_media":31109,"comment_status":"open","ping_status":"closed","template":"","meta":[],"product_brand":[239],"product_cat":[242,235],"product_tag":[],"class_list":{"0":"post-30679","1":"product","2":"type-product","3":"status-publish","4":"has-post-thumbnail","6":"product_brand-dasty","7":"product_cat-plyn-do-podlog","8":"product_cat-srodki-czystosci","10":"first","11":"instock","12":"shipping-taxable","13":"purchasable","14":"product-type-simple"},"_links":{"self":[{"href":"https:\/\/tofikolo.pl\/en\/wp-json\/wp\/v2\/product\/30679","targetHints":{"allow":["GET"]}}],"collection":[{"href":"https:\/\/tofikolo.pl\/en\/wp-json\/wp\/v2\/product"}],"about":[{"href":"https:\/\/tofikolo.pl\/en\/wp-json\/wp\/v2\/types\/product"}],"replies":[{"embeddable":true,"href":"https:\/\/tofikolo.pl\/en\/wp-json\/wp\/v2\/comments?post=30679"}],"version-history":[{"count":3,"href":"https:\/\/tofikolo.pl\/en\/wp-json\/wp\/v2\/product\/30679\/revisions"}],"predecessor-version":[{"id":31737,"href":"https:\/\/tofikolo.pl\/en\/wp-json\/wp\/v2\/product\/30679\/revisions\/31737"}],"wp:featuredmedia":[{"embeddable":true,"href":"https:\/\/tofikolo.pl\/en\/wp-json\/wp\/v2\/media\/31109"}],"wp:attachment":[{"href":"https:\/\/tofikolo.pl\/en\/wp-json\/wp\/v2\/media?parent=30679"}],"wp:term":[{"taxonomy":"product_brand","embeddable":true,"href":"https:\/\/tofikolo.pl\/en\/wp-json\/wp\/v2\/product_brand?post=30679"},{"taxonomy":"product_cat","embeddable":true,"href":"https:\/\/tofikolo.pl\/en\/wp-json\/wp\/v2\/product_cat?post=30679"},{"taxonomy":"product_tag","embeddable":true,"href":"https:\/\/tofikolo.pl\/en\/wp-json\/wp\/v2\/product_tag?post=30679"}],"curies":[{"name":"wp","href":"https:\/\/api.w.org\/{rel}","templated":true}]}}