{"id":30681,"date":"2026-03-03T13:44:47","date_gmt":"2026-03-03T12:44:47","guid":{"rendered":"https:\/\/tofikolo.pl\/?post_type=product&#038;p=30681"},"modified":"2026-04-01T18:29:19","modified_gmt":"2026-04-01T16:29:19","slug":"dasty-sgrassatore-universale-lemon-the-original-one","status":"publish","type":"product","link":"https:\/\/tofikolo.pl\/en\/product\/dasty-sgrassatore-universale-lemon-the-original-one\/","title":{"rendered":"Dasty Sgrassatore Universale Lemon &#8211; Odt\u0142uszczacz 700ml"},"content":{"rendered":"<p>W\u0142oska legenda, kt\u00f3rej nie trzeba przedstawia\u0107 profesjonalistom. <b data-path-to-node=\"11\" data-index-in-node=\"77\">Dasty Sgrassatore<\/b> to \u201eThe Original One\u201d \u2013 odt\u0142uszczacz, kt\u00f3ry redefiniuje poj\u0119cie czysto\u015bci. Importowany prosto z W\u0142och, produkt ten sta\u0142 si\u0119 hitem dzi\u0119ki swojej wszechstronno\u015bci: od przypalonego piekarnika i okapu, przez brudne felgi samochodowe, a\u017c po t\u0142uste plamy na odzie\u017cy. Dzia\u0142a b\u0142yskawicznie, a jego intensywny zapach \u015bwie\u017cej cytryny sprawia, \u017ce sprz\u0105tanie staje si\u0119 bardziej energetyzuj\u0105ce. To obowi\u0105zkowy punkt w ka\u017cdym domu, gdzie liczy si\u0119 skuteczno\u015b\u0107 bez kompromis\u00f3w.<\/p>","protected":false},"excerpt":{"rendered":"<p data-path-to-node=\"10,0,0\"><b data-path-to-node=\"10,0,0\" data-index-in-node=\"0\">Kraj pochodzenia:<\/b> W\u0142ochy \ud83c\uddee\ud83c\uddf9<\/p>\n<p data-path-to-node=\"10,1,0\"><b data-path-to-node=\"10,1,0\" data-index-in-node=\"0\">Zapach:<\/b> Soczysta sycylijska cytryna \ud83c\udf4b<\/p>\n<p data-path-to-node=\"10,2,0\"><b data-path-to-node=\"10,2,0\" data-index-in-node=\"0\">Zastosowanie:<\/b> Kuchnia, warsztat, plamy na ubraniach.<\/p>\n<p data-path-to-node=\"10,3,0\"><b data-path-to-node=\"10,3,0\" data-index-in-node=\"0\">Cechy:<\/b> Legendarna moc rozpuszczania t\u0142uszczu.<\/p>","protected":false},"featured_media":31107,"comment_status":"open","ping_status":"closed","template":"","meta":[],"product_brand":[239],"product_cat":[235],"product_tag":[],"class_list":{"0":"post-30681","1":"product","2":"type-product","3":"status-publish","4":"has-post-thumbnail","6":"product_brand-dasty","7":"product_cat-srodki-czystosci","9":"first","10":"instock","11":"shipping-taxable","12":"purchasable","13":"product-type-simple"},"_links":{"self":[{"href":"https:\/\/tofikolo.pl\/en\/wp-json\/wp\/v2\/product\/30681","targetHints":{"allow":["GET"]}}],"collection":[{"href":"https:\/\/tofikolo.pl\/en\/wp-json\/wp\/v2\/product"}],"about":[{"href":"https:\/\/tofikolo.pl\/en\/wp-json\/wp\/v2\/types\/product"}],"replies":[{"embeddable":true,"href":"https:\/\/tofikolo.pl\/en\/wp-json\/wp\/v2\/comments?post=30681"}],"version-history":[{"count":3,"href":"https:\/\/tofikolo.pl\/en\/wp-json\/wp\/v2\/product\/30681\/revisions"}],"predecessor-version":[{"id":31735,"href":"https:\/\/tofikolo.pl\/en\/wp-json\/wp\/v2\/product\/30681\/revisions\/31735"}],"wp:featuredmedia":[{"embeddable":true,"href":"https:\/\/tofikolo.pl\/en\/wp-json\/wp\/v2\/media\/31107"}],"wp:attachment":[{"href":"https:\/\/tofikolo.pl\/en\/wp-json\/wp\/v2\/media?parent=30681"}],"wp:term":[{"taxonomy":"product_brand","embeddable":true,"href":"https:\/\/tofikolo.pl\/en\/wp-json\/wp\/v2\/product_brand?post=30681"},{"taxonomy":"product_cat","embeddable":true,"href":"https:\/\/tofikolo.pl\/en\/wp-json\/wp\/v2\/product_cat?post=30681"},{"taxonomy":"product_tag","embeddable":true,"href":"https:\/\/tofikolo.pl\/en\/wp-json\/wp\/v2\/product_tag?post=30681"}],"curies":[{"name":"wp","href":"https:\/\/api.w.org\/{rel}","templated":true}]}}