{"id":30687,"date":"2026-03-03T13:57:27","date_gmt":"2026-03-03T12:57:27","guid":{"rendered":"https:\/\/tofikolo.pl\/?post_type=product&#038;p=30687"},"modified":"2026-04-01T18:27:12","modified_gmt":"2026-04-01T16:27:12","slug":"lenor-trocknertucher-chusteczki-do-suszarek-aprilfrisch","status":"publish","type":"product","link":"https:\/\/tofikolo.pl\/en\/product\/lenor-trocknertucher-chusteczki-do-suszarek-aprilfrisch\/","title":{"rendered":"Lenor Trocknert\u00fccher Aprilfrisch &#8211; Chusteczki zapachowe do suszarki"},"content":{"rendered":"<p>Prawdziwa klasyka w najlepszym, niemieckim wydaniu. Zapach <b data-path-to-node=\"11\" data-index-in-node=\"71\">Aprilfrisch<\/b> to ikona marki Lenor \u2013 aromat, kt\u00f3ry od lat kojarzy si\u0119 z krystaliczn\u0105 czysto\u015bci\u0105 i pierwszymi wiosennymi promieniami s\u0142o\u0144ca. Te zapachowe chusteczki do suszarek b\u0119bnowych sprawiaj\u0105, \u017ce nawet szorstkie r\u0119czniki odzyskuj\u0105 swoj\u0105 puszysto\u015b\u0107 i staj\u0105 si\u0119 niesamowicie przyjemne w dotyku. Niemiecka receptura zosta\u0142a dopracowana tak, by skutecznie walczy\u0107 z elektryzowaniem si\u0119 syntetycznych w\u0142\u00f3kien, nie obci\u0105\u017caj\u0105c ich przy tym zb\u0119dnym osadem. Twoja garderoba podzi\u0119kuje Ci przy ka\u017cdym za\u0142o\u017ceniu ulubionego swetra.<\/p>","protected":false},"excerpt":{"rendered":"<p data-path-to-node=\"10,0,0\"><b data-path-to-node=\"10,0,0\" data-index-in-node=\"0\">Kraj pochodzenia:<\/b> Niemcy \ud83c\udde9\ud83c\uddea<\/p>\n<p data-path-to-node=\"10,1,0\"><b data-path-to-node=\"10,1,0\" data-index-in-node=\"0\">Zapach:<\/b> Aprilfrisch (klasyczna, wiosenna \u015bwie\u017co\u015b\u0107) \ud83c\udf37\ud83d\udca7<\/p>\n<p data-path-to-node=\"10,2,0\"><b data-path-to-node=\"10,2,0\" data-index-in-node=\"0\">Ilo\u015b\u0107:<\/b> 34 sztuki.<\/p>\n<p data-path-to-node=\"10,3,0\"><b data-path-to-node=\"10,3,0\" data-index-in-node=\"0\">Zaleta:<\/b> Niemiecka formu\u0142a nie zostawiaj\u0105ca osadu na ubraniach.<\/p>","protected":false},"featured_media":31125,"comment_status":"open","ping_status":"closed","template":"","meta":[],"product_brand":[246],"product_cat":[221],"product_tag":[],"class_list":{"0":"post-30687","1":"product","2":"type-product","3":"status-publish","4":"has-post-thumbnail","6":"product_brand-lenor","7":"product_cat-pranie","9":"first","10":"instock","11":"shipping-taxable","12":"purchasable","13":"product-type-simple"},"_links":{"self":[{"href":"https:\/\/tofikolo.pl\/en\/wp-json\/wp\/v2\/product\/30687","targetHints":{"allow":["GET"]}}],"collection":[{"href":"https:\/\/tofikolo.pl\/en\/wp-json\/wp\/v2\/product"}],"about":[{"href":"https:\/\/tofikolo.pl\/en\/wp-json\/wp\/v2\/types\/product"}],"replies":[{"embeddable":true,"href":"https:\/\/tofikolo.pl\/en\/wp-json\/wp\/v2\/comments?post=30687"}],"version-history":[{"count":3,"href":"https:\/\/tofikolo.pl\/en\/wp-json\/wp\/v2\/product\/30687\/revisions"}],"predecessor-version":[{"id":31756,"href":"https:\/\/tofikolo.pl\/en\/wp-json\/wp\/v2\/product\/30687\/revisions\/31756"}],"wp:featuredmedia":[{"embeddable":true,"href":"https:\/\/tofikolo.pl\/en\/wp-json\/wp\/v2\/media\/31125"}],"wp:attachment":[{"href":"https:\/\/tofikolo.pl\/en\/wp-json\/wp\/v2\/media?parent=30687"}],"wp:term":[{"taxonomy":"product_brand","embeddable":true,"href":"https:\/\/tofikolo.pl\/en\/wp-json\/wp\/v2\/product_brand?post=30687"},{"taxonomy":"product_cat","embeddable":true,"href":"https:\/\/tofikolo.pl\/en\/wp-json\/wp\/v2\/product_cat?post=30687"},{"taxonomy":"product_tag","embeddable":true,"href":"https:\/\/tofikolo.pl\/en\/wp-json\/wp\/v2\/product_tag?post=30687"}],"curies":[{"name":"wp","href":"https:\/\/api.w.org\/{rel}","templated":true}]}}