{"id":30689,"date":"2026-03-03T13:58:51","date_gmt":"2026-03-03T12:58:51","guid":{"rendered":"https:\/\/tofikolo.pl\/?post_type=product&#038;p=30689"},"modified":"2026-04-01T18:26:46","modified_gmt":"2026-04-01T16:26:46","slug":"lenor-trocknertucher-chusteczki-do-suszarek-summer-breeze","status":"publish","type":"product","link":"https:\/\/tofikolo.pl\/en\/product\/lenor-trocknertucher-chusteczki-do-suszarek-summer-breeze\/","title":{"rendered":"Lenor Tumble Dryer Sheets Summer Breeze &#8211; Chusteczki zapachowe do suszarki"},"content":{"rendered":"<p>Marzysz o tym, by Twoje ubrania po wyj\u0119ciu z suszarki by\u0142y nie tylko suche, ale i mi\u0119kkie jak chmurka? <b data-path-to-node=\"6\" data-index-in-node=\"115\">Lenor Summer Breeze<\/b> to sekretny sk\u0142adnik idealnego prania, sprowadzany bezpo\u015brednio z zachodniej dystrybucji, co gwarantuje wyj\u0105tkow\u0105 intensywno\u015b\u0107 aromatu. Zapach \u201eSummer Breeze\u201d to esencja z\u0142otego, letniego popo\u0142udnia \u2013 nuty kwiatowe harmonijnie mieszaj\u0105 si\u0119 tu z o\u017cywczym aromatem \u015bwie\u017cego powietrza. Chusteczki znacz\u0105co u\u0142atwiaj\u0105 prasowanie i zapobiegaj\u0105 uci\u0105\u017cliwemu elektryzowaniu si\u0119 tkanin. <b data-path-to-node=\"6\" data-index-in-node=\"512\">Pro-tip:<\/b> W\u0142\u00f3\u017c jedn\u0105 chusteczk\u0119 do szafy, torby sportowej lub walizki, aby cieszy\u0107 si\u0119 luksusow\u0105 \u015bwie\u017co\u015bci\u0105 przez wiele tygodni!<\/p>","protected":false},"excerpt":{"rendered":"<p data-path-to-node=\"5,0,0\"><b data-path-to-node=\"5,0,0\" data-index-in-node=\"0\">Kraj pochodzenia:<\/b> Wielka Brytania \/ Europa Zachodnia \ud83c\uddec\ud83c\udde7<\/p>\n<p data-path-to-node=\"5,1,0\"><b data-path-to-node=\"5,1,0\" data-index-in-node=\"0\">Zapach:<\/b> Summer Breeze (letnie kwiaty i ciep\u0142o s\u0142o\u0144ca) \u2600\ufe0f\ud83c\udf38<\/p>\n<p data-path-to-node=\"5,2,0\"><b data-path-to-node=\"5,2,0\" data-index-in-node=\"0\">Ilo\u015b\u0107:<\/b> 34 sztuki.<\/p>\n<p data-path-to-node=\"5,3,0\"><b data-path-to-node=\"5,3,0\" data-index-in-node=\"0\">Efekt:<\/b> Mi\u0119kko\u015b\u0107 tkanin, redukcja gniecenia i brak elektryzowania.<\/p>","protected":false},"featured_media":31127,"comment_status":"open","ping_status":"closed","template":"","meta":[],"product_brand":[246],"product_cat":[221],"product_tag":[],"class_list":{"0":"post-30689","1":"product","2":"type-product","3":"status-publish","4":"has-post-thumbnail","6":"product_brand-lenor","7":"product_cat-pranie","9":"first","10":"instock","11":"shipping-taxable","12":"purchasable","13":"product-type-simple"},"_links":{"self":[{"href":"https:\/\/tofikolo.pl\/en\/wp-json\/wp\/v2\/product\/30689","targetHints":{"allow":["GET"]}}],"collection":[{"href":"https:\/\/tofikolo.pl\/en\/wp-json\/wp\/v2\/product"}],"about":[{"href":"https:\/\/tofikolo.pl\/en\/wp-json\/wp\/v2\/types\/product"}],"replies":[{"embeddable":true,"href":"https:\/\/tofikolo.pl\/en\/wp-json\/wp\/v2\/comments?post=30689"}],"version-history":[{"count":3,"href":"https:\/\/tofikolo.pl\/en\/wp-json\/wp\/v2\/product\/30689\/revisions"}],"predecessor-version":[{"id":31754,"href":"https:\/\/tofikolo.pl\/en\/wp-json\/wp\/v2\/product\/30689\/revisions\/31754"}],"wp:featuredmedia":[{"embeddable":true,"href":"https:\/\/tofikolo.pl\/en\/wp-json\/wp\/v2\/media\/31127"}],"wp:attachment":[{"href":"https:\/\/tofikolo.pl\/en\/wp-json\/wp\/v2\/media?parent=30689"}],"wp:term":[{"taxonomy":"product_brand","embeddable":true,"href":"https:\/\/tofikolo.pl\/en\/wp-json\/wp\/v2\/product_brand?post=30689"},{"taxonomy":"product_cat","embeddable":true,"href":"https:\/\/tofikolo.pl\/en\/wp-json\/wp\/v2\/product_cat?post=30689"},{"taxonomy":"product_tag","embeddable":true,"href":"https:\/\/tofikolo.pl\/en\/wp-json\/wp\/v2\/product_tag?post=30689"}],"curies":[{"name":"wp","href":"https:\/\/api.w.org\/{rel}","templated":true}]}}