{"id":31137,"date":"2026-03-18T19:25:04","date_gmt":"2026-03-18T18:25:04","guid":{"rendered":"https:\/\/tofikolo.pl\/?post_type=product&#038;p=31137"},"modified":"2026-04-01T18:24:40","modified_gmt":"2026-04-01T16:24:40","slug":"ocean-serenade-morski","status":"publish","type":"product","link":"https:\/\/tofikolo.pl\/en\/product\/ocean-serenade-morski\/","title":{"rendered":"That&#8217;s Perfect \u2013 Ocean Serenade (Ocean) \u2013 Myd\u0142o w P\u0142ynie \u2013 500ml"},"content":{"rendered":"<p><b data-path-to-node=\"22\" data-index-in-node=\"12\">Ocean Serenade<\/b> to krystaliczna \u015bwie\u017co\u015b\u0107 zamkni\u0119ta w stylowym opakowaniu. To tureckie myd\u0142o uwalnia rze\u015bki, energetyzuj\u0105cy zapach oceanu, kt\u00f3ry natychmiast pobudza i przywraca poczucie komfortu. Dzi\u0119ki lekkiej formule i niezwykle uroczej grafice z motywem latarni morskiej, produkt ten jest uwielbiany zar\u00f3wno przez doros\u0142ych, jak i przez dzieci. Skutecznie usuwa wszelkie zanieczyszczenia, nie pozostawiaj\u0105c uczucia \u015bci\u0105gni\u0119cia sk\u00f3ry. To powiew \u015bwie\u017co\u015bci, kt\u00f3ry sprawia, \u017ce ka\u017cda wizyta w \u0142azience staje si\u0119 przyjemno\u015bci\u0105.<\/p>","protected":false},"excerpt":{"rendered":"<p data-path-to-node=\"21,0,0\"><b data-path-to-node=\"21,0,0\" data-index-in-node=\"0\">Kraj pochodzenia:<\/b> Turcja \ud83c\uddf9\ud83c\uddf7<\/p>\n<p data-path-to-node=\"21,1,0\"><b data-path-to-node=\"21,1,0\" data-index-in-node=\"0\">Zapach:<\/b> Orze\u017awiaj\u0105ca morska bryza \ud83c\udf0a<\/p>\n<p data-path-to-node=\"21,2,0\"><b data-path-to-node=\"21,2,0\" data-index-in-node=\"0\">Design:<\/b> Urocza grafika marynistyczna (latarnia, wieloryb).<\/p>\n<p data-path-to-node=\"21,3,0\"><b data-path-to-node=\"21,3,0\" data-index-in-node=\"0\">Efekt:<\/b> B\u0142yskawiczne od\u015bwie\u017cenie i czysto\u015b\u0107 dla ca\u0142ej rodziny.<\/p>","protected":false},"featured_media":31101,"comment_status":"open","ping_status":"closed","template":"","meta":[],"product_brand":[],"product_cat":[218],"product_tag":[],"class_list":{"0":"post-31137","1":"product","2":"type-product","3":"status-publish","4":"has-post-thumbnail","6":"product_cat-bez-kategorii","8":"first","9":"instock","10":"shipping-taxable","11":"purchasable","12":"product-type-simple"},"_links":{"self":[{"href":"https:\/\/tofikolo.pl\/en\/wp-json\/wp\/v2\/product\/31137","targetHints":{"allow":["GET"]}}],"collection":[{"href":"https:\/\/tofikolo.pl\/en\/wp-json\/wp\/v2\/product"}],"about":[{"href":"https:\/\/tofikolo.pl\/en\/wp-json\/wp\/v2\/types\/product"}],"replies":[{"embeddable":true,"href":"https:\/\/tofikolo.pl\/en\/wp-json\/wp\/v2\/comments?post=31137"}],"version-history":[{"count":3,"href":"https:\/\/tofikolo.pl\/en\/wp-json\/wp\/v2\/product\/31137\/revisions"}],"predecessor-version":[{"id":31708,"href":"https:\/\/tofikolo.pl\/en\/wp-json\/wp\/v2\/product\/31137\/revisions\/31708"}],"wp:featuredmedia":[{"embeddable":true,"href":"https:\/\/tofikolo.pl\/en\/wp-json\/wp\/v2\/media\/31101"}],"wp:attachment":[{"href":"https:\/\/tofikolo.pl\/en\/wp-json\/wp\/v2\/media?parent=31137"}],"wp:term":[{"taxonomy":"product_brand","embeddable":true,"href":"https:\/\/tofikolo.pl\/en\/wp-json\/wp\/v2\/product_brand?post=31137"},{"taxonomy":"product_cat","embeddable":true,"href":"https:\/\/tofikolo.pl\/en\/wp-json\/wp\/v2\/product_cat?post=31137"},{"taxonomy":"product_tag","embeddable":true,"href":"https:\/\/tofikolo.pl\/en\/wp-json\/wp\/v2\/product_tag?post=31137"}],"curies":[{"name":"wp","href":"https:\/\/api.w.org\/{rel}","templated":true}]}}