{"id":31216,"date":"2026-03-19T19:45:42","date_gmt":"2026-03-19T18:45:42","guid":{"rendered":"https:\/\/tofikolo.pl\/?post_type=product&#038;p=31216"},"modified":"2026-04-01T18:21:16","modified_gmt":"2026-04-01T16:21:16","slug":"power-wash-plyn-do-naczyn-apple-mint","status":"publish","type":"product","link":"https:\/\/tofikolo.pl\/en\/product\/power-wash-plyn-do-naczyn-apple-mint\/","title":{"rendered":"Power Wash \u2013 P\u0142yn do naczy\u0144 Apfel &#038; Minze &#8211; Jab\u0142ko z mi\u0119t\u0105 5L"},"content":{"rendered":"<p>Zapomnij o cz\u0119stych wizytach w sklepie po ma\u0142e buteleczki detergentu. <b data-path-to-node=\"6\" data-index-in-node=\"82\">Power Wash Apfel &amp; Minze<\/b> to pot\u0119\u017cne 5 litr\u00f3w czysto\u015bci prosto z Niemiec, kt\u00f3re wystarczy na setki zmywa\u0144. Formu\u0142a \u201eApple &amp; Mint\u201d to nie tylko bezwzgl\u0119dna walka z t\u0142uszczem, ale i prawdziwa aromaterapia przy zlewie \u2013 zapach dojrza\u0142ego jab\u0142ka prze\u0142amany ch\u0142odn\u0105 nut\u0105 mi\u0119ty sprawia, \u017ce domowe obowi\u0105zki staj\u0105 si\u0119 znacznie przyjemniejsze. P\u0142yn jest g\u0119sty, niezwykle wydajny i pozostawia naczynia l\u015bni\u0105ce, bez konieczno\u015bci polerowania. Idealny wyb\u00f3r dla tych, kt\u00f3rzy ceni\u0105 oszcz\u0119dno\u015b\u0107 i niemieck\u0105 precyzj\u0119.<\/p>","protected":false},"excerpt":{"rendered":"<p data-path-to-node=\"5,0,0\"><b data-path-to-node=\"5,0,0\" data-index-in-node=\"0\">Kraj pochodzenia:<\/b> Niemcy \ud83c\udde9\ud83c\uddea<\/p>\n<p data-path-to-node=\"5,1,0\"><b data-path-to-node=\"5,1,0\" data-index-in-node=\"0\">Zapach:<\/b> Soczyste jab\u0142ko i mro\u017ana mi\u0119ta \ud83c\udf4f\ud83c\udf31<\/p>\n<p data-path-to-node=\"5,2,0\"><b data-path-to-node=\"5,2,0\" data-index-in-node=\"0\">Pojemno\u015b\u0107:<\/b> 5 litr\u00f3w (opakowanie XXL).<\/p>\n<p data-path-to-node=\"5,3,0\"><b data-path-to-node=\"5,3,0\" data-index-in-node=\"0\">Zaleta:<\/b> Niemiecka wydajno\u015b\u0107 i krystaliczny blask.<\/p>","protected":false},"featured_media":31197,"comment_status":"open","ping_status":"closed","template":"","meta":[],"product_brand":[],"product_cat":[231],"product_tag":[],"class_list":{"0":"post-31216","1":"product","2":"type-product","3":"status-publish","4":"has-post-thumbnail","6":"product_cat-zmywanie","8":"first","9":"instock","10":"shipping-taxable","11":"purchasable","12":"product-type-simple"},"_links":{"self":[{"href":"https:\/\/tofikolo.pl\/en\/wp-json\/wp\/v2\/product\/31216","targetHints":{"allow":["GET"]}}],"collection":[{"href":"https:\/\/tofikolo.pl\/en\/wp-json\/wp\/v2\/product"}],"about":[{"href":"https:\/\/tofikolo.pl\/en\/wp-json\/wp\/v2\/types\/product"}],"replies":[{"embeddable":true,"href":"https:\/\/tofikolo.pl\/en\/wp-json\/wp\/v2\/comments?post=31216"}],"version-history":[{"count":3,"href":"https:\/\/tofikolo.pl\/en\/wp-json\/wp\/v2\/product\/31216\/revisions"}],"predecessor-version":[{"id":31769,"href":"https:\/\/tofikolo.pl\/en\/wp-json\/wp\/v2\/product\/31216\/revisions\/31769"}],"wp:featuredmedia":[{"embeddable":true,"href":"https:\/\/tofikolo.pl\/en\/wp-json\/wp\/v2\/media\/31197"}],"wp:attachment":[{"href":"https:\/\/tofikolo.pl\/en\/wp-json\/wp\/v2\/media?parent=31216"}],"wp:term":[{"taxonomy":"product_brand","embeddable":true,"href":"https:\/\/tofikolo.pl\/en\/wp-json\/wp\/v2\/product_brand?post=31216"},{"taxonomy":"product_cat","embeddable":true,"href":"https:\/\/tofikolo.pl\/en\/wp-json\/wp\/v2\/product_cat?post=31216"},{"taxonomy":"product_tag","embeddable":true,"href":"https:\/\/tofikolo.pl\/en\/wp-json\/wp\/v2\/product_tag?post=31216"}],"curies":[{"name":"wp","href":"https:\/\/api.w.org\/{rel}","templated":true}]}}