{"id":31218,"date":"2026-03-19T19:47:00","date_gmt":"2026-03-19T18:47:00","guid":{"rendered":"https:\/\/tofikolo.pl\/?post_type=product&#038;p=31218"},"modified":"2026-04-01T18:20:44","modified_gmt":"2026-04-01T16:20:44","slug":"power-wash-plyn-do-naczyn-lemon-lime","status":"publish","type":"product","link":"https:\/\/tofikolo.pl\/en\/product\/power-wash-plyn-do-naczyn-lemon-lime\/","title":{"rendered":"Power Wash \u2013 P\u0142yn do naczy\u0144 Zitrone &#038; Lime &#8211; Cytryna z limonk\u0105 5L"},"content":{"rendered":"<p>Prawdziwy gigant w Twojej kuchni, kt\u00f3ry nie boi si\u0119 \u017cadnego wyzwania. Ten niemiecki p\u0142yn o zapachu cytrusowego duetu (cytryny i limonki) to gwarancja \u015bwie\u017co\u015bci, kt\u00f3ra wype\u0142ni ca\u0142e pomieszczenie. Dzi\u0119ki skoncentrowanej formule <b data-path-to-node=\"11\" data-index-in-node=\"238\">Power Wash Zitrone &amp; Lime<\/b> wytwarza g\u0119st\u0105, stabiln\u0105 pian\u0119, kt\u00f3ra b\u0142yskawicznie unosi brud i rozpuszcza uporczywe przypalenia. Niemiecka jako\u015b\u0107 gwarantuje, \u017ce p\u0142yn jest bezlitosny dla t\u0142uszczu, ale \u0142agodny dla Twoich d\u0142oni. Wybierz ekonomiczne rozwi\u0105zanie, kt\u00f3re od lat cieszy si\u0119 zaufaniem w zachodnich domach.<\/p>","protected":false},"excerpt":{"rendered":"<p data-path-to-node=\"10,0,0\"><b data-path-to-node=\"10,0,0\" data-index-in-node=\"0\">Kraj pochodzenia:<\/b> Niemcy \ud83c\udde9\ud83c\uddea<\/p>\n<p data-path-to-node=\"10,1,0\"><b data-path-to-node=\"10,1,0\" data-index-in-node=\"0\">Zapach:<\/b> Energetyzuj\u0105ca cytryna i limonka \ud83c\udf4b\ud83d\udc9a<\/p>\n<p data-path-to-node=\"10,2,0\"><b data-path-to-node=\"10,2,0\" data-index-in-node=\"0\">Pojemno\u015b\u0107:<\/b> 5 litr\u00f3w \u2013 zapas dla ca\u0142ej rodziny.<\/p>\n<p data-path-to-node=\"10,3,0\"><b data-path-to-node=\"10,3,0\" data-index-in-node=\"0\">Efekt:<\/b> B\u0142yskawiczne rozpuszczanie przypale\u0144 i t\u0142uszczu.<\/p>","protected":false},"featured_media":31199,"comment_status":"open","ping_status":"closed","template":"","meta":[],"product_brand":[],"product_cat":[231],"product_tag":[],"class_list":{"0":"post-31218","1":"product","2":"type-product","3":"status-publish","4":"has-post-thumbnail","6":"product_cat-zmywanie","8":"first","9":"instock","10":"shipping-taxable","11":"purchasable","12":"product-type-simple"},"_links":{"self":[{"href":"https:\/\/tofikolo.pl\/en\/wp-json\/wp\/v2\/product\/31218","targetHints":{"allow":["GET"]}}],"collection":[{"href":"https:\/\/tofikolo.pl\/en\/wp-json\/wp\/v2\/product"}],"about":[{"href":"https:\/\/tofikolo.pl\/en\/wp-json\/wp\/v2\/types\/product"}],"replies":[{"embeddable":true,"href":"https:\/\/tofikolo.pl\/en\/wp-json\/wp\/v2\/comments?post=31218"}],"version-history":[{"count":3,"href":"https:\/\/tofikolo.pl\/en\/wp-json\/wp\/v2\/product\/31218\/revisions"}],"predecessor-version":[{"id":31771,"href":"https:\/\/tofikolo.pl\/en\/wp-json\/wp\/v2\/product\/31218\/revisions\/31771"}],"wp:featuredmedia":[{"embeddable":true,"href":"https:\/\/tofikolo.pl\/en\/wp-json\/wp\/v2\/media\/31199"}],"wp:attachment":[{"href":"https:\/\/tofikolo.pl\/en\/wp-json\/wp\/v2\/media?parent=31218"}],"wp:term":[{"taxonomy":"product_brand","embeddable":true,"href":"https:\/\/tofikolo.pl\/en\/wp-json\/wp\/v2\/product_brand?post=31218"},{"taxonomy":"product_cat","embeddable":true,"href":"https:\/\/tofikolo.pl\/en\/wp-json\/wp\/v2\/product_cat?post=31218"},{"taxonomy":"product_tag","embeddable":true,"href":"https:\/\/tofikolo.pl\/en\/wp-json\/wp\/v2\/product_tag?post=31218"}],"curies":[{"name":"wp","href":"https:\/\/api.w.org\/{rel}","templated":true}]}}