{"id":31220,"date":"2026-03-19T19:48:50","date_gmt":"2026-03-19T18:48:50","guid":{"rendered":"https:\/\/tofikolo.pl\/?post_type=product&#038;p=31220"},"modified":"2026-04-01T18:20:06","modified_gmt":"2026-04-01T16:20:06","slug":"power-wash-hand-wash-paste-pasta-do-rak-5l","status":"publish","type":"product","link":"https:\/\/tofikolo.pl\/en\/product\/power-wash-hand-wash-paste-pasta-do-rak-5l\/","title":{"rendered":"Power Wash Hand Wash Paste &#8211; Pasta BHP 5L"},"content":{"rendered":"<p>Prawdziwy mocarz w walce z brudem, kt\u00f3rego nie domyje \u017cadne zwyk\u0142e myd\u0142o. <b data-path-to-node=\"16\" data-index-in-node=\"86\">Power Wash Hand Wash Paste<\/b> to profesjonalne narz\u0119dzie prosto z Niemiec, stworzone dla mechanik\u00f3w, majsterkowicz\u00f3w i artyst\u00f3w pracy fizycznej. Jej zaawansowana konsystencja z dodatkiem specjalnego \u015bcierniwa pozwala b\u0142yskawicznie usun\u0105\u0107 smary, oleje silnikowe, sadz\u0119 i rdz\u0119, dbaj\u0105c jednocze\u015bnie o to, by sk\u00f3ra nie zosta\u0142a podra\u017cniona. Mimo pot\u0119\u017cnej si\u0142y czyszcz\u0105cej, pasta pozostawia na d\u0142oniach rze\u015bki, cytrynowy zapach, skutecznie neutralizuj\u0105c aromaty techniczne. Gigantyczne opakowanie 5L to gwarancja wydajno\u015bci, kt\u00f3ra sprawdzi si\u0119 w ka\u017cdym profesjonalnym warsztacie.<\/p>","protected":false},"excerpt":{"rendered":"<p data-path-to-node=\"15,0,0\"><b data-path-to-node=\"15,0,0\" data-index-in-node=\"0\">Kraj pochodzenia:<\/b> Niemcy \/ UE \ud83c\udde9\ud83c\uddea<\/p>\n<p data-path-to-node=\"15,1,0\"><b data-path-to-node=\"15,1,0\" data-index-in-node=\"0\">Zapach:<\/b> \u015awie\u017cy, cytrynowo-mydlany \ud83c\udf4b\ud83e\uddfc<\/p>\n<p data-path-to-node=\"15,2,0\"><b data-path-to-node=\"15,2,0\" data-index-in-node=\"0\">Pojemno\u015b\u0107:<\/b> 5L (opakowanie XXL).<\/p>\n<p data-path-to-node=\"15,3,0\"><b data-path-to-node=\"15,3,0\" data-index-in-node=\"0\">Zastosowanie:<\/b> Ekstremalne zabrudzenia (smary, oleje, rdza, py\u0142).<\/p>","protected":false},"featured_media":31186,"comment_status":"open","ping_status":"closed","template":"","meta":[],"product_brand":[],"product_cat":[218],"product_tag":[],"class_list":{"0":"post-31220","1":"product","2":"type-product","3":"status-publish","4":"has-post-thumbnail","6":"product_cat-bez-kategorii","8":"first","9":"instock","10":"shipping-taxable","11":"purchasable","12":"product-type-simple"},"_links":{"self":[{"href":"https:\/\/tofikolo.pl\/en\/wp-json\/wp\/v2\/product\/31220","targetHints":{"allow":["GET"]}}],"collection":[{"href":"https:\/\/tofikolo.pl\/en\/wp-json\/wp\/v2\/product"}],"about":[{"href":"https:\/\/tofikolo.pl\/en\/wp-json\/wp\/v2\/types\/product"}],"replies":[{"embeddable":true,"href":"https:\/\/tofikolo.pl\/en\/wp-json\/wp\/v2\/comments?post=31220"}],"version-history":[{"count":3,"href":"https:\/\/tofikolo.pl\/en\/wp-json\/wp\/v2\/product\/31220\/revisions"}],"predecessor-version":[{"id":31758,"href":"https:\/\/tofikolo.pl\/en\/wp-json\/wp\/v2\/product\/31220\/revisions\/31758"}],"wp:featuredmedia":[{"embeddable":true,"href":"https:\/\/tofikolo.pl\/en\/wp-json\/wp\/v2\/media\/31186"}],"wp:attachment":[{"href":"https:\/\/tofikolo.pl\/en\/wp-json\/wp\/v2\/media?parent=31220"}],"wp:term":[{"taxonomy":"product_brand","embeddable":true,"href":"https:\/\/tofikolo.pl\/en\/wp-json\/wp\/v2\/product_brand?post=31220"},{"taxonomy":"product_cat","embeddable":true,"href":"https:\/\/tofikolo.pl\/en\/wp-json\/wp\/v2\/product_cat?post=31220"},{"taxonomy":"product_tag","embeddable":true,"href":"https:\/\/tofikolo.pl\/en\/wp-json\/wp\/v2\/product_tag?post=31220"}],"curies":[{"name":"wp","href":"https:\/\/api.w.org\/{rel}","templated":true}]}}