{"id":31224,"date":"2026-03-19T19:53:35","date_gmt":"2026-03-19T18:53:35","guid":{"rendered":"https:\/\/tofikolo.pl\/?post_type=product&#038;p=31224"},"modified":"2026-04-01T18:19:23","modified_gmt":"2026-04-01T16:19:23","slug":"tesori-doriente-ayurveda-amla-i-paczuli","status":"publish","type":"product","link":"https:\/\/tofikolo.pl\/en\/product\/tesori-doriente-ayurveda-amla-i-paczuli\/","title":{"rendered":"Tesori d\u2019Oriente \u2013 Krem do r\u0105k Ayurveda &#8211; Amla i Paczuli"},"content":{"rendered":"<p>dealne dope\u0142nienie serii Ayurveda. Ten krem do r\u0105k prosto z W\u0142och to harmonijne po\u0142\u0105czenie piel\u0119gnacji i aromaterapii. Zapach paczuli i owoc\u00f3w amla dzia\u0142a relaksuj\u0105co, a bogaty sk\u0142ad dba o kondycj\u0119 sk\u00f3rek i paznokci. Niewielkie opakowanie pozwala mie\u0107 ten kawa\u0142ek luksusu zawsze przy sobie, zapewniaj\u0105c d\u0142oniom ochron\u0119 i zapach, obok kt\u00f3rego nikt nie przejdzie oboj\u0119tnie.<\/p>","protected":false},"excerpt":{"rendered":"<p data-path-to-node=\"23,0,1,0,0\"><b data-path-to-node=\"20,0,0\" data-index-in-node=\"0\">Kraj pochodzenia:<\/b> W\u0142ochy \ud83c\uddee\ud83c\uddf9<\/p>\n<p data-path-to-node=\"23,0,1,0,0\"><strong>Pojemno\u015b\u0107:<\/strong> 75ml.<\/p>\n<p data-path-to-node=\"23,0,1,1,0\"><strong>Zapach:<\/strong> Amla i Patchouli (drzewno-owocowy).<\/p>\n<p data-path-to-node=\"23,0,1,2,0\"><strong>Zalety:<\/strong> Przywraca balans sk\u00f3rze, d\u0142ugotrwa\u0142y zapach.<\/p>","protected":false},"featured_media":31209,"comment_status":"open","ping_status":"closed","template":"","meta":[],"product_brand":[],"product_cat":[218],"product_tag":[],"class_list":{"0":"post-31224","1":"product","2":"type-product","3":"status-publish","4":"has-post-thumbnail","6":"product_cat-bez-kategorii","8":"first","9":"outofstock","10":"shipping-taxable","11":"purchasable","12":"product-type-simple"},"_links":{"self":[{"href":"https:\/\/tofikolo.pl\/en\/wp-json\/wp\/v2\/product\/31224","targetHints":{"allow":["GET"]}}],"collection":[{"href":"https:\/\/tofikolo.pl\/en\/wp-json\/wp\/v2\/product"}],"about":[{"href":"https:\/\/tofikolo.pl\/en\/wp-json\/wp\/v2\/types\/product"}],"replies":[{"embeddable":true,"href":"https:\/\/tofikolo.pl\/en\/wp-json\/wp\/v2\/comments?post=31224"}],"version-history":[{"count":3,"href":"https:\/\/tofikolo.pl\/en\/wp-json\/wp\/v2\/product\/31224\/revisions"}],"predecessor-version":[{"id":31784,"href":"https:\/\/tofikolo.pl\/en\/wp-json\/wp\/v2\/product\/31224\/revisions\/31784"}],"wp:featuredmedia":[{"embeddable":true,"href":"https:\/\/tofikolo.pl\/en\/wp-json\/wp\/v2\/media\/31209"}],"wp:attachment":[{"href":"https:\/\/tofikolo.pl\/en\/wp-json\/wp\/v2\/media?parent=31224"}],"wp:term":[{"taxonomy":"product_brand","embeddable":true,"href":"https:\/\/tofikolo.pl\/en\/wp-json\/wp\/v2\/product_brand?post=31224"},{"taxonomy":"product_cat","embeddable":true,"href":"https:\/\/tofikolo.pl\/en\/wp-json\/wp\/v2\/product_cat?post=31224"},{"taxonomy":"product_tag","embeddable":true,"href":"https:\/\/tofikolo.pl\/en\/wp-json\/wp\/v2\/product_tag?post=31224"}],"curies":[{"name":"wp","href":"https:\/\/api.w.org\/{rel}","templated":true}]}}