{"id":31226,"date":"2026-03-19T19:55:08","date_gmt":"2026-03-19T18:55:08","guid":{"rendered":"https:\/\/tofikolo.pl\/?post_type=product&#038;p=31226"},"modified":"2026-04-01T18:18:57","modified_gmt":"2026-04-01T16:18:57","slug":"tesori-doriente-byzantium-czarna-roza-i-labdanum","status":"publish","type":"product","link":"https:\/\/tofikolo.pl\/en\/product\/tesori-doriente-byzantium-czarna-roza-i-labdanum\/","title":{"rendered":"Tesori d\u2019Oriente \u2013 Krem do r\u0105k Byzantium &#8211; Czarna R\u00f3\u017ca i Labdanum"},"content":{"rendered":"<p>Odkryj tajemnice dawnego Bizancjum zamkni\u0119te w tubce kremu. To jeden z najbardziej unikalnych zapach\u00f3w marki Tesori d\u2019Oriente \u2013 po\u0142\u0105czenie rzadkiej czarnej r\u00f3\u017cy z ciep\u0142ymi nutami \u017cywicy labdanum. Krem z W\u0142och nie tylko ob\u0142\u0119dnie pachnie, ale dzi\u0119ki swojej konsystencji sprawia, \u017ce sk\u00f3ra d\u0142oni staje si\u0119 mi\u0119kka niczym najdro\u017cszy jedwab. Prawdziwa uczta dla fan\u00f3w niszowych zapach\u00f3w.<\/p>","protected":false},"excerpt":{"rendered":"<p><b data-path-to-node=\"20,0,0\" data-index-in-node=\"0\">Kraj pochodzenia:<\/b> W\u0142ochy \ud83c\uddee\ud83c\uddf9<\/p>\n<p data-path-to-node=\"20,0,1,0,0\"><strong>Pojemno\u015b\u0107:<\/strong> 75ml.<\/p>\n<p data-path-to-node=\"20,0,1,1,0\"><strong>Zapach:<\/strong> Czarna R\u00f3\u017ca i Labdanum.<\/p>\n<p data-path-to-node=\"20,0,1,2,0\"><strong>Zalety:<\/strong> Tajemniczy, luksusowy zapach, wyg\u0142adza i piel\u0119gnuje.<\/p>","protected":false},"featured_media":31207,"comment_status":"open","ping_status":"closed","template":"","meta":[],"product_brand":[],"product_cat":[218],"product_tag":[],"class_list":{"0":"post-31226","1":"product","2":"type-product","3":"status-publish","4":"has-post-thumbnail","6":"product_cat-bez-kategorii","8":"first","9":"instock","10":"shipping-taxable","11":"purchasable","12":"product-type-simple"},"_links":{"self":[{"href":"https:\/\/tofikolo.pl\/en\/wp-json\/wp\/v2\/product\/31226","targetHints":{"allow":["GET"]}}],"collection":[{"href":"https:\/\/tofikolo.pl\/en\/wp-json\/wp\/v2\/product"}],"about":[{"href":"https:\/\/tofikolo.pl\/en\/wp-json\/wp\/v2\/types\/product"}],"replies":[{"embeddable":true,"href":"https:\/\/tofikolo.pl\/en\/wp-json\/wp\/v2\/comments?post=31226"}],"version-history":[{"count":3,"href":"https:\/\/tofikolo.pl\/en\/wp-json\/wp\/v2\/product\/31226\/revisions"}],"predecessor-version":[{"id":31782,"href":"https:\/\/tofikolo.pl\/en\/wp-json\/wp\/v2\/product\/31226\/revisions\/31782"}],"wp:featuredmedia":[{"embeddable":true,"href":"https:\/\/tofikolo.pl\/en\/wp-json\/wp\/v2\/media\/31207"}],"wp:attachment":[{"href":"https:\/\/tofikolo.pl\/en\/wp-json\/wp\/v2\/media?parent=31226"}],"wp:term":[{"taxonomy":"product_brand","embeddable":true,"href":"https:\/\/tofikolo.pl\/en\/wp-json\/wp\/v2\/product_brand?post=31226"},{"taxonomy":"product_cat","embeddable":true,"href":"https:\/\/tofikolo.pl\/en\/wp-json\/wp\/v2\/product_cat?post=31226"},{"taxonomy":"product_tag","embeddable":true,"href":"https:\/\/tofikolo.pl\/en\/wp-json\/wp\/v2\/product_tag?post=31226"}],"curies":[{"name":"wp","href":"https:\/\/api.w.org\/{rel}","templated":true}]}}