{"id":31230,"date":"2026-03-19T19:57:54","date_gmt":"2026-03-19T18:57:54","guid":{"rendered":"https:\/\/tofikolo.pl\/?post_type=product&#038;p=31230"},"modified":"2026-04-01T18:18:03","modified_gmt":"2026-04-01T16:18:03","slug":"tesori-doriente-fior-di-loto-kwiat-lotosu","status":"publish","type":"product","link":"https:\/\/tofikolo.pl\/en\/product\/tesori-doriente-fior-di-loto-kwiat-lotosu\/","title":{"rendered":"Tesori d\u2019Oriente \u2013 Krem do r\u0105k Fior di Loto &#8211; Kwiat Lotosu"},"content":{"rendered":"<p>W\u0142oska recepta na jedwabi\u015bcie g\u0142adkie d\u0142onie. Krem Fior di Loto zachwyca intensywnym, ciep\u0142ym aromatem kwiatu lotosu, kt\u00f3ry jest symbolem czysto\u015bci i odrodzenia. Lekka formu\u0142a b\u0142yskawicznie wnika w nask\u00f3rek, nie pozostawiaj\u0105c t\u0142ustego filmu, dzi\u0119ki czemu mo\u017cesz wr\u00f3ci\u0107 do swoich zaj\u0119\u0107 od razu po aplikacji. Twoje d\u0142onie b\u0119d\u0105 pachnie\u0107 jak po wizycie w ekskluzywnej perfumerii.<\/p>","protected":false},"excerpt":{"rendered":"<p data-path-to-node=\"14,0,1,0,0\"><b data-path-to-node=\"20,0,0\" data-index-in-node=\"0\">Kraj pochodzenia:<\/b> W\u0142ochy \ud83c\uddee\ud83c\uddf9<\/p>\n<p data-path-to-node=\"14,0,1,0,0\"><strong>Pojemno\u015b\u0107:<\/strong> 75ml.<\/p>\n<p data-path-to-node=\"14,0,1,1,0\"><strong>Zapach:<\/strong> Kwiat Lotosu (s\u0142odki, kwiatowy, elegancki).<\/p>\n<p data-path-to-node=\"14,0,1,2,0\"><strong>Zalety:<\/strong> Szybko si\u0119 wch\u0142ania, intensywnie perfumowany, aksamitna sk\u00f3ra.<\/p>","protected":false},"featured_media":31203,"comment_status":"open","ping_status":"closed","template":"","meta":[],"product_brand":[],"product_cat":[218],"product_tag":[],"class_list":{"0":"post-31230","1":"product","2":"type-product","3":"status-publish","4":"has-post-thumbnail","6":"product_cat-bez-kategorii","8":"first","9":"instock","10":"shipping-taxable","11":"purchasable","12":"product-type-simple"},"_links":{"self":[{"href":"https:\/\/tofikolo.pl\/en\/wp-json\/wp\/v2\/product\/31230","targetHints":{"allow":["GET"]}}],"collection":[{"href":"https:\/\/tofikolo.pl\/en\/wp-json\/wp\/v2\/product"}],"about":[{"href":"https:\/\/tofikolo.pl\/en\/wp-json\/wp\/v2\/types\/product"}],"replies":[{"embeddable":true,"href":"https:\/\/tofikolo.pl\/en\/wp-json\/wp\/v2\/comments?post=31230"}],"version-history":[{"count":3,"href":"https:\/\/tofikolo.pl\/en\/wp-json\/wp\/v2\/product\/31230\/revisions"}],"predecessor-version":[{"id":31778,"href":"https:\/\/tofikolo.pl\/en\/wp-json\/wp\/v2\/product\/31230\/revisions\/31778"}],"wp:featuredmedia":[{"embeddable":true,"href":"https:\/\/tofikolo.pl\/en\/wp-json\/wp\/v2\/media\/31203"}],"wp:attachment":[{"href":"https:\/\/tofikolo.pl\/en\/wp-json\/wp\/v2\/media?parent=31230"}],"wp:term":[{"taxonomy":"product_brand","embeddable":true,"href":"https:\/\/tofikolo.pl\/en\/wp-json\/wp\/v2\/product_brand?post=31230"},{"taxonomy":"product_cat","embeddable":true,"href":"https:\/\/tofikolo.pl\/en\/wp-json\/wp\/v2\/product_cat?post=31230"},{"taxonomy":"product_tag","embeddable":true,"href":"https:\/\/tofikolo.pl\/en\/wp-json\/wp\/v2\/product_tag?post=31230"}],"curies":[{"name":"wp","href":"https:\/\/api.w.org\/{rel}","templated":true}]}}