{"id":31236,"date":"2026-03-19T20:06:31","date_gmt":"2026-03-19T19:06:31","guid":{"rendered":"https:\/\/tofikolo.pl\/?post_type=product&#038;p=31236"},"modified":"2026-04-01T18:16:09","modified_gmt":"2026-04-01T16:16:09","slug":"der-waschkonig-c-g-universal-uniwersalny-zel-do-prania","status":"publish","type":"product","link":"https:\/\/tofikolo.pl\/en\/product\/der-waschkonig-c-g-universal-uniwersalny-zel-do-prania\/","title":{"rendered":"Der Waschk\u00f6nig Universal &#8211; Uniwersalny \u017cel do prania"},"content":{"rendered":"<p>Niemiecki \u201eKr\u00f3l Prania\u201d w wersji XXL! <b data-path-to-node=\"31\" data-index-in-node=\"50\">Waschk\u00f6nig Universal<\/b> to jeden z najbardziej ekonomicznych i skutecznych \u017celi na europejskim rynku. Importowany z Niemiec, charakteryzuje si\u0119 g\u0119st\u0105, skoncentrowan\u0105 konsystencj\u0105, kt\u00f3ra b\u0142yskawicznie rozpuszcza si\u0119 w wodzie, nie zostawiaj\u0105c \u017cadnych smug na tkaninach. Zapach \u201eFrischer Duft\u201d to klasyczna, ch\u0142odna nuta, kt\u00f3ra nadaje praniu lekko\u015bci i \u015bwie\u017co\u015bci. \u017bel wykazuje pe\u0142n\u0105 skuteczno\u015b\u0107 ju\u017c w temperaturze 20\u00b0C, co pozwala oszcz\u0119dza\u0107 energi\u0119 i dba\u0107 o delikatne w\u0142\u00f3kna. Jedna butla wystarcza na niesamowit\u0105 liczb\u0119 166 cykli \u2013 to wyb\u00f3r, kt\u00f3ry pokocha Tw\u00f3j portfel.<\/p>","protected":false},"excerpt":{"rendered":"<p data-path-to-node=\"30,0,0\"><b data-path-to-node=\"30,0,0\" data-index-in-node=\"0\">Kraj pochodzenia:<\/b> Niemcy \ud83c\udde9\ud83c\uddea<\/p>\n<p data-path-to-node=\"30,1,0\"><b data-path-to-node=\"30,1,0\" data-index-in-node=\"0\">Zapach:<\/b> Frischer Duft (Rze\u015bka \u015bwie\u017co\u015b\u0107) \ud83e\uddca<\/p>\n<p data-path-to-node=\"30,2,0\"><b data-path-to-node=\"30,2,0\" data-index-in-node=\"0\">Wydajno\u015b\u0107:<\/b> 166 pra\u0144 (5 L).<\/p>\n<p data-path-to-node=\"30,3,0\"><b data-path-to-node=\"30,3,0\" data-index-in-node=\"0\">Cechy:<\/b> Skuteczny ju\u017c w 20\u00b0C, chroni \u015brodowisko.<\/p>","protected":false},"featured_media":31191,"comment_status":"open","ping_status":"closed","template":"","meta":[],"product_brand":[],"product_cat":[221],"product_tag":[],"class_list":{"0":"post-31236","1":"product","2":"type-product","3":"status-publish","4":"has-post-thumbnail","6":"product_cat-pranie","8":"first","9":"instock","10":"shipping-taxable","11":"purchasable","12":"product-type-simple"},"_links":{"self":[{"href":"https:\/\/tofikolo.pl\/en\/wp-json\/wp\/v2\/product\/31236","targetHints":{"allow":["GET"]}}],"collection":[{"href":"https:\/\/tofikolo.pl\/en\/wp-json\/wp\/v2\/product"}],"about":[{"href":"https:\/\/tofikolo.pl\/en\/wp-json\/wp\/v2\/types\/product"}],"replies":[{"embeddable":true,"href":"https:\/\/tofikolo.pl\/en\/wp-json\/wp\/v2\/comments?post=31236"}],"version-history":[{"count":4,"href":"https:\/\/tofikolo.pl\/en\/wp-json\/wp\/v2\/product\/31236\/revisions"}],"predecessor-version":[{"id":31763,"href":"https:\/\/tofikolo.pl\/en\/wp-json\/wp\/v2\/product\/31236\/revisions\/31763"}],"wp:featuredmedia":[{"embeddable":true,"href":"https:\/\/tofikolo.pl\/en\/wp-json\/wp\/v2\/media\/31191"}],"wp:attachment":[{"href":"https:\/\/tofikolo.pl\/en\/wp-json\/wp\/v2\/media?parent=31236"}],"wp:term":[{"taxonomy":"product_brand","embeddable":true,"href":"https:\/\/tofikolo.pl\/en\/wp-json\/wp\/v2\/product_brand?post=31236"},{"taxonomy":"product_cat","embeddable":true,"href":"https:\/\/tofikolo.pl\/en\/wp-json\/wp\/v2\/product_cat?post=31236"},{"taxonomy":"product_tag","embeddable":true,"href":"https:\/\/tofikolo.pl\/en\/wp-json\/wp\/v2\/product_tag?post=31236"}],"curies":[{"name":"wp","href":"https:\/\/api.w.org\/{rel}","templated":true}]}}