{"id":31381,"date":"2026-03-23T16:37:32","date_gmt":"2026-03-23T15:37:32","guid":{"rendered":"https:\/\/tofikolo.pl\/?post_type=product&#038;p=31381"},"modified":"2026-04-01T18:15:30","modified_gmt":"2026-04-01T16:15:30","slug":"felce-azzurra-moon-flowers-ksiezycowe-kwiaty","status":"publish","type":"product","link":"https:\/\/tofikolo.pl\/en\/product\/felce-azzurra-moon-flowers-ksiezycowe-kwiaty\/","title":{"rendered":"Felce Azzurra Moon Flowers (Ksi\u0119\u017cycowe Kwiaty) &#8211; P\u0142yn do p\u0142ukania tkanin"},"content":{"rendered":"<p>Zmie\u0144 swoj\u0105 sypialni\u0119 w oaz\u0119 spokoju. <b data-path-to-node=\"6\" data-index-in-node=\"50\">Felce Azzurra Moon Flowers<\/b> to innowacyjny p\u0142yn stworzony w oparciu o technologi\u0119 <b data-path-to-node=\"6\" data-index-in-node=\"131\">DreamScent\u2122<\/b>. Jego kompozycja zapachowa zosta\u0142a naukowo opracowana tak, aby koi\u0107 zmys\u0142y i u\u0142atwia\u0107 wyciszenie po d\u0142ugim dniu. Nuty ja\u015bminu przeplatane ciep\u0142\u0105 ambr\u0105 nadaj\u0105 po\u015bcieli i ubraniom luksusowy, \u201enocny\u201d charakter. Zapach uwalnia si\u0119 stopniowo, sprawiaj\u0105c, \u017ce Twoja szafa pachnie ob\u0142\u0119dnie nawet przez 100 dni. To idealny wyb\u00f3r dla tych, kt\u00f3rzy wierz\u0105, \u017ce czyste pranie powinno pachnie\u0107 jak magia w\u0142oskiej nocy.<\/p>","protected":false},"excerpt":{"rendered":"<p data-path-to-node=\"5,0,0\"><b data-path-to-node=\"5,0,0\" data-index-in-node=\"0\">Kraj pochodzenia:<\/b> W\u0142ochy \ud83c\uddee\ud83c\uddf9<\/p>\n<p data-path-to-node=\"5,1,0\"><b data-path-to-node=\"5,1,0\" data-index-in-node=\"0\">Zapach:<\/b> Ja\u015bmin i ambra (wieczorny, marzycielski ogr\u00f3d) \ud83c\udf19\u2728<\/p>\n<p data-path-to-node=\"5,2,0\"><b data-path-to-node=\"5,2,0\" data-index-in-node=\"0\">Technologia:<\/b> DreamScent\u2122 \u2013 wspomaga relaks i dobry sen.<\/p>\n<p data-path-to-node=\"5,3,0\"><b data-path-to-node=\"5,3,0\" data-index-in-node=\"0\">Wydajno\u015b\u0107:<\/b> Koncentrat na 45 pra\u0144 (zapach do 100 dni).<\/p>","protected":false},"featured_media":31370,"comment_status":"open","ping_status":"closed","template":"","meta":[],"product_brand":[241],"product_cat":[222,221],"product_tag":[],"class_list":{"0":"post-31381","1":"product","2":"type-product","3":"status-publish","4":"has-post-thumbnail","6":"product_brand-felce-azzurra","7":"product_cat-plyny-do-plukania-tkanin","8":"product_cat-pranie","10":"first","11":"instock","12":"shipping-taxable","13":"purchasable","14":"product-type-simple"},"_links":{"self":[{"href":"https:\/\/tofikolo.pl\/en\/wp-json\/wp\/v2\/product\/31381","targetHints":{"allow":["GET"]}}],"collection":[{"href":"https:\/\/tofikolo.pl\/en\/wp-json\/wp\/v2\/product"}],"about":[{"href":"https:\/\/tofikolo.pl\/en\/wp-json\/wp\/v2\/types\/product"}],"replies":[{"embeddable":true,"href":"https:\/\/tofikolo.pl\/en\/wp-json\/wp\/v2\/comments?post=31381"}],"version-history":[{"count":4,"href":"https:\/\/tofikolo.pl\/en\/wp-json\/wp\/v2\/product\/31381\/revisions"}],"predecessor-version":[{"id":31811,"href":"https:\/\/tofikolo.pl\/en\/wp-json\/wp\/v2\/product\/31381\/revisions\/31811"}],"wp:featuredmedia":[{"embeddable":true,"href":"https:\/\/tofikolo.pl\/en\/wp-json\/wp\/v2\/media\/31370"}],"wp:attachment":[{"href":"https:\/\/tofikolo.pl\/en\/wp-json\/wp\/v2\/media?parent=31381"}],"wp:term":[{"taxonomy":"product_brand","embeddable":true,"href":"https:\/\/tofikolo.pl\/en\/wp-json\/wp\/v2\/product_brand?post=31381"},{"taxonomy":"product_cat","embeddable":true,"href":"https:\/\/tofikolo.pl\/en\/wp-json\/wp\/v2\/product_cat?post=31381"},{"taxonomy":"product_tag","embeddable":true,"href":"https:\/\/tofikolo.pl\/en\/wp-json\/wp\/v2\/product_tag?post=31381"}],"curies":[{"name":"wp","href":"https:\/\/api.w.org\/{rel}","templated":true}]}}