{"id":31383,"date":"2026-03-23T16:39:29","date_gmt":"2026-03-23T15:39:29","guid":{"rendered":"https:\/\/tofikolo.pl\/?post_type=product&#038;p=31383"},"modified":"2026-03-28T11:06:44","modified_gmt":"2026-03-28T10:06:44","slug":"felce-azzurra-pure-freshness-czysta-swiezosc","status":"publish","type":"product","link":"https:\/\/tofikolo.pl\/en\/product\/felce-azzurra-pure-freshness-czysta-swiezosc\/","title":{"rendered":"Felce Azzurra Pure Freshness (Czysta \u015awie\u017co\u015b\u0107) &#8211; P\u0142yn do p\u0142ukania tkanin"},"content":{"rendered":"<p>Czysto\u015b\u0107, kt\u00f3r\u0105 nie tylko wida\u0107, ale i czu\u0107 ka\u017cdym zmys\u0142em. <b data-path-to-node=\"11\" data-index-in-node=\"72\">Pure Freshness<\/b> to kwintesencja rze\u015bkiego poranka w Toskanii. Ten w\u0142oski koncentrat \u0142\u0105czy w sobie elegancj\u0119 bia\u0142ych kwiat\u00f3w z energi\u0105 \u015bwie\u017co skoszonej trawy i zielonych li\u015bci. Zapach jest krystaliczny, lekki i niezwykle o\u017cywczy \u2013 daje efekt prania suszonego na prawdziwym, w\u0142oskim s\u0142o\u0144cu. Je\u015bli szukasz aromatu, kt\u00f3ry kojarzy si\u0119 z absolutn\u0105 \u015bwie\u017co\u015bci\u0105 i bia\u0142\u0105, nieskaziteln\u0105 koszul\u0105, ten b\u0142\u0119kitny p\u0142yn spe\u0142ni Twoje oczekiwania z nawi\u0105zk\u0105.<\/p>","protected":false},"excerpt":{"rendered":"<ul>\n<li>\n<p data-path-to-node=\"10,0,0\"><b data-path-to-node=\"10,0,0\" data-index-in-node=\"0\">Kraj pochodzenia:<\/b> W\u0142ochy \ud83c\uddee\ud83c\uddf9<\/p>\n<\/li>\n<li>\n<p data-path-to-node=\"10,1,0\"><b data-path-to-node=\"10,1,0\" data-index-in-node=\"0\">Zapach:<\/b> Bia\u0142a lilia i rze\u015bkie nuty zielone \ud83c\udf3f\ud83c\udf37<\/p>\n<\/li>\n<li>\n<p data-path-to-node=\"10,2,0\"><b data-path-to-node=\"10,2,0\" data-index-in-node=\"0\">Efekt:<\/b> Ubrania pachn\u0105ce s\u0142o\u0144cem i wiatrem.<\/p>\n<\/li>\n<li>\n<p data-path-to-node=\"10,3,0\"><b data-path-to-node=\"10,3,0\" data-index-in-node=\"0\">Wydajno\u015b\u0107:<\/b> 45 pra\u0144 z jednej butelki 900ml.<\/p>\n<\/li>\n<\/ul>","protected":false},"featured_media":31372,"comment_status":"open","ping_status":"closed","template":"","meta":[],"product_brand":[241],"product_cat":[222,221],"product_tag":[],"class_list":{"0":"post-31383","1":"product","2":"type-product","3":"status-publish","4":"has-post-thumbnail","6":"product_brand-felce-azzurra","7":"product_cat-plyny-do-plukania-tkanin","8":"product_cat-pranie","10":"first","11":"outofstock","12":"shipping-taxable","13":"purchasable","14":"product-type-simple"},"_links":{"self":[{"href":"https:\/\/tofikolo.pl\/en\/wp-json\/wp\/v2\/product\/31383","targetHints":{"allow":["GET"]}}],"collection":[{"href":"https:\/\/tofikolo.pl\/en\/wp-json\/wp\/v2\/product"}],"about":[{"href":"https:\/\/tofikolo.pl\/en\/wp-json\/wp\/v2\/types\/product"}],"replies":[{"embeddable":true,"href":"https:\/\/tofikolo.pl\/en\/wp-json\/wp\/v2\/comments?post=31383"}],"version-history":[{"count":3,"href":"https:\/\/tofikolo.pl\/en\/wp-json\/wp\/v2\/product\/31383\/revisions"}],"predecessor-version":[{"id":31813,"href":"https:\/\/tofikolo.pl\/en\/wp-json\/wp\/v2\/product\/31383\/revisions\/31813"}],"wp:featuredmedia":[{"embeddable":true,"href":"https:\/\/tofikolo.pl\/en\/wp-json\/wp\/v2\/media\/31372"}],"wp:attachment":[{"href":"https:\/\/tofikolo.pl\/en\/wp-json\/wp\/v2\/media?parent=31383"}],"wp:term":[{"taxonomy":"product_brand","embeddable":true,"href":"https:\/\/tofikolo.pl\/en\/wp-json\/wp\/v2\/product_brand?post=31383"},{"taxonomy":"product_cat","embeddable":true,"href":"https:\/\/tofikolo.pl\/en\/wp-json\/wp\/v2\/product_cat?post=31383"},{"taxonomy":"product_tag","embeddable":true,"href":"https:\/\/tofikolo.pl\/en\/wp-json\/wp\/v2\/product_tag?post=31383"}],"curies":[{"name":"wp","href":"https:\/\/api.w.org\/{rel}","templated":true}]}}