{"id":31385,"date":"2026-03-23T16:41:13","date_gmt":"2026-03-23T15:41:13","guid":{"rendered":"https:\/\/tofikolo.pl\/?post_type=product&#038;p=31385"},"modified":"2026-03-28T11:08:30","modified_gmt":"2026-03-28T10:08:30","slug":"felce-azzurra-original-klasyczny","status":"publish","type":"product","link":"https:\/\/tofikolo.pl\/en\/product\/felce-azzurra-original-klasyczny\/","title":{"rendered":"Felce Azzurra Original (Klasyczny) &#8211; P\u0142yn do p\u0142ukania tkanin"},"content":{"rendered":"<p>Oto zapach, kt\u00f3ry sta\u0142 si\u0119 legend\u0105. <b data-path-to-node=\"16\" data-index-in-node=\"48\">Felce Azzurra Original<\/b> to serce w\u0142oskiej marki Paglieri, kt\u00f3rej pilnie strze\u017cona receptura od pokole\u0144 zachwyca miliony rodzin. Sk\u0142ada si\u0119 z ponad stu naturalnych esencji z ca\u0142ego \u015bwiata, tworz\u0105c niepodrabialn\u0105, pudrowo-paprociow\u0105 nut\u0119. Ten p\u0142yn to synonim elegancji i tradycyjnej, domowej czysto\u015bci. Po u\u017cyciu tkaniny staj\u0105 si\u0119 aksamitnie mi\u0119kkie, a ich prasowanie to czysta przyjemno\u015b\u0107. Wybieraj\u0105c wersj\u0119 Original, stawiasz na klasyk\u0119, kt\u00f3ra nigdy nie wychodzi z mody.<\/p>","protected":false},"excerpt":{"rendered":"<p data-path-to-node=\"15,0,0\"><b data-path-to-node=\"15,0,0\" data-index-in-node=\"0\">Kraj pochodzenia:<\/b> W\u0142ochy \ud83c\uddee\ud83c\uddf9<\/p>\n<p data-path-to-node=\"15,1,0\"><b data-path-to-node=\"15,1,0\" data-index-in-node=\"0\">Zapach:<\/b> Kultowy, pudrowy aromat Felce Azzurra \ud83c\udfdb\ufe0f\ud83d\udc8e<\/p>\n<p data-path-to-node=\"15,2,0\"><b data-path-to-node=\"15,2,0\" data-index-in-node=\"0\">Unikalno\u015b\u0107:<\/b> Receptura z ponad 100 sk\u0142adnik\u00f3w naturalnych.<\/p>\n<p data-path-to-node=\"15,3,0\"><b data-path-to-node=\"15,3,0\" data-index-in-node=\"0\">Efekt:<\/b> Niesamowita mi\u0119kko\u015b\u0107 i zapach tradycji (45 pra\u0144).<\/p>","protected":false},"featured_media":31374,"comment_status":"open","ping_status":"closed","template":"","meta":[],"product_brand":[241],"product_cat":[222,221],"product_tag":[],"class_list":{"0":"post-31385","1":"product","2":"type-product","3":"status-publish","4":"has-post-thumbnail","6":"product_brand-felce-azzurra","7":"product_cat-plyny-do-plukania-tkanin","8":"product_cat-pranie","10":"first","11":"instock","12":"shipping-taxable","13":"purchasable","14":"product-type-simple"},"_links":{"self":[{"href":"https:\/\/tofikolo.pl\/en\/wp-json\/wp\/v2\/product\/31385","targetHints":{"allow":["GET"]}}],"collection":[{"href":"https:\/\/tofikolo.pl\/en\/wp-json\/wp\/v2\/product"}],"about":[{"href":"https:\/\/tofikolo.pl\/en\/wp-json\/wp\/v2\/types\/product"}],"replies":[{"embeddable":true,"href":"https:\/\/tofikolo.pl\/en\/wp-json\/wp\/v2\/comments?post=31385"}],"version-history":[{"count":3,"href":"https:\/\/tofikolo.pl\/en\/wp-json\/wp\/v2\/product\/31385\/revisions"}],"predecessor-version":[{"id":31815,"href":"https:\/\/tofikolo.pl\/en\/wp-json\/wp\/v2\/product\/31385\/revisions\/31815"}],"wp:featuredmedia":[{"embeddable":true,"href":"https:\/\/tofikolo.pl\/en\/wp-json\/wp\/v2\/media\/31374"}],"wp:attachment":[{"href":"https:\/\/tofikolo.pl\/en\/wp-json\/wp\/v2\/media?parent=31385"}],"wp:term":[{"taxonomy":"product_brand","embeddable":true,"href":"https:\/\/tofikolo.pl\/en\/wp-json\/wp\/v2\/product_brand?post=31385"},{"taxonomy":"product_cat","embeddable":true,"href":"https:\/\/tofikolo.pl\/en\/wp-json\/wp\/v2\/product_cat?post=31385"},{"taxonomy":"product_tag","embeddable":true,"href":"https:\/\/tofikolo.pl\/en\/wp-json\/wp\/v2\/product_tag?post=31385"}],"curies":[{"name":"wp","href":"https:\/\/api.w.org\/{rel}","templated":true}]}}