{"id":31387,"date":"2026-03-23T16:43:06","date_gmt":"2026-03-23T15:43:06","guid":{"rendered":"https:\/\/tofikolo.pl\/?post_type=product&#038;p=31387"},"modified":"2026-04-01T18:14:45","modified_gmt":"2026-04-01T16:14:45","slug":"felce-azzurra-black-orchid-czarna-orchidea","status":"publish","type":"product","link":"https:\/\/tofikolo.pl\/en\/product\/felce-azzurra-black-orchid-czarna-orchidea\/","title":{"rendered":"Felce Azzurra Black Orchid (Czarna Orchidea) &#8211; P\u0142yn do p\u0142ukania tkanin"},"content":{"rendered":"<p data-path-to-node=\"21\">Przenie\u015b szyk z mediola\u0144skich wybieg\u00f3w prosto do swojej garderoby. <b data-path-to-node=\"21\" data-index-in-node=\"79\">Felce Azzurra Black Orchid<\/b> to propozycja dla os\u00f3b, kt\u00f3re od p\u0142ynu do p\u0142ukania oczekuj\u0105 charakteru prawdziwych, niszowych perfum. Zapach czarnej orchidei jest uwodzicielski, tajemniczy i niezwykle trwa\u0142y, nadaj\u0105c ubraniom szlachetny, wieczorowy aromat. Skoncentrowana formu\u0142a nie tylko dba o pi\u0119kny zapach, ale r\u00f3wnie\u017c wyg\u0142adza w\u0142\u00f3kna tkanin, dzi\u0119ki czemu wygl\u0105daj\u0105 one jak nowe znacznie d\u0142u\u017cej. To luksus, na kt\u00f3ry zas\u0142uguj\u0105 Twoje ulubione ubrania.<\/p>","protected":false},"excerpt":{"rendered":"<p data-path-to-node=\"20,0,0\"><b data-path-to-node=\"20,0,0\" data-index-in-node=\"0\">Kraj pochodzenia:<\/b> W\u0142ochy \ud83c\uddee\ud83c\uddf9<\/p>\n<p data-path-to-node=\"20,1,0\"><b data-path-to-node=\"20,1,0\" data-index-in-node=\"0\">Zapach:<\/b> Zmys\u0142owa czarna orchidea i jedwab \ud83d\udda4\ud83c\udf3a<\/p>\n<p data-path-to-node=\"20,2,0\"><b data-path-to-node=\"20,2,0\" data-index-in-node=\"0\">Styl:<\/b> Intensywnie perfumowany, wyrafinowany i g\u0142\u0119boki.<\/p>\n<p data-path-to-node=\"20,3,0\"><b data-path-to-node=\"20,3,0\" data-index-in-node=\"0\">Zaleta:<\/b> U\u0142atwia prasowanie i chroni w\u0142\u00f3kna (45 pra\u0144).<\/p>","protected":false},"featured_media":31376,"comment_status":"open","ping_status":"closed","template":"","meta":[],"product_brand":[241],"product_cat":[222,221],"product_tag":[],"class_list":{"0":"post-31387","1":"product","2":"type-product","3":"status-publish","4":"has-post-thumbnail","6":"product_brand-felce-azzurra","7":"product_cat-plyny-do-plukania-tkanin","8":"product_cat-pranie","10":"first","11":"outofstock","12":"shipping-taxable","13":"purchasable","14":"product-type-simple"},"_links":{"self":[{"href":"https:\/\/tofikolo.pl\/en\/wp-json\/wp\/v2\/product\/31387","targetHints":{"allow":["GET"]}}],"collection":[{"href":"https:\/\/tofikolo.pl\/en\/wp-json\/wp\/v2\/product"}],"about":[{"href":"https:\/\/tofikolo.pl\/en\/wp-json\/wp\/v2\/types\/product"}],"replies":[{"embeddable":true,"href":"https:\/\/tofikolo.pl\/en\/wp-json\/wp\/v2\/comments?post=31387"}],"version-history":[{"count":3,"href":"https:\/\/tofikolo.pl\/en\/wp-json\/wp\/v2\/product\/31387\/revisions"}],"predecessor-version":[{"id":31816,"href":"https:\/\/tofikolo.pl\/en\/wp-json\/wp\/v2\/product\/31387\/revisions\/31816"}],"wp:featuredmedia":[{"embeddable":true,"href":"https:\/\/tofikolo.pl\/en\/wp-json\/wp\/v2\/media\/31376"}],"wp:attachment":[{"href":"https:\/\/tofikolo.pl\/en\/wp-json\/wp\/v2\/media?parent=31387"}],"wp:term":[{"taxonomy":"product_brand","embeddable":true,"href":"https:\/\/tofikolo.pl\/en\/wp-json\/wp\/v2\/product_brand?post=31387"},{"taxonomy":"product_cat","embeddable":true,"href":"https:\/\/tofikolo.pl\/en\/wp-json\/wp\/v2\/product_cat?post=31387"},{"taxonomy":"product_tag","embeddable":true,"href":"https:\/\/tofikolo.pl\/en\/wp-json\/wp\/v2\/product_tag?post=31387"}],"curies":[{"name":"wp","href":"https:\/\/api.w.org\/{rel}","templated":true}]}}