{"id":31389,"date":"2026-03-23T16:44:35","date_gmt":"2026-03-23T15:44:35","guid":{"rendered":"https:\/\/tofikolo.pl\/?post_type=product&#038;p=31389"},"modified":"2026-04-01T18:13:09","modified_gmt":"2026-04-01T16:13:09","slug":"felce-azzurra-argan-and-vanilla-argan-i-wanilia","status":"publish","type":"product","link":"https:\/\/tofikolo.pl\/en\/product\/felce-azzurra-argan-and-vanilla-argan-i-wanilia\/","title":{"rendered":"Felce Azzurra Argan and Vanilla (Argan i Wanilia) &#8211; P\u0142yn do p\u0142ukania tkanin"},"content":{"rendered":"<p>Zafunduj swoim ubraniom odrobin\u0119 egzotycznej czu\u0142o\u015bci. Po\u0142\u0105czenie szlachetnego olejku arganowego ze s\u0142odk\u0105, kremow\u0105 nut\u0105 wanilii tworzy kompozycj\u0119 ciep\u0142\u0105, przytuln\u0105 i niesamowicie relaksuj\u0105c\u0105. <b data-path-to-node=\"26\" data-index-in-node=\"205\">Felce Azzurra Argan and Vanilla<\/b> to idealny wyb\u00f3r na ch\u0142odniejsze dni, kiedy chcesz, aby Twoje swetry i koce otula\u0142y Ci\u0119 mi\u0119kko\u015bci\u0105 i s\u0142odkim aromatem. P\u0142yn sprawia, \u017ce tkaniny staj\u0105 si\u0119 aksamitne w dotyku, a zapach wanilii utrzymuje si\u0119 na nich przez wiele tygodni, daj\u0105c poczucie luksusu i domowego ciep\u0142a przy ka\u017cdym ruchu.<\/p>","protected":false},"excerpt":{"rendered":"<p data-path-to-node=\"25,0,0\"><b data-path-to-node=\"25,0,0\" data-index-in-node=\"0\">Kraj pochodzenia:<\/b> W\u0142ochy \ud83c\uddee\ud83c\uddf9<\/p>\n<p data-path-to-node=\"25,1,0\"><b data-path-to-node=\"25,1,0\" data-index-in-node=\"0\">Zapach:<\/b> Ciep\u0142a wanilia i drogocenny olejek arganowy \ud83e\udd65\ud83c\udf66<\/p>\n<p data-path-to-node=\"25,2,0\"><b data-path-to-node=\"25,2,0\" data-index-in-node=\"0\">Typ zapachu:<\/b> Gourmand (s\u0142odki, otulaj\u0105cy).<\/p>\n<p data-path-to-node=\"25,3,0\"><b data-path-to-node=\"25,3,0\" data-index-in-node=\"0\">Efekt:<\/b> Maksymalne zmi\u0119kczenie i przytulno\u015b\u0107 (45 pra\u0144).<\/p>","protected":false},"featured_media":31378,"comment_status":"open","ping_status":"closed","template":"","meta":[],"product_brand":[241],"product_cat":[222,221],"product_tag":[],"class_list":{"0":"post-31389","1":"product","2":"type-product","3":"status-publish","4":"has-post-thumbnail","6":"product_brand-felce-azzurra","7":"product_cat-plyny-do-plukania-tkanin","8":"product_cat-pranie","10":"first","11":"instock","12":"shipping-taxable","13":"purchasable","14":"product-type-simple"},"_links":{"self":[{"href":"https:\/\/tofikolo.pl\/en\/wp-json\/wp\/v2\/product\/31389","targetHints":{"allow":["GET"]}}],"collection":[{"href":"https:\/\/tofikolo.pl\/en\/wp-json\/wp\/v2\/product"}],"about":[{"href":"https:\/\/tofikolo.pl\/en\/wp-json\/wp\/v2\/types\/product"}],"replies":[{"embeddable":true,"href":"https:\/\/tofikolo.pl\/en\/wp-json\/wp\/v2\/comments?post=31389"}],"version-history":[{"count":5,"href":"https:\/\/tofikolo.pl\/en\/wp-json\/wp\/v2\/product\/31389\/revisions"}],"predecessor-version":[{"id":31818,"href":"https:\/\/tofikolo.pl\/en\/wp-json\/wp\/v2\/product\/31389\/revisions\/31818"}],"wp:featuredmedia":[{"embeddable":true,"href":"https:\/\/tofikolo.pl\/en\/wp-json\/wp\/v2\/media\/31378"}],"wp:attachment":[{"href":"https:\/\/tofikolo.pl\/en\/wp-json\/wp\/v2\/media?parent=31389"}],"wp:term":[{"taxonomy":"product_brand","embeddable":true,"href":"https:\/\/tofikolo.pl\/en\/wp-json\/wp\/v2\/product_brand?post=31389"},{"taxonomy":"product_cat","embeddable":true,"href":"https:\/\/tofikolo.pl\/en\/wp-json\/wp\/v2\/product_cat?post=31389"},{"taxonomy":"product_tag","embeddable":true,"href":"https:\/\/tofikolo.pl\/en\/wp-json\/wp\/v2\/product_tag?post=31389"}],"curies":[{"name":"wp","href":"https:\/\/api.w.org\/{rel}","templated":true}]}}