{"id":31404,"date":"2026-03-23T17:50:00","date_gmt":"2026-03-23T16:50:00","guid":{"rendered":"https:\/\/tofikolo.pl\/?post_type=product&#038;p=31404"},"modified":"2026-03-27T14:28:20","modified_gmt":"2026-03-27T13:28:20","slug":"gut-gunstig-fenstertuch-sciereczka-do-szyb","status":"publish","type":"product","link":"https:\/\/tofikolo.pl\/en\/product\/gut-gunstig-fenstertuch-sciereczka-do-szyb\/","title":{"rendered":"Gut &#038; G\u00fcnstig \u2013 Fenstertuch &#8211; \u015aciereczka do szyb"},"content":{"rendered":"<p>Sekret idealnie czystych okien niemieckich gospody\u0144 domowych tkwi w odpowiedniej \u015bciereczce. <b data-path-to-node=\"32\" data-index-in-node=\"105\">Fenstertuch<\/b> od marki <b data-path-to-node=\"32\" data-index-in-node=\"126\">Gut &amp; G\u00fcnstig<\/b> to produkt, kt\u00f3ry swoj\u0105 specjaln\u0105 struktur\u0105 przypomina naturaln\u0105 sk\u00f3r\u0119 (irch\u0119). Jest niezwykle ch\u0142onna i niesamowicie wytrzyma\u0142a. Idealnie sprawdza si\u0119 nie tylko w domu przy polerowaniu luster czy kabin prysznicowych, ale r\u00f3wnie\u017c w samochodzie \u2013 do szyb i element\u00f3w chromowanych. Zapomnij o frustruj\u0105cych py\u0142kach i smugach \u2013 ta \u015bciereczka to najwy\u017cszy standard czysto\u015bci prosto z Niemiec.<\/p>","protected":false},"excerpt":{"rendered":"<p data-path-to-node=\"31,0,0\"><b data-path-to-node=\"31,0,0\" data-index-in-node=\"0\">Kraj pochodzenia:<\/b> Niemcy \ud83c\udde9\ud83c\uddea<\/p>\n<p data-path-to-node=\"31,1,0\"><b data-path-to-node=\"31,1,0\" data-index-in-node=\"0\">Zastosowanie:<\/b> Szyby, lustra, chrom, kafelki.<\/p>\n<p data-path-to-node=\"31,2,0\"><b data-path-to-node=\"31,2,0\" data-index-in-node=\"0\">Materia\u0142:<\/b> Wytrzyma\u0142a struktura \u201eirchy\u201d.<\/p>\n<p data-path-to-node=\"31,3,0\"><b data-path-to-node=\"31,3,0\" data-index-in-node=\"0\">Zaleta:<\/b> Nie zostawia py\u0142k\u00f3w i smug.<\/p>","protected":false},"featured_media":31399,"comment_status":"open","ping_status":"closed","template":"","meta":[],"product_brand":[],"product_cat":[218],"product_tag":[],"class_list":{"0":"post-31404","1":"product","2":"type-product","3":"status-publish","4":"has-post-thumbnail","6":"product_cat-bez-kategorii","8":"first","9":"instock","10":"shipping-taxable","11":"purchasable","12":"product-type-simple"},"_links":{"self":[{"href":"https:\/\/tofikolo.pl\/en\/wp-json\/wp\/v2\/product\/31404","targetHints":{"allow":["GET"]}}],"collection":[{"href":"https:\/\/tofikolo.pl\/en\/wp-json\/wp\/v2\/product"}],"about":[{"href":"https:\/\/tofikolo.pl\/en\/wp-json\/wp\/v2\/types\/product"}],"replies":[{"embeddable":true,"href":"https:\/\/tofikolo.pl\/en\/wp-json\/wp\/v2\/comments?post=31404"}],"version-history":[{"count":4,"href":"https:\/\/tofikolo.pl\/en\/wp-json\/wp\/v2\/product\/31404\/revisions"}],"predecessor-version":[{"id":31776,"href":"https:\/\/tofikolo.pl\/en\/wp-json\/wp\/v2\/product\/31404\/revisions\/31776"}],"wp:featuredmedia":[{"embeddable":true,"href":"https:\/\/tofikolo.pl\/en\/wp-json\/wp\/v2\/media\/31399"}],"wp:attachment":[{"href":"https:\/\/tofikolo.pl\/en\/wp-json\/wp\/v2\/media?parent=31404"}],"wp:term":[{"taxonomy":"product_brand","embeddable":true,"href":"https:\/\/tofikolo.pl\/en\/wp-json\/wp\/v2\/product_brand?post=31404"},{"taxonomy":"product_cat","embeddable":true,"href":"https:\/\/tofikolo.pl\/en\/wp-json\/wp\/v2\/product_cat?post=31404"},{"taxonomy":"product_tag","embeddable":true,"href":"https:\/\/tofikolo.pl\/en\/wp-json\/wp\/v2\/product_tag?post=31404"}],"curies":[{"name":"wp","href":"https:\/\/api.w.org\/{rel}","templated":true}]}}