{"id":31691,"date":"2026-03-26T15:57:16","date_gmt":"2026-03-26T14:57:16","guid":{"rendered":"https:\/\/tofikolo.pl\/?post_type=product&#038;p=31691"},"modified":"2026-04-01T18:11:08","modified_gmt":"2026-04-01T16:11:08","slug":"gut-gunstig-maschinen-pfleger-srodek-do-czyszczenia-zmywarki","status":"publish","type":"product","link":"https:\/\/tofikolo.pl\/en\/product\/gut-gunstig-maschinen-pfleger-srodek-do-czyszczenia-zmywarki\/","title":{"rendered":"Gut &#038; G\u00fcnstig Maschinen Pfleger \u2013 \u015arodek do Czyszczenia Zmywarki"},"content":{"rendered":"<p>Aby Twoja zmywarka pracowa\u0142a bezawaryjnie przez lata, potrzebuje profesjonalnej piel\u0119gnacji prosto z Niemiec. <b data-path-to-node=\"36\" data-index-in-node=\"122\">Gut &amp; G\u00fcnstig Maschinen Pfleger<\/b> to specjalistyczny p\u0142yn, kt\u00f3ry dociera tam, gdzie Ty nie si\u0119gasz: do filtr\u00f3w, ramion natryskowych oraz wewn\u0119trznych rur. Regularne stosowanie (zalecane raz na 1-2 miesi\u0105ce) skutecznie eliminuje osady z t\u0142uszczu i kamienia, kt\u00f3re s\u0105 g\u0142\u00f3wn\u0105 przyczyn\u0105 awarii i nieprzyjemnych zapach\u00f3w. Produkt dzia\u0142a podczas pustego cyklu, przywracaj\u0105c Twojej zmywarce fabryczn\u0105 czysto\u015b\u0107 i \u015bwie\u017cy, cytrynowy aromat.<\/p>","protected":false},"excerpt":{"rendered":"<p data-path-to-node=\"35,0,0\"><b data-path-to-node=\"35,0,0\" data-index-in-node=\"0\">Kraj pochodzenia:<\/b> Niemcy \ud83c\udde9\ud83c\uddea<\/p>\n<p data-path-to-node=\"35,1,0\"><b data-path-to-node=\"35,1,0\" data-index-in-node=\"0\">Zapach:<\/b> Od\u015bwie\u017caj\u0105ca cytryna \ud83c\udf4b<\/p>\n<p data-path-to-node=\"35,2,0\"><b data-path-to-node=\"35,2,0\" data-index-in-node=\"0\">Zastosowanie:<\/b> Usuwa t\u0142uszcz i kamie\u0144 z filtr\u00f3w i rur.<\/p>\n<p data-path-to-node=\"35,3,0\"><b data-path-to-node=\"35,3,0\" data-index-in-node=\"0\">Cechy:<\/b> Wyd\u0142u\u017ca \u017cywotno\u015b\u0107 urz\u0105dzenia, zapewnia higien\u0119.<\/p>","protected":false},"featured_media":31087,"comment_status":"open","ping_status":"closed","template":"","meta":[],"product_brand":[],"product_cat":[231],"product_tag":[],"class_list":{"0":"post-31691","1":"product","2":"type-product","3":"status-publish","4":"has-post-thumbnail","6":"product_cat-zmywanie","8":"first","9":"instock","10":"shipping-taxable","11":"purchasable","12":"product-type-simple"},"_links":{"self":[{"href":"https:\/\/tofikolo.pl\/en\/wp-json\/wp\/v2\/product\/31691","targetHints":{"allow":["GET"]}}],"collection":[{"href":"https:\/\/tofikolo.pl\/en\/wp-json\/wp\/v2\/product"}],"about":[{"href":"https:\/\/tofikolo.pl\/en\/wp-json\/wp\/v2\/types\/product"}],"replies":[{"embeddable":true,"href":"https:\/\/tofikolo.pl\/en\/wp-json\/wp\/v2\/comments?post=31691"}],"version-history":[{"count":1,"href":"https:\/\/tofikolo.pl\/en\/wp-json\/wp\/v2\/product\/31691\/revisions"}],"predecessor-version":[{"id":31692,"href":"https:\/\/tofikolo.pl\/en\/wp-json\/wp\/v2\/product\/31691\/revisions\/31692"}],"wp:featuredmedia":[{"embeddable":true,"href":"https:\/\/tofikolo.pl\/en\/wp-json\/wp\/v2\/media\/31087"}],"wp:attachment":[{"href":"https:\/\/tofikolo.pl\/en\/wp-json\/wp\/v2\/media?parent=31691"}],"wp:term":[{"taxonomy":"product_brand","embeddable":true,"href":"https:\/\/tofikolo.pl\/en\/wp-json\/wp\/v2\/product_brand?post=31691"},{"taxonomy":"product_cat","embeddable":true,"href":"https:\/\/tofikolo.pl\/en\/wp-json\/wp\/v2\/product_cat?post=31691"},{"taxonomy":"product_tag","embeddable":true,"href":"https:\/\/tofikolo.pl\/en\/wp-json\/wp\/v2\/product_tag?post=31691"}],"curies":[{"name":"wp","href":"https:\/\/api.w.org\/{rel}","templated":true}]}}