{"id":31693,"date":"2026-03-26T16:01:27","date_gmt":"2026-03-26T15:01:27","guid":{"rendered":"https:\/\/tofikolo.pl\/?post_type=product&#038;p=31693"},"modified":"2026-04-01T18:10:30","modified_gmt":"2026-04-01T16:10:30","slug":"dual-power-sale-puro-sol-do-zmywarki","status":"publish","type":"product","link":"https:\/\/tofikolo.pl\/en\/product\/dual-power-sale-puro-sol-do-zmywarki\/","title":{"rendered":"Dual Power Sale Puro \u2013 S\u00f3l do Zmywarki"},"content":{"rendered":"<p><b data-path-to-node=\"41\" data-index-in-node=\"12\">Dual Power Sale Puro<\/b> to profesjonalna, gruboziarnista s\u00f3l do zmywarek z W\u0142och, stworzona w trosce o d\u0142ugowieczno\u015b\u0107 Twojego urz\u0105dzenia. Nazwa &#8222;Sale Puro&#8221; oznacza najwy\u017csz\u0105 czysto\u015b\u0107 soli, kt\u00f3ra jest kluczowa dla skutecznego zmi\u0119kczania twardej wody. Dzi\u0119ki niej naczynia s\u0105 chronione przed matowieniem i osadem, a grza\u0142ki zmywarki przed niszcz\u0105cym dzia\u0142aniem kamienia. Produkt nale\u017cy do proekologicznej linii <b data-path-to-node=\"41\" data-index-in-node=\"419\">Greenlife<\/b>, co gwarantuje ca\u0142kowity brak mikroplastiku w sk\u0142adzie. Wybieraj\u0105c w\u0142osk\u0105 s\u00f3l Dual Power, dbasz nie tylko o sw\u00f3j sprz\u0119t, ale r\u00f3wnie\u017c o \u015brodowisko naturalne.<\/p>","protected":false},"excerpt":{"rendered":"<p data-path-to-node=\"40,0,0\"><b data-path-to-node=\"40,0,0\" data-index-in-node=\"0\">Kraj pochodzenia:<\/b> W\u0142ochy \ud83c\uddee\ud83c\uddf9<\/p>\n<p data-path-to-node=\"40,1,0\"><b data-path-to-node=\"40,1,0\" data-index-in-node=\"0\">Zapach:<\/b> Bezzapachowa (Naturalna czysto\u015b\u0107) \ud83c\udf3f<\/p>\n<p data-path-to-node=\"40,2,0\"><b data-path-to-node=\"40,2,0\" data-index-in-node=\"0\">Efekt:<\/b> Zmi\u0119kczanie wody i ochrona grza\u0142ek.<\/p>\n<p data-path-to-node=\"40,3,0\"><b data-path-to-node=\"40,3,0\" data-index-in-node=\"0\">Eko:<\/b> Linia Greenlife \u2013 bez mikroplastiku.<\/p>","protected":false},"featured_media":31089,"comment_status":"open","ping_status":"closed","template":"","meta":[],"product_brand":[],"product_cat":[231],"product_tag":[],"class_list":{"0":"post-31693","1":"product","2":"type-product","3":"status-publish","4":"has-post-thumbnail","6":"product_cat-zmywanie","8":"first","9":"instock","10":"shipping-taxable","11":"purchasable","12":"product-type-simple"},"_links":{"self":[{"href":"https:\/\/tofikolo.pl\/en\/wp-json\/wp\/v2\/product\/31693","targetHints":{"allow":["GET"]}}],"collection":[{"href":"https:\/\/tofikolo.pl\/en\/wp-json\/wp\/v2\/product"}],"about":[{"href":"https:\/\/tofikolo.pl\/en\/wp-json\/wp\/v2\/types\/product"}],"replies":[{"embeddable":true,"href":"https:\/\/tofikolo.pl\/en\/wp-json\/wp\/v2\/comments?post=31693"}],"version-history":[{"count":1,"href":"https:\/\/tofikolo.pl\/en\/wp-json\/wp\/v2\/product\/31693\/revisions"}],"predecessor-version":[{"id":31694,"href":"https:\/\/tofikolo.pl\/en\/wp-json\/wp\/v2\/product\/31693\/revisions\/31694"}],"wp:featuredmedia":[{"embeddable":true,"href":"https:\/\/tofikolo.pl\/en\/wp-json\/wp\/v2\/media\/31089"}],"wp:attachment":[{"href":"https:\/\/tofikolo.pl\/en\/wp-json\/wp\/v2\/media?parent=31693"}],"wp:term":[{"taxonomy":"product_brand","embeddable":true,"href":"https:\/\/tofikolo.pl\/en\/wp-json\/wp\/v2\/product_brand?post=31693"},{"taxonomy":"product_cat","embeddable":true,"href":"https:\/\/tofikolo.pl\/en\/wp-json\/wp\/v2\/product_cat?post=31693"},{"taxonomy":"product_tag","embeddable":true,"href":"https:\/\/tofikolo.pl\/en\/wp-json\/wp\/v2\/product_tag?post=31693"}],"curies":[{"name":"wp","href":"https:\/\/api.w.org\/{rel}","templated":true}]}}